{"id":111940,"date":"2025-11-30T21:39:49","date_gmt":"2025-11-30T20:39:49","guid":{"rendered":"https:\/\/nimedixmedical.com\/notre-catalogue\/kit-irrigation-auriculaire-otoclear-bouteille-500-ml\/"},"modified":"2026-01-12T15:36:30","modified_gmt":"2026-01-12T14:36:30","slug":"kit-irrigation-auriculaire-otoclear-bouteille-500-ml","status":"publish","type":"product","link":"https:\/\/nimedixmedical.com\/fr\/notre-catalogue\/kit-irrigation-auriculaire-otoclear-bouteille-500-ml\/","title":{"rendered":"Kit Irrigation Auriculaire Otoclear &#8211; Bouteille 500 mL"},"content":{"rendered":"<p>Le kit d&#8217;irrigation auriculaire OTOCLEAR est con\u00e7u pour assurer un lavage auriculaire en toute s\u00e9curit\u00e9 et efficacit\u00e9. Id\u00e9al pour les professionnels de sant\u00e9, il am\u00e9liore le confort des patients gr\u00e2ce \u00e0 sa conception ergonomique.<\/p>\n<h2>Caract\u00e9ristiques<\/h2>\n<ul>\n<li>Spray de lavage OTOCLEAR de 500 ml<\/li>\n<li>Lavage manuel et intermittent pour un contr\u00f4le optimal<\/li>\n<li>Volume sup\u00e9rieur aux dispositifs manuels traditionnels<\/li>\n<li>Forme ergonomique permettant une utilisation \u00e0 deux mains<\/li>\n<li>Inclus : 20 embouts OTOCLEAR et 1 cuvette pour oreille<\/li>\n<li>Thermom\u00e8tre int\u00e9gr\u00e9 pour ajuster la temp\u00e9rature de l&#8217;eau<\/li>\n<li>Fabriqu\u00e9 aux \u00c9tats-Unis<\/li>\n<\/ul>\n<h2>Livraison<\/h2>\n<ul>\n<li><strong>France :<\/strong> Livraison directe.<\/li>\n<li><strong>Export (Europe et Afrique) :<\/strong> Sur devis.<\/li>\n<\/ul>\n","protected":false},"excerpt":{"rendered":"<ul>\n<li>Kit d&#8217;irrigation auriculaire pour un lavage efficace et ais\u00e9<\/li>\n<li>Volume sup\u00e9rieur par rapport aux seringues pour un nettoyage optimal<\/li>\n<li>Conception ergonomique pour un meilleur confort du patient<\/li>\n<li>Inclus : 20 embouts et une cuvette pour une utilisation compl\u00e8te<\/li>\n<\/ul>\n","protected":false},"featured_media":111941,"comment_status":"open","ping_status":"open","template":"","meta":{"inline_featured_image":false},"product_brand":[],"product_cat":[1201,1206],"product_tag":[],"class_list":{"0":"post-111940","1":"product","2":"type-product","3":"status-publish","4":"has-post-thumbnail","6":"product_cat-instruments-chirurgicaux","7":"product_cat-seringues-auriculaires-lavage-auriculaire","9":"first","10":"instock","11":"sale","12":"taxable","13":"shipping-taxable","14":"purchasable","15":"product-type-simple"},"_links":{"self":[{"href":"https:\/\/nimedixmedical.com\/fr\/wp-json\/wp\/v2\/product\/111940","targetHints":{"allow":["GET"]}}],"collection":[{"href":"https:\/\/nimedixmedical.com\/fr\/wp-json\/wp\/v2\/product"}],"about":[{"href":"https:\/\/nimedixmedical.com\/fr\/wp-json\/wp\/v2\/types\/product"}],"replies":[{"embeddable":true,"href":"https:\/\/nimedixmedical.com\/fr\/wp-json\/wp\/v2\/comments?post=111940"}],"wp:featuredmedia":[{"embeddable":true,"href":"https:\/\/nimedixmedical.com\/fr\/wp-json\/wp\/v2\/media\/111941"}],"wp:attachment":[{"href":"https:\/\/nimedixmedical.com\/fr\/wp-json\/wp\/v2\/media?parent=111940"}],"wp:term":[{"taxonomy":"product_brand","embeddable":true,"href":"https:\/\/nimedixmedical.com\/fr\/wp-json\/wp\/v2\/product_brand?post=111940"},{"taxonomy":"product_cat","embeddable":true,"href":"https:\/\/nimedixmedical.com\/fr\/wp-json\/wp\/v2\/product_cat?post=111940"},{"taxonomy":"product_tag","embeddable":true,"href":"https:\/\/nimedixmedical.com\/fr\/wp-json\/wp\/v2\/product_tag?post=111940"}],"curies":[{"name":"wp","href":"https:\/\/api.w.org\/{rel}","templated":true}]}}