{"id":111919,"date":"2025-11-30T21:39:49","date_gmt":"2025-11-30T20:39:49","guid":{"rendered":"https:\/\/nimedixmedical.com\/notre-catalogue\/catheter-iv-b-braun-introcan-safety-3-pur-20g-32mm-sterile\/"},"modified":"2026-01-12T15:36:26","modified_gmt":"2026-01-12T14:36:26","slug":"catheter-iv-b-braun-introcan-safety-3-pur-20g-32mm-sterile","status":"publish","type":"product","link":"https:\/\/nimedixmedical.com\/fr\/notre-catalogue\/catheter-iv-b-braun-introcan-safety-3-pur-20g-32mm-sterile\/","title":{"rendered":"Cath\u00e9ter Iv B Braun Introcan Safety 3 Pur 20g 32mm &#8211; St\u00e9rile"},"content":{"rendered":"<p>Le cath\u00e9ter IV B Braun Introcan Safety 3 PUR 20G 32mm est con\u00e7u pour une perfusion intraveineuse s\u00fbre et efficace. Sa conception innovante favorise un acc\u00e8s ais\u00e9 aux veines tout en minimisant les risques de complications. Chaque cath\u00e9ter est st\u00e9rile et fait de mat\u00e9riaux de haute qualit\u00e9, garantissant une utilisation optimale.<\/p>\n<h2>Caract\u00e9ristiques<\/h2>\n<ul>\n<li>Code B. Braun: 4251130-01<\/li>\n<li>Calibre : 20 G (1,1 x 32 mm)<\/li>\n<li>Couleur : Rose<\/li>\n<li>Mat\u00e9riau : PUR, sans latex, PVC, DEHP<\/li>\n<li>Biseau de coupe universel pour un acc\u00e8s facilit\u00e9 aux veines difficiles<\/li>\n<li>Plateforme de stabilisation int\u00e9gr\u00e9e pour r\u00e9duire le mouvement du cath\u00e9ter<\/li>\n<li>Multi-Access Septum pour contr\u00f4ler le d\u00e9bit sanguin<\/li>\n<li>Instructions multilingues incluses<\/li>\n<\/ul>\n<h2>Livraison<\/h2>\n<ul>\n<li><strong>France :<\/strong> Livraison directe.<\/li>\n<li><strong>Export (Europe et Afrique) :<\/strong> Sur devis.<\/li>\n<\/ul>\n","protected":false},"excerpt":{"rendered":"<ul>\n<li>Usage : Cath\u00e9ter IV st\u00e9rile pour perfusion intraveineuse.<\/li>\n<li>B\u00e9n\u00e9fice : Mat\u00e9riau PUR flexible r\u00e9duit le risque de phl\u00e9bite et am\u00e9liore le temps de permanence.<\/li>\n<li>Technologie Double Flashback : Assure une insertion r\u00e9ussie d\u00e8s la premi\u00e8re piq\u00fbre.<\/li>\n<li>S\u00e9curit\u00e9 : Dispositif de s\u00e9curit\u00e9 automatique prot\u00e8ge les op\u00e9rateurs.<\/li>\n<\/ul>\n","protected":false},"featured_media":111920,"comment_status":"open","ping_status":"open","template":"","meta":{"inline_featured_image":false},"product_brand":[],"product_cat":[1201,1205],"product_tag":[],"class_list":{"0":"post-111919","1":"product","2":"type-product","3":"status-publish","4":"has-post-thumbnail","6":"product_cat-instruments-chirurgicaux","7":"product_cat-seringues-et-aiguilles","9":"first","10":"instock","11":"sale","12":"taxable","13":"shipping-taxable","14":"purchasable","15":"product-type-simple"},"_links":{"self":[{"href":"https:\/\/nimedixmedical.com\/fr\/wp-json\/wp\/v2\/product\/111919","targetHints":{"allow":["GET"]}}],"collection":[{"href":"https:\/\/nimedixmedical.com\/fr\/wp-json\/wp\/v2\/product"}],"about":[{"href":"https:\/\/nimedixmedical.com\/fr\/wp-json\/wp\/v2\/types\/product"}],"replies":[{"embeddable":true,"href":"https:\/\/nimedixmedical.com\/fr\/wp-json\/wp\/v2\/comments?post=111919"}],"wp:featuredmedia":[{"embeddable":true,"href":"https:\/\/nimedixmedical.com\/fr\/wp-json\/wp\/v2\/media\/111920"}],"wp:attachment":[{"href":"https:\/\/nimedixmedical.com\/fr\/wp-json\/wp\/v2\/media?parent=111919"}],"wp:term":[{"taxonomy":"product_brand","embeddable":true,"href":"https:\/\/nimedixmedical.com\/fr\/wp-json\/wp\/v2\/product_brand?post=111919"},{"taxonomy":"product_cat","embeddable":true,"href":"https:\/\/nimedixmedical.com\/fr\/wp-json\/wp\/v2\/product_cat?post=111919"},{"taxonomy":"product_tag","embeddable":true,"href":"https:\/\/nimedixmedical.com\/fr\/wp-json\/wp\/v2\/product_tag?post=111919"}],"curies":[{"name":"wp","href":"https:\/\/api.w.org\/{rel}","templated":true}]}}