{"id":111748,"date":"2025-11-30T21:37:05","date_gmt":"2025-11-30T20:37:05","guid":{"rendered":"https:\/\/nimedixmedical.com\/notre-catalogue\/catheters-i-v-terumo-surshield-versatus-wp-18g-13x45-mm-srds1845pd-vert-steriles\/"},"modified":"2026-01-12T15:35:46","modified_gmt":"2026-01-12T14:35:46","slug":"catheters-i-v-terumo-surshield-versatus-wp-18g-13x45-mm-srds1845pd-vert-steriles","status":"publish","type":"product","link":"https:\/\/nimedixmedical.com\/fr\/notre-catalogue\/catheters-i-v-terumo-surshield-versatus-wp-18g-13x45-mm-srds1845pd-vert-steriles\/","title":{"rendered":"Cath\u00e9ters I.v. Terumo Surshield Versatus-wp 18g &#8211; 1,3&#215;45 mm &#8211; Sr+ds1845pd &#8211; Vert &#8211; St\u00e9riles"},"content":{"rendered":"<p>Les cath\u00e9ters I.V. Surshield\u2122 Versatus de Terumo\u00ae sont con\u00e7us pour garantir la s\u00e9curit\u00e9 des professionnels de sant\u00e9 lors de l&#8217;administration intraveineuse. Gr\u00e2ce \u00e0 leur syst\u00e8me de protection, ils minimisent les risques de contamination et d&#8217;accidents li\u00e9s aux aiguilles.<\/p>\n<h2>Caract\u00e9ristiques<\/h2>\n<ul>\n<li>Marque : Terumo\u00ae<\/li>\n<li>Code produit : SR+DS1845PD<\/li>\n<li>Taille : 18G &#8211; 1,3 x 45 mm<\/li>\n<li>Couleur : Vert<\/li>\n<li>Conditionnement : Bo\u00eete de 50 pi\u00e8ces<\/li>\n<li>Classe du dispositif : Classe IIa<\/li>\n<\/ul>\n<h2>Livraison<\/h2>\n<ul>\n<li><strong>France :<\/strong> Livraison directe.<\/li>\n<li><strong>Export (Europe et Afrique) :<\/strong> Sur devis.<\/li>\n<\/ul>\n","protected":false},"excerpt":{"rendered":"<ul>\n<li>Usage : Cath\u00e9ters I.V. st\u00e9riles pour l&#8217;administration intraveineuse de m\u00e9dicaments.<\/li>\n<li>B\u00e9n\u00e9fice : Syst\u00e8me de protection d&#8217;aiguille pour pr\u00e9venir les contaminations et les accidents.<\/li>\n<li>Confort : Pointe sp\u00e9ciale pour une ponction veineuse douce et moins douloureuse.<\/li>\n<li>Conformit\u00e9 : Dispositif m\u00e9dical de Classe IIa, r\u00e9pondant aux normes de s\u00e9curit\u00e9.<\/li>\n<\/ul>\n","protected":false},"featured_media":111749,"comment_status":"open","ping_status":"open","template":"","meta":{"inline_featured_image":false},"product_brand":[],"product_cat":[1201,1202],"product_tag":[],"class_list":{"0":"post-111748","1":"product","2":"type-product","3":"status-publish","4":"has-post-thumbnail","6":"product_cat-instruments-chirurgicaux","7":"product_cat-terumo-seringues-et-aiguilles","9":"first","10":"instock","11":"sale","12":"taxable","13":"shipping-taxable","14":"purchasable","15":"product-type-simple"},"_links":{"self":[{"href":"https:\/\/nimedixmedical.com\/fr\/wp-json\/wp\/v2\/product\/111748","targetHints":{"allow":["GET"]}}],"collection":[{"href":"https:\/\/nimedixmedical.com\/fr\/wp-json\/wp\/v2\/product"}],"about":[{"href":"https:\/\/nimedixmedical.com\/fr\/wp-json\/wp\/v2\/types\/product"}],"replies":[{"embeddable":true,"href":"https:\/\/nimedixmedical.com\/fr\/wp-json\/wp\/v2\/comments?post=111748"}],"wp:featuredmedia":[{"embeddable":true,"href":"https:\/\/nimedixmedical.com\/fr\/wp-json\/wp\/v2\/media\/111749"}],"wp:attachment":[{"href":"https:\/\/nimedixmedical.com\/fr\/wp-json\/wp\/v2\/media?parent=111748"}],"wp:term":[{"taxonomy":"product_brand","embeddable":true,"href":"https:\/\/nimedixmedical.com\/fr\/wp-json\/wp\/v2\/product_brand?post=111748"},{"taxonomy":"product_cat","embeddable":true,"href":"https:\/\/nimedixmedical.com\/fr\/wp-json\/wp\/v2\/product_cat?post=111748"},{"taxonomy":"product_tag","embeddable":true,"href":"https:\/\/nimedixmedical.com\/fr\/wp-json\/wp\/v2\/product_tag?post=111748"}],"curies":[{"name":"wp","href":"https:\/\/api.w.org\/{rel}","templated":true}]}}