{"id":111724,"date":"2025-11-30T21:36:11","date_gmt":"2025-11-30T20:36:11","guid":{"rendered":"https:\/\/nimedixmedical.com\/notre-catalogue\/microperfuseurs-a-ailettes-terumo-surflo-19g-11x19-mm-sv19nl30-ivoire-steriles\/"},"modified":"2026-01-12T15:35:37","modified_gmt":"2026-01-12T14:35:37","slug":"microperfuseurs-a-ailettes-terumo-surflo-19g-11x19-mm-sv19nl30-ivoire-steriles","status":"publish","type":"product","link":"https:\/\/nimedixmedical.com\/fr\/notre-catalogue\/microperfuseurs-a-ailettes-terumo-surflo-19g-11x19-mm-sv19nl30-ivoire-steriles\/","title":{"rendered":"Microperfuseurs \u00c0 Ailettes Terumo Surflo 19g &#8211; 1,1&#215;19 mm &#8211; Sv*19nl30 &#8211; Ivoire &#8211; St\u00e9riles"},"content":{"rendered":"<p>Les microperfuseurs \u00e0 ailettes Surflo\u2122 de Terumo sont des dispositifs m\u00e9dicaux essentiels pour les professionnels de sant\u00e9. Ils permettent une introduction efficace de fluides dans le syst\u00e8me vasculaire, garantissant s\u00e9curit\u00e9 et confort pour les patients lors de la ponction veineuse.<\/p>\n<h2>Caract\u00e9ristiques<\/h2>\n<ul>\n<li>Code Terumo\u00ae : SV*19NL30<\/li>\n<li>Aiguille : 19G \u2013 1,1 \u00d7 19 mm<\/li>\n<li>Couleur : Ivoire<\/li>\n<li>Longueur du tube : 30 cm<\/li>\n<li>Classe : Dispositif m\u00e9dical de Classe IIa<\/li>\n<li>Non fabriqu\u00e9 avec DEPH et sans latex<\/li>\n<li>Bo\u00eete de 50 unit\u00e9s, multilingue (GB, FR, IT, ES, PT, DE, PL, NL, HU, GR, BG, RO, FI, NO, SE, DK, CZ, SK, SI, RS, EE, LV, LT, TR, RU)<\/li>\n<\/ul>\n<h2>Livraison<\/h2>\n<ul>\n<li><strong>France :<\/strong> Livraison directe.<\/li>\n<li><strong>Export (Europe et Afrique) :<\/strong> Sur devis.<\/li>\n<\/ul>\n","protected":false},"excerpt":{"rendered":"<ul>\n<li>Usage : Microperfuseurs \u00e0 ailettes pour l&#8217;introduction de fluides dans le syst\u00e8me vasculaire apr\u00e8s ponction veineuse.<\/li>\n<li>B\u00e9n\u00e9fice : Ailettes cod\u00e9es par couleur assurant une stabilit\u00e9 optimale et une pression r\u00e9duite sur les vaisseaux.<\/li>\n<li>Confort : P\u00e9n\u00e9tration douce de la peau sans composants en latex ou DEPH.<\/li>\n<li>St\u00e9rilit\u00e9 : Dispositif m\u00e9dical st\u00e9rile, pr\u00eat \u00e0 l&#8217;emploi pour un usage s\u00fbr.<\/li>\n<\/ul>\n","protected":false},"featured_media":111725,"comment_status":"open","ping_status":"open","template":"","meta":{"inline_featured_image":false},"product_brand":[],"product_cat":[1201,1202],"product_tag":[],"class_list":{"0":"post-111724","1":"product","2":"type-product","3":"status-publish","4":"has-post-thumbnail","6":"product_cat-instruments-chirurgicaux","7":"product_cat-terumo-seringues-et-aiguilles","9":"first","10":"instock","11":"sale","12":"taxable","13":"shipping-taxable","14":"purchasable","15":"product-type-simple"},"_links":{"self":[{"href":"https:\/\/nimedixmedical.com\/fr\/wp-json\/wp\/v2\/product\/111724","targetHints":{"allow":["GET"]}}],"collection":[{"href":"https:\/\/nimedixmedical.com\/fr\/wp-json\/wp\/v2\/product"}],"about":[{"href":"https:\/\/nimedixmedical.com\/fr\/wp-json\/wp\/v2\/types\/product"}],"replies":[{"embeddable":true,"href":"https:\/\/nimedixmedical.com\/fr\/wp-json\/wp\/v2\/comments?post=111724"}],"wp:featuredmedia":[{"embeddable":true,"href":"https:\/\/nimedixmedical.com\/fr\/wp-json\/wp\/v2\/media\/111725"}],"wp:attachment":[{"href":"https:\/\/nimedixmedical.com\/fr\/wp-json\/wp\/v2\/media?parent=111724"}],"wp:term":[{"taxonomy":"product_brand","embeddable":true,"href":"https:\/\/nimedixmedical.com\/fr\/wp-json\/wp\/v2\/product_brand?post=111724"},{"taxonomy":"product_cat","embeddable":true,"href":"https:\/\/nimedixmedical.com\/fr\/wp-json\/wp\/v2\/product_cat?post=111724"},{"taxonomy":"product_tag","embeddable":true,"href":"https:\/\/nimedixmedical.com\/fr\/wp-json\/wp\/v2\/product_tag?post=111724"}],"curies":[{"name":"wp","href":"https:\/\/api.w.org\/{rel}","templated":true}]}}