{"id":111670,"date":"2025-11-30T21:35:19","date_gmt":"2025-11-30T20:35:19","guid":{"rendered":"https:\/\/nimedixmedical.com\/notre-catalogue\/aiguilles-hypodermiques-terumo-agani-30gx1-2-03x13mm-an3013r1-jaune-steriles\/"},"modified":"2026-03-30T10:02:08","modified_gmt":"2026-03-30T08:02:08","slug":"aiguilles-hypodermiques-terumo-agani-30gx1-2-03x13mm-an3013r1-jaune-steriles","status":"publish","type":"product","link":"https:\/\/nimedixmedical.com\/fr\/notre-catalogue\/aiguilles-hypodermiques-terumo-agani-30gx1-2-03x13mm-an3013r1-jaune-steriles\/","title":{"rendered":"Aiguilles Hypodermiques Terumo Agani 30gx1\/2&#8243; &#8211; 0,3x13mm &#8211; An*3013r1 &#8211; Jaune- St\u00e9riles"},"content":{"rendered":"<p>Les aiguilles hypodermiques AGANI\u2122 de TERUMO sont con\u00e7ues pour garantir un usage m\u00e9dical optimal. Leur design innovant assure une insertion facile, r\u00e9duisant ainsi le stress pour le patient tout en maintenant un haut niveau de s\u00e9curit\u00e9.<\/p>\n<h2>Caract\u00e9ristiques<\/h2>\n<ul>\n<li>Code TERUMO\u00ae: AN*3013R1<\/li>\n<li>Dimensions: 30G x 1\/2&#8243; &#8211; 0,3 x 13 mm<\/li>\n<li>Couleur: Jaune, indiquant le diam\u00e8tre de l&#8217;aiguille<\/li>\n<li>Emballage: Bo\u00eete de 100 aiguilles, st\u00e9riles et jetables<\/li>\n<li>Dur\u00e9e de conservation: 5 ans depuis la production<\/li>\n<li>Moyeu en polypropyl\u00e8ne et aiguille en acier inoxydable<\/li>\n<li>Blisters individuels pour une hygi\u00e8ne optimale<\/li>\n<\/ul>\n<h2>Livraison<\/h2>\n<ul>\n<li><strong>France :<\/strong> Livraison directe.<\/li>\n<li><strong>Export (Europe et Afrique) :<\/strong> Sur devis.<\/li>\n<\/ul>\n","protected":false},"excerpt":{"rendered":"<ul>\n<li>Aiguille hypodermique st\u00e9rile jetable, id\u00e9ale pour diverses applications m\u00e9dicales.<\/li>\n<li>Pointe \u00e0 lancette pour une p\u00e9n\u00e9tration facile et un minimum de traumatisme cutan\u00e9.<\/li>\n<li>Rev\u00eatement en silicone pour une insertion fluide et sans friction.<\/li>\n<li>Identification facile du diam\u00e8tre gr\u00e2ce au code couleur ISO.<\/li>\n<\/ul>\n","protected":false},"featured_media":111671,"comment_status":"open","ping_status":"open","template":"","meta":{"inline_featured_image":false},"product_brand":[],"product_cat":[1201,1202],"product_tag":[],"class_list":{"0":"post-111670","1":"product","2":"type-product","3":"status-publish","4":"has-post-thumbnail","6":"product_cat-instruments-chirurgicaux","7":"product_cat-terumo-seringues-et-aiguilles","9":"first","10":"instock","11":"sale","12":"taxable","13":"shipping-taxable","14":"purchasable","15":"product-type-simple"},"_links":{"self":[{"href":"https:\/\/nimedixmedical.com\/fr\/wp-json\/wp\/v2\/product\/111670","targetHints":{"allow":["GET"]}}],"collection":[{"href":"https:\/\/nimedixmedical.com\/fr\/wp-json\/wp\/v2\/product"}],"about":[{"href":"https:\/\/nimedixmedical.com\/fr\/wp-json\/wp\/v2\/types\/product"}],"replies":[{"embeddable":true,"href":"https:\/\/nimedixmedical.com\/fr\/wp-json\/wp\/v2\/comments?post=111670"}],"wp:featuredmedia":[{"embeddable":true,"href":"https:\/\/nimedixmedical.com\/fr\/wp-json\/wp\/v2\/media\/111671"}],"wp:attachment":[{"href":"https:\/\/nimedixmedical.com\/fr\/wp-json\/wp\/v2\/media?parent=111670"}],"wp:term":[{"taxonomy":"product_brand","embeddable":true,"href":"https:\/\/nimedixmedical.com\/fr\/wp-json\/wp\/v2\/product_brand?post=111670"},{"taxonomy":"product_cat","embeddable":true,"href":"https:\/\/nimedixmedical.com\/fr\/wp-json\/wp\/v2\/product_cat?post=111670"},{"taxonomy":"product_tag","embeddable":true,"href":"https:\/\/nimedixmedical.com\/fr\/wp-json\/wp\/v2\/product_tag?post=111670"}],"curies":[{"name":"wp","href":"https:\/\/api.w.org\/{rel}","templated":true}]}}