{"id":111634,"date":"2025-11-30T21:35:19","date_gmt":"2025-11-30T20:35:19","guid":{"rendered":"https:\/\/nimedixmedical.com\/notre-catalogue\/trousse-a-flacons-cordura-bleu\/"},"modified":"2026-01-12T15:35:18","modified_gmt":"2026-01-12T14:35:18","slug":"trousse-a-flacons-cordura-bleu","status":"publish","type":"product","link":"https:\/\/nimedixmedical.com\/fr\/notre-catalogue\/trousse-a-flacons-cordura-bleu\/","title":{"rendered":"Trousse \u00c0 Flacons &#8211; Cordura Bleu"},"content":{"rendered":"<p>La trousse \u00e0 flacons en cordura bleu est con\u00e7ue pour les professionnels de la sant\u00e9 souhaitant transporter leurs flacons en toute s\u00e9curit\u00e9. Avec sa protection matelass\u00e9e, elle assure une protection optimale lors des d\u00e9placements.<\/p>\n<h2>Caract\u00e9ristiques<\/h2>\n<ul>\n<li>Mat\u00e9riau : polyester 600D (externe)<\/li>\n<li>Dimensions : 19,5 x 15 x h 3 cm<\/li>\n<li>Couleur : Bleu<\/li>\n<li>Capacit\u00e9 : 12 flacons<\/li>\n<\/ul>\n<h2>Livraison<\/h2>\n<ul>\n<li><strong>France :<\/strong> Livraison directe.<\/li>\n<li><strong>Export (Europe et Afrique) :<\/strong> Sur devis.<\/li>\n<\/ul>\n","protected":false},"excerpt":{"rendered":"<ul>\n<li>Id\u00e9ale pour le transport s\u00e9curis\u00e9 de flacons m\u00e9dicaux.<\/li>\n<li>Protection matelass\u00e9e pour \u00e9viter les chocs.<\/li>\n<li>Fermeture Velcro pratique pour un acc\u00e8s rapide.<\/li>\n<li>Capacit\u00e9 d&#8217;accueil pour 12 flacons.<\/li>\n<\/ul>\n","protected":false},"featured_media":111635,"comment_status":"open","ping_status":"open","template":"","meta":{"inline_featured_image":false},"product_brand":[],"product_cat":[1194,1199],"product_tag":[],"class_list":{"0":"post-111634","1":"product","2":"type-product","3":"status-publish","4":"has-post-thumbnail","6":"product_cat-mallettes-medicales","7":"product_cat-pochettes-etuis-sacs-a-instruments","9":"first","10":"instock","11":"sale","12":"taxable","13":"shipping-taxable","14":"purchasable","15":"product-type-simple"},"_links":{"self":[{"href":"https:\/\/nimedixmedical.com\/fr\/wp-json\/wp\/v2\/product\/111634","targetHints":{"allow":["GET"]}}],"collection":[{"href":"https:\/\/nimedixmedical.com\/fr\/wp-json\/wp\/v2\/product"}],"about":[{"href":"https:\/\/nimedixmedical.com\/fr\/wp-json\/wp\/v2\/types\/product"}],"replies":[{"embeddable":true,"href":"https:\/\/nimedixmedical.com\/fr\/wp-json\/wp\/v2\/comments?post=111634"}],"wp:featuredmedia":[{"embeddable":true,"href":"https:\/\/nimedixmedical.com\/fr\/wp-json\/wp\/v2\/media\/111635"}],"wp:attachment":[{"href":"https:\/\/nimedixmedical.com\/fr\/wp-json\/wp\/v2\/media?parent=111634"}],"wp:term":[{"taxonomy":"product_brand","embeddable":true,"href":"https:\/\/nimedixmedical.com\/fr\/wp-json\/wp\/v2\/product_brand?post=111634"},{"taxonomy":"product_cat","embeddable":true,"href":"https:\/\/nimedixmedical.com\/fr\/wp-json\/wp\/v2\/product_cat?post=111634"},{"taxonomy":"product_tag","embeddable":true,"href":"https:\/\/nimedixmedical.com\/fr\/wp-json\/wp\/v2\/product_tag?post=111634"}],"curies":[{"name":"wp","href":"https:\/\/api.w.org\/{rel}","templated":true}]}}