{"id":111469,"date":"2025-11-30T21:31:42","date_gmt":"2025-11-30T20:31:42","guid":{"rendered":"https:\/\/nimedixmedical.com\/notre-catalogue\/sac-medical-supertexas-cuir-chataigne\/"},"modified":"2026-01-12T15:34:41","modified_gmt":"2026-01-12T14:34:41","slug":"sac-medical-supertexas-cuir-chataigne","status":"publish","type":"product","link":"https:\/\/nimedixmedical.com\/fr\/notre-catalogue\/sac-medical-supertexas-cuir-chataigne\/","title":{"rendered":"Sac M\u00e9dical &#8220;supertexas Cuir&#8221; &#8211; Ch\u00e2taigne"},"content":{"rendered":"<p>Le sac m\u00e9dical &#8220;Supertxas Cuir&#8221; est con\u00e7u pour r\u00e9pondre aux besoins des professionnels de sant\u00e9. Avec son design \u00e9l\u00e9gant en cuir ch\u00e2taigne, il allie praticit\u00e9 et esth\u00e9tique, permettant un transport s\u00e9curis\u00e9 de vos \u00e9quipements m\u00e9dicaux.<\/p>\n<h2>Caract\u00e9ristiques<\/h2>\n<ul>\n<li>Poche externe et interne avec fermeture \u00e0 glissi\u00e8re pour un acc\u00e8s facile.<\/li>\n<li>Deux dispositifs de fermeture dor\u00e9s pour une s\u00e9curit\u00e9 accrue.<\/li>\n<li>S\u00e9paration interne transversale de 8 cm pour une meilleure organisation.<\/li>\n<li>Grand compartiment central spacieux pour accueillir tous vos outils.<\/li>\n<li>Dimensions externes: 41 x 20 x 22 cm.<\/li>\n<li>Fabrication italienne de haute qualit\u00e9.<\/li>\n<\/ul>\n<h2>Livraison<\/h2>\n<ul>\n<li><strong>France :<\/strong> Livraison directe.<\/li>\n<li><strong>Export (Europe et Afrique) :<\/strong> Sur devis.<\/li>\n<\/ul>\n","protected":false},"excerpt":{"rendered":"<ul>\n<li>Id\u00e9al pour les professionnels de sant\u00e9 : transportez vos outils m\u00e9dicaux avec \u00e9l\u00e9gance.<\/li>\n<li>Mat\u00e9riau cuir de haute qualit\u00e9 : assure une durabilit\u00e9 et un style intemporel.<\/li>\n<li>Compartiments pratiques : facilite l&#8217;organisation de vos fournitures m\u00e9dicales.<\/li>\n<li>Conception italienne : allie fonctionnalit\u00e9 et esth\u00e9tique raffin\u00e9e.<\/li>\n<\/ul>\n","protected":false},"featured_media":111470,"comment_status":"open","ping_status":"open","template":"","meta":{"inline_featured_image":false},"product_brand":[],"product_cat":[1194,1197],"product_tag":[],"class_list":{"0":"post-111469","1":"product","2":"type-product","3":"status-publish","4":"has-post-thumbnail","6":"product_cat-mallettes-medicales","7":"product_cat-sacs-et-mallettes-en-cuir","9":"first","10":"instock","11":"sale","12":"taxable","13":"shipping-taxable","14":"purchasable","15":"product-type-simple"},"_links":{"self":[{"href":"https:\/\/nimedixmedical.com\/fr\/wp-json\/wp\/v2\/product\/111469","targetHints":{"allow":["GET"]}}],"collection":[{"href":"https:\/\/nimedixmedical.com\/fr\/wp-json\/wp\/v2\/product"}],"about":[{"href":"https:\/\/nimedixmedical.com\/fr\/wp-json\/wp\/v2\/types\/product"}],"replies":[{"embeddable":true,"href":"https:\/\/nimedixmedical.com\/fr\/wp-json\/wp\/v2\/comments?post=111469"}],"wp:featuredmedia":[{"embeddable":true,"href":"https:\/\/nimedixmedical.com\/fr\/wp-json\/wp\/v2\/media\/111470"}],"wp:attachment":[{"href":"https:\/\/nimedixmedical.com\/fr\/wp-json\/wp\/v2\/media?parent=111469"}],"wp:term":[{"taxonomy":"product_brand","embeddable":true,"href":"https:\/\/nimedixmedical.com\/fr\/wp-json\/wp\/v2\/product_brand?post=111469"},{"taxonomy":"product_cat","embeddable":true,"href":"https:\/\/nimedixmedical.com\/fr\/wp-json\/wp\/v2\/product_cat?post=111469"},{"taxonomy":"product_tag","embeddable":true,"href":"https:\/\/nimedixmedical.com\/fr\/wp-json\/wp\/v2\/product_tag?post=111469"}],"curies":[{"name":"wp","href":"https:\/\/api.w.org\/{rel}","templated":true}]}}