{"id":111448,"date":"2025-11-30T21:31:42","date_gmt":"2025-11-30T20:31:42","guid":{"rendered":"https:\/\/nimedixmedical.com\/notre-catalogue\/sac-florida-cuir-marron\/"},"modified":"2026-01-12T15:34:39","modified_gmt":"2026-01-12T14:34:39","slug":"sac-florida-cuir-marron","status":"publish","type":"product","link":"https:\/\/nimedixmedical.com\/fr\/notre-catalogue\/sac-florida-cuir-marron\/","title":{"rendered":"Sac &#8220;florida Cuir&#8221; &#8211; Marron"},"content":{"rendered":"<p>Le sac &#8220;Florida Cuir&#8221; marron est sp\u00e9cialement con\u00e7u pour les professionnels de la sant\u00e9, alliant \u00e9l\u00e9gance et fonctionnalit\u00e9. Sa conception robuste et son style raffin\u00e9 en font un accessoire indispensable pour le transport s\u00e9curis\u00e9 de vos outils m\u00e9dicaux.<\/p>\n<h2>Caract\u00e9ristiques<\/h2>\n<ul>\n<li>Ext\u00e9rieur en cuir de haute qualit\u00e9<\/li>\n<li>Int\u00e9rieur en PU (polyur\u00e9thane) pour une durabilit\u00e9 accrue<\/li>\n<li>Dimensions ext\u00e9rieures : 38 x 20 x h 20 cm<\/li>\n<li>Poche centrale interne avec fermeture \u00e0 glissi\u00e8re<\/li>\n<li>Poche interne lat\u00e9rale pour un rangement suppl\u00e9mentaire<\/li>\n<li>Dispositif de fermeture dor\u00e9 pour une touche d&#8217;\u00e9l\u00e9gance<\/li>\n<li>Fabriqu\u00e9 en Asie avec un design italien<\/li>\n<\/ul>\n<h2>Livraison<\/h2>\n<ul>\n<li><strong>France :<\/strong> Livraison directe.<\/li>\n<li><strong>Export (Europe et Afrique) :<\/strong> Sur devis.<\/li>\n<\/ul>\n","protected":false},"excerpt":{"rendered":"<ul>\n<li>Usage : Id\u00e9al pour les professionnels de sant\u00e9 souhaitant transporter leurs outils m\u00e9dicaux avec \u00e9l\u00e9gance.<\/li>\n<li>B\u00e9n\u00e9fice : Protection optimale gr\u00e2ce \u00e0 son fond rigide et son int\u00e9rieur en PU r\u00e9sistant.<\/li>\n<li>Design : \u00c9l\u00e9gant cuir marron avec un dispositif de fermeture dor\u00e9, ajoutant une touche de sophistication.<\/li>\n<li>Praticit\u00e9 : Poche centrale avec fermeture \u00e0 glissi\u00e8re et poche lat\u00e9rale pour une organisation facile.<\/li>\n<\/ul>\n","protected":false},"featured_media":111449,"comment_status":"open","ping_status":"open","template":"","meta":{"inline_featured_image":false},"product_brand":[],"product_cat":[1194,1197],"product_tag":[],"class_list":{"0":"post-111448","1":"product","2":"type-product","3":"status-publish","4":"has-post-thumbnail","6":"product_cat-mallettes-medicales","7":"product_cat-sacs-et-mallettes-en-cuir","9":"first","10":"instock","11":"sale","12":"taxable","13":"shipping-taxable","14":"purchasable","15":"product-type-simple"},"_links":{"self":[{"href":"https:\/\/nimedixmedical.com\/fr\/wp-json\/wp\/v2\/product\/111448","targetHints":{"allow":["GET"]}}],"collection":[{"href":"https:\/\/nimedixmedical.com\/fr\/wp-json\/wp\/v2\/product"}],"about":[{"href":"https:\/\/nimedixmedical.com\/fr\/wp-json\/wp\/v2\/types\/product"}],"replies":[{"embeddable":true,"href":"https:\/\/nimedixmedical.com\/fr\/wp-json\/wp\/v2\/comments?post=111448"}],"wp:featuredmedia":[{"embeddable":true,"href":"https:\/\/nimedixmedical.com\/fr\/wp-json\/wp\/v2\/media\/111449"}],"wp:attachment":[{"href":"https:\/\/nimedixmedical.com\/fr\/wp-json\/wp\/v2\/media?parent=111448"}],"wp:term":[{"taxonomy":"product_brand","embeddable":true,"href":"https:\/\/nimedixmedical.com\/fr\/wp-json\/wp\/v2\/product_brand?post=111448"},{"taxonomy":"product_cat","embeddable":true,"href":"https:\/\/nimedixmedical.com\/fr\/wp-json\/wp\/v2\/product_cat?post=111448"},{"taxonomy":"product_tag","embeddable":true,"href":"https:\/\/nimedixmedical.com\/fr\/wp-json\/wp\/v2\/product_tag?post=111448"}],"curies":[{"name":"wp","href":"https:\/\/api.w.org\/{rel}","templated":true}]}}