{"id":111441,"date":"2025-11-30T21:31:42","date_gmt":"2025-11-30T20:31:42","guid":{"rendered":"https:\/\/nimedixmedical.com\/notre-catalogue\/sac-florida-cuir-chataigne\/"},"modified":"2026-01-12T15:34:38","modified_gmt":"2026-01-12T14:34:38","slug":"sac-florida-cuir-chataigne","status":"publish","type":"product","link":"https:\/\/nimedixmedical.com\/fr\/notre-catalogue\/sac-florida-cuir-chataigne\/","title":{"rendered":"Sac &#8220;florida Cuir&#8221; &#8211; Ch\u00e2taigne"},"content":{"rendered":"<p>Le sac &#8220;Florida Cuir&#8221; allie \u00e9l\u00e9gance et praticit\u00e9 pour les professionnels de sant\u00e9. Con\u00e7u pour faciliter le transport de mat\u00e9riel m\u00e9dical, il offre une solution de rangement chic et fonctionnelle, id\u00e9ale pour un usage quotidien.<\/p>\n<h2>Caract\u00e9ristiques<\/h2>\n<ul>\n<li>Dimensions : 38 x 20 x h 20 cm<\/li>\n<li>Fond rigide pour une meilleure tenue<\/li>\n<li>Poche centrale interne avec fermeture \u00e0 glissi\u00e8re pour s\u00e9curit\u00e9<\/li>\n<li>Poche interne lat\u00e9rale pour un acc\u00e8s rapide<\/li>\n<li>Fermeture dor\u00e9e pour une touche de sophistication<\/li>\n<li>Ext\u00e9rieur en cuir de qualit\u00e9, int\u00e9rieur en PU (polyur\u00e9thane)<\/li>\n<li>Fabriqu\u00e9 en Asie avec un design italien<\/li>\n<\/ul>\n<h2>Livraison<\/h2>\n<ul>\n<li><strong>France :<\/strong> Livraison directe.<\/li>\n<li><strong>Export (Europe et Afrique) :<\/strong> Sur devis.<\/li>\n<\/ul>\n","protected":false},"excerpt":{"rendered":"<ul>\n<li>Usage : Id\u00e9al pour les professionnels de sant\u00e9 en d\u00e9placement.<\/li>\n<li>B\u00e9n\u00e9fice : Design \u00e9l\u00e9gant en cuir, alliant esth\u00e9tique et fonctionnalit\u00e9.<\/li>\n<li>Pratique : Poche centrale s\u00e9curis\u00e9e et poches lat\u00e9rales pour un rangement optimal.<\/li>\n<li>Durabilit\u00e9 : Ext\u00e9rieur en cuir de qualit\u00e9 et int\u00e9rieur en PU r\u00e9sistant.<\/li>\n<\/ul>\n","protected":false},"featured_media":111442,"comment_status":"open","ping_status":"open","template":"","meta":{"inline_featured_image":false},"product_brand":[],"product_cat":[1194,1197],"product_tag":[],"class_list":{"0":"post-111441","1":"product","2":"type-product","3":"status-publish","4":"has-post-thumbnail","6":"product_cat-mallettes-medicales","7":"product_cat-sacs-et-mallettes-en-cuir","9":"first","10":"instock","11":"sale","12":"taxable","13":"shipping-taxable","14":"purchasable","15":"product-type-simple"},"_links":{"self":[{"href":"https:\/\/nimedixmedical.com\/fr\/wp-json\/wp\/v2\/product\/111441","targetHints":{"allow":["GET"]}}],"collection":[{"href":"https:\/\/nimedixmedical.com\/fr\/wp-json\/wp\/v2\/product"}],"about":[{"href":"https:\/\/nimedixmedical.com\/fr\/wp-json\/wp\/v2\/types\/product"}],"replies":[{"embeddable":true,"href":"https:\/\/nimedixmedical.com\/fr\/wp-json\/wp\/v2\/comments?post=111441"}],"wp:featuredmedia":[{"embeddable":true,"href":"https:\/\/nimedixmedical.com\/fr\/wp-json\/wp\/v2\/media\/111442"}],"wp:attachment":[{"href":"https:\/\/nimedixmedical.com\/fr\/wp-json\/wp\/v2\/media?parent=111441"}],"wp:term":[{"taxonomy":"product_brand","embeddable":true,"href":"https:\/\/nimedixmedical.com\/fr\/wp-json\/wp\/v2\/product_brand?post=111441"},{"taxonomy":"product_cat","embeddable":true,"href":"https:\/\/nimedixmedical.com\/fr\/wp-json\/wp\/v2\/product_cat?post=111441"},{"taxonomy":"product_tag","embeddable":true,"href":"https:\/\/nimedixmedical.com\/fr\/wp-json\/wp\/v2\/product_tag?post=111441"}],"curies":[{"name":"wp","href":"https:\/\/api.w.org\/{rel}","templated":true}]}}