{"id":111301,"date":"2025-11-30T21:30:02","date_gmt":"2025-11-30T20:30:02","guid":{"rendered":"https:\/\/nimedixmedical.com\/notre-catalogue\/sac-smart-revetu-en-pvc-moyen-rouge\/"},"modified":"2026-01-12T15:34:14","modified_gmt":"2026-01-12T14:34:14","slug":"sac-smart-revetu-en-pvc-moyen-rouge","status":"publish","type":"product","link":"https:\/\/nimedixmedical.com\/fr\/notre-catalogue\/sac-smart-revetu-en-pvc-moyen-rouge\/","title":{"rendered":"Sac Smart Rev\u00eatu en PVC &#8211; Moyen &#8211; Rouge"},"content":{"rendered":"<p>Le Sac Smart rev\u00eatu en PVC est con\u00e7u pour les professionnels de la sant\u00e9, offrant une grande capacit\u00e9 et une organisation personnalis\u00e9e pour le transport de mat\u00e9riel m\u00e9dical. Sa conception robuste et ses fonctionnalit\u00e9s pratiques en font un choix id\u00e9al pour les interventions d&#8217;urgence.<\/p>\n<h2>Caract\u00e9ristiques<\/h2>\n<ul>\n<li>Mat\u00e9riau : PVC imperm\u00e9able et durable<\/li>\n<li>Dimensions : 55 x 35 x h 38 cm<\/li>\n<li>Espaces modulaires internes : 6 compartiments r\u00e9glables<\/li>\n<li>Poches externes : 5 pour un acc\u00e8s rapide<\/li>\n<li>Doubles bandes r\u00e9fl\u00e9chissantes jaunes pour la s\u00e9curit\u00e9<\/li>\n<li>Rev\u00eatement int\u00e9rieur amovible pour un nettoyage facile<\/li>\n<li>Fond imperm\u00e9able en caoutchouc pour une protection contre l&#8217;humidit\u00e9<\/li>\n<\/ul>\n<h2>Livraison<\/h2>\n<ul>\n<li><strong>France :<\/strong> Livraison directe.<\/li>\n<li><strong>Export (Europe et Afrique) :<\/strong> Sur devis.<\/li>\n<\/ul>\n","protected":false},"excerpt":{"rendered":"<ul>\n<li>Usage : Sac de secours professionnel pour une organisation optimale.<\/li>\n<li>B\u00e9n\u00e9fice : Compartiments modulables pour un rangement personnalis\u00e9.<\/li>\n<li>Mat\u00e9riau : Fabriqu\u00e9 en PVC solide et imperm\u00e9able pour une durabilit\u00e9 accrue.<\/li>\n<li>Transport : Possibilit\u00e9 de porter \u00e0 la main ou en mode sac \u00e0 dos.<\/li>\n<\/ul>\n","protected":false},"featured_media":111302,"comment_status":"open","ping_status":"open","template":"","meta":{"inline_featured_image":false},"product_brand":[],"product_cat":[1194,1195],"product_tag":[],"class_list":{"0":"post-111301","1":"product","2":"type-product","3":"status-publish","4":"has-post-thumbnail","6":"product_cat-mallettes-medicales","7":"product_cat-sacs-et-sacs-a-dos-en-nylon","9":"first","10":"instock","11":"sale","12":"taxable","13":"shipping-taxable","14":"purchasable","15":"product-type-simple"},"_links":{"self":[{"href":"https:\/\/nimedixmedical.com\/fr\/wp-json\/wp\/v2\/product\/111301","targetHints":{"allow":["GET"]}}],"collection":[{"href":"https:\/\/nimedixmedical.com\/fr\/wp-json\/wp\/v2\/product"}],"about":[{"href":"https:\/\/nimedixmedical.com\/fr\/wp-json\/wp\/v2\/types\/product"}],"replies":[{"embeddable":true,"href":"https:\/\/nimedixmedical.com\/fr\/wp-json\/wp\/v2\/comments?post=111301"}],"wp:featuredmedia":[{"embeddable":true,"href":"https:\/\/nimedixmedical.com\/fr\/wp-json\/wp\/v2\/media\/111302"}],"wp:attachment":[{"href":"https:\/\/nimedixmedical.com\/fr\/wp-json\/wp\/v2\/media?parent=111301"}],"wp:term":[{"taxonomy":"product_brand","embeddable":true,"href":"https:\/\/nimedixmedical.com\/fr\/wp-json\/wp\/v2\/product_brand?post=111301"},{"taxonomy":"product_cat","embeddable":true,"href":"https:\/\/nimedixmedical.com\/fr\/wp-json\/wp\/v2\/product_cat?post=111301"},{"taxonomy":"product_tag","embeddable":true,"href":"https:\/\/nimedixmedical.com\/fr\/wp-json\/wp\/v2\/product_tag?post=111301"}],"curies":[{"name":"wp","href":"https:\/\/api.w.org\/{rel}","templated":true}]}}