{"id":111295,"date":"2025-11-30T21:30:02","date_gmt":"2025-11-30T20:30:02","guid":{"rendered":"https:\/\/nimedixmedical.com\/notre-catalogue\/sac-smart-revetu-en-pvc-moyen-noir\/"},"modified":"2026-01-12T15:34:13","modified_gmt":"2026-01-12T14:34:13","slug":"sac-smart-revetu-en-pvc-moyen-noir","status":"publish","type":"product","link":"https:\/\/nimedixmedical.com\/fr\/notre-catalogue\/sac-smart-revetu-en-pvc-moyen-noir\/","title":{"rendered":"Sac Smart Rev\u00eatu en PVC &#8211; Moyen &#8211; Noir"},"content":{"rendered":"<p>Le sac Smart rev\u00eatu en PVC est con\u00e7u pour les professionnels de sant\u00e9 n\u00e9cessitant un espace de rangement optimis\u00e9 pour leurs \u00e9quipements m\u00e9dicaux. Sa conception robuste et fonctionnelle permet un acc\u00e8s rapide et organis\u00e9 aux fournitures n\u00e9cessaires lors des interventions.<\/p>\n<h2>Caract\u00e9ristiques<\/h2>\n<ul>\n<li>Mat\u00e9riau: PVC de haute qualit\u00e9<\/li>\n<li>Mod\u00e8le: moyen<\/li>\n<li>Coloris: noir<\/li>\n<li>Dimensions: 55 x 35 x h 38 cm<\/li>\n<li>Espaces modulaires internes: 6 compartiments ajustables<\/li>\n<li>Poches externes: 5 pour un acc\u00e8s rapide<\/li>\n<li>Doubles bandes r\u00e9fl\u00e9chissantes jaunes pour une meilleure visibilit\u00e9<\/li>\n<li>Rev\u00eatement int\u00e9rieur amovible pour un nettoyage facile<\/li>\n<li>Fond imperm\u00e9able en caoutchouc pour prot\u00e9ger le contenu<\/li>\n<li>Modes de transport: \u00e0 la main ou sur le dos<\/li>\n<\/ul>\n<h2>Livraison<\/h2>\n<ul>\n<li><strong>France :<\/strong> Livraison directe.<\/li>\n<li><strong>Export (Europe et Afrique) :<\/strong> Sur devis.<\/li>\n<\/ul>\n","protected":false},"excerpt":{"rendered":"<ul>\n<li>Id\u00e9al pour le stockage et le transport de mat\u00e9riel m\u00e9dical.<\/li>\n<li>Compartiments modulables pour une organisation personnalis\u00e9e.<\/li>\n<li>Imperm\u00e9able et facile \u00e0 nettoyer gr\u00e2ce au rev\u00eatement amovible.<\/li>\n<li>Transportable \u00e0 la main ou sur le dos pour un maximum de confort.<\/li>\n<\/ul>\n","protected":false},"featured_media":111296,"comment_status":"open","ping_status":"open","template":"","meta":{"inline_featured_image":false},"product_brand":[],"product_cat":[1194,1195],"product_tag":[],"class_list":{"0":"post-111295","1":"product","2":"type-product","3":"status-publish","4":"has-post-thumbnail","6":"product_cat-mallettes-medicales","7":"product_cat-sacs-et-sacs-a-dos-en-nylon","9":"first","10":"instock","11":"sale","12":"taxable","13":"shipping-taxable","14":"purchasable","15":"product-type-simple"},"_links":{"self":[{"href":"https:\/\/nimedixmedical.com\/fr\/wp-json\/wp\/v2\/product\/111295","targetHints":{"allow":["GET"]}}],"collection":[{"href":"https:\/\/nimedixmedical.com\/fr\/wp-json\/wp\/v2\/product"}],"about":[{"href":"https:\/\/nimedixmedical.com\/fr\/wp-json\/wp\/v2\/types\/product"}],"replies":[{"embeddable":true,"href":"https:\/\/nimedixmedical.com\/fr\/wp-json\/wp\/v2\/comments?post=111295"}],"wp:featuredmedia":[{"embeddable":true,"href":"https:\/\/nimedixmedical.com\/fr\/wp-json\/wp\/v2\/media\/111296"}],"wp:attachment":[{"href":"https:\/\/nimedixmedical.com\/fr\/wp-json\/wp\/v2\/media?parent=111295"}],"wp:term":[{"taxonomy":"product_brand","embeddable":true,"href":"https:\/\/nimedixmedical.com\/fr\/wp-json\/wp\/v2\/product_brand?post=111295"},{"taxonomy":"product_cat","embeddable":true,"href":"https:\/\/nimedixmedical.com\/fr\/wp-json\/wp\/v2\/product_cat?post=111295"},{"taxonomy":"product_tag","embeddable":true,"href":"https:\/\/nimedixmedical.com\/fr\/wp-json\/wp\/v2\/product_tag?post=111295"}],"curies":[{"name":"wp","href":"https:\/\/api.w.org\/{rel}","templated":true}]}}