{"id":111229,"date":"2025-11-30T21:28:52","date_gmt":"2025-11-30T20:28:52","guid":{"rendered":"https:\/\/nimedixmedical.com\/notre-catalogue\/sac-a-dos-ambulance\/"},"modified":"2026-01-12T15:34:03","modified_gmt":"2026-01-12T14:34:03","slug":"sac-a-dos-ambulance","status":"publish","type":"product","link":"https:\/\/nimedixmedical.com\/fr\/notre-catalogue\/sac-a-dos-ambulance\/","title":{"rendered":"Sac \u00c0 Dos Ambulance"},"content":{"rendered":"<p>Le sac \u00e0 dos ambulance est un outil essentiel pour les professionnels de la sant\u00e9. Con\u00e7u pour le transport de mat\u00e9riel m\u00e9dical, il garantit une organisation efficace et une accessibilit\u00e9 rapide dans des situations d&#8217;urgence. Sa conception modulaire et robuste en fait un compagnon fiable lors des interventions.<\/p>\n<h2>Caract\u00e9ristiques<\/h2>\n<ul>\n<li>Mat\u00e9riau : Polyester r\u00e9sistant et durable.<\/li>\n<li>Dimensions : 40 x 30 x 57 cm.<\/li>\n<li>Modularit\u00e9 : 8 \u00e9tuis internes, dont 4 color\u00e9s avec poign\u00e9e et 4 \u00e0 fen\u00eatre transparente.<\/li>\n<li>Fixation : Bandes velcro internes pour maintenir les \u00e9tuis en place.<\/li>\n<li>Fermetures : Larges fermetures \u00e0 glissi\u00e8re de 10 mm pour un acc\u00e8s facile.<\/li>\n<li>S\u00e9curit\u00e9 : Inclut une double bande r\u00e9fl\u00e9chissante jaune pour plus de visibilit\u00e9.<\/li>\n<li>Base : Fond en caoutchouc pour une meilleure r\u00e9sistance aux intemp\u00e9ries.<\/li>\n<\/ul>\n<h2>Livraison<\/h2>\n<ul>\n<li><strong>France :<\/strong> Livraison directe.<\/li>\n<li><strong>Export (Europe et Afrique) :<\/strong> Sur devis.<\/li>\n<\/ul>\n","protected":false},"excerpt":{"rendered":"<ul>\n<li>Usage : Id\u00e9al pour les professionnels de la sant\u00e9 en situation d&#8217;urgence.<\/li>\n<li>B\u00e9n\u00e9fice : Organisation optimale gr\u00e2ce \u00e0 ses 8 \u00e9tuis internes modulaires.<\/li>\n<li>Durabilit\u00e9 : Con\u00e7u en polyester robuste avec un fond en caoutchouc pour une utilisation prolong\u00e9e.<\/li>\n<li>Visibilit\u00e9 : \u00c9quip\u00e9 d&#8217;une double bande r\u00e9fl\u00e9chissante pour une meilleure s\u00e9curit\u00e9 nocturne.<\/li>\n<\/ul>\n","protected":false},"featured_media":111230,"comment_status":"open","ping_status":"open","template":"","meta":{"inline_featured_image":false},"product_brand":[],"product_cat":[1194,1195],"product_tag":[],"class_list":{"0":"post-111229","1":"product","2":"type-product","3":"status-publish","4":"has-post-thumbnail","6":"product_cat-mallettes-medicales","7":"product_cat-sacs-et-sacs-a-dos-en-nylon","9":"first","10":"instock","11":"sale","12":"taxable","13":"shipping-taxable","14":"purchasable","15":"product-type-simple"},"_links":{"self":[{"href":"https:\/\/nimedixmedical.com\/fr\/wp-json\/wp\/v2\/product\/111229","targetHints":{"allow":["GET"]}}],"collection":[{"href":"https:\/\/nimedixmedical.com\/fr\/wp-json\/wp\/v2\/product"}],"about":[{"href":"https:\/\/nimedixmedical.com\/fr\/wp-json\/wp\/v2\/types\/product"}],"replies":[{"embeddable":true,"href":"https:\/\/nimedixmedical.com\/fr\/wp-json\/wp\/v2\/comments?post=111229"}],"wp:featuredmedia":[{"embeddable":true,"href":"https:\/\/nimedixmedical.com\/fr\/wp-json\/wp\/v2\/media\/111230"}],"wp:attachment":[{"href":"https:\/\/nimedixmedical.com\/fr\/wp-json\/wp\/v2\/media?parent=111229"}],"wp:term":[{"taxonomy":"product_brand","embeddable":true,"href":"https:\/\/nimedixmedical.com\/fr\/wp-json\/wp\/v2\/product_brand?post=111229"},{"taxonomy":"product_cat","embeddable":true,"href":"https:\/\/nimedixmedical.com\/fr\/wp-json\/wp\/v2\/product_cat?post=111229"},{"taxonomy":"product_tag","embeddable":true,"href":"https:\/\/nimedixmedical.com\/fr\/wp-json\/wp\/v2\/product_tag?post=111229"}],"curies":[{"name":"wp","href":"https:\/\/api.w.org\/{rel}","templated":true}]}}