{"id":111170,"date":"2025-11-30T21:27:49","date_gmt":"2025-11-30T20:27:49","guid":{"rendered":"https:\/\/nimedixmedical.com\/notre-catalogue\/bracelet-suiveur-dactivite-fitband\/"},"modified":"2026-01-12T15:33:48","modified_gmt":"2026-01-12T14:33:48","slug":"bracelet-suiveur-dactivite-fitband","status":"publish","type":"product","link":"https:\/\/nimedixmedical.com\/fr\/notre-catalogue\/bracelet-suiveur-dactivite-fitband\/","title":{"rendered":"Bracelet Suiveur D&#8217;activit\u00e9 Fitband"},"content":{"rendered":"<p>Le bracelet suiveur d&#8217;activit\u00e9 FitBand est un appareil essentiel pour ceux qui souhaitent surveiller leur sant\u00e9 et performance physique. Gr\u00e2ce \u00e0 ses fonctionnalit\u00e9s avanc\u00e9es, il permet un suivi pr\u00e9cis et constant de diff\u00e9rents param\u00e8tres vitaux, facilitant ainsi une meilleure gestion de votre bien-\u00eatre.<\/p>\n<h2>Caract\u00e9ristiques<\/h2>\n<ul>\n<li>Suivi de la fr\u00e9quence cardiaque, des calories br\u00fbl\u00e9es, de la pression art\u00e9rielle et du niveau de SpO2.<\/li>\n<li>Mesure des pas et de la distance parcourue.<\/li>\n<li>Trois modes d&#8217;activit\u00e9s sportives : course, v\u00e9lo et saut \u00e0 la corde.<\/li>\n<li>\u00c9cran avec 4 niveaux de luminosit\u00e9 r\u00e9glables.<\/li>\n<li>Dimensions : 42x23x9,5 mm, capacit\u00e9 de la batterie : 90 mAh.<\/li>\n<li>Recharge par USB avec une protection IP67 contre les liquides.<\/li>\n<\/ul>\n<h2>Livraison<\/h2>\n<ul>\n<li><strong>France :<\/strong> Livraison directe.<\/li>\n<li><strong>Export (Europe et Afrique) :<\/strong> Sur devis.<\/li>\n<\/ul>\n","protected":false},"excerpt":{"rendered":"<ul>\n<li>Suivi de multiples param\u00e8tres de sant\u00e9 : fr\u00e9quence cardiaque, calories, pression art\u00e9rielle et SpO2.<\/li>\n<li>Modes sportifs vari\u00e9s : course, v\u00e9lo et saut \u00e0 la corde pour un suivi personnalis\u00e9 de votre activit\u00e9 physique.<\/li>\n<li>Fonctionnalit\u00e9s intelligentes : notifications d&#8217;appel, m\u00e9t\u00e9o et r\u00e9veil pour une gestion optimale de votre quotidien.<\/li>\n<li>Imperm\u00e9able et rechargeable : con\u00e7u pour un usage quotidien avec une autonomie suffisante.<\/li>\n<\/ul>\n","protected":false},"featured_media":111171,"comment_status":"open","ping_status":"open","template":"","meta":{"inline_featured_image":false},"product_brand":[],"product_cat":[1192,1182],"product_tag":[],"class_list":{"0":"post-111170","1":"product","2":"type-product","3":"status-publish","4":"has-post-thumbnail","6":"product_cat-appareils-de-mesure-medicaux-et-moniteur-de-frequence-cardiaque","7":"product_cat-balances-et-compteurs","9":"first","10":"instock","11":"sale","12":"taxable","13":"shipping-taxable","14":"purchasable","15":"product-type-simple"},"_links":{"self":[{"href":"https:\/\/nimedixmedical.com\/fr\/wp-json\/wp\/v2\/product\/111170","targetHints":{"allow":["GET"]}}],"collection":[{"href":"https:\/\/nimedixmedical.com\/fr\/wp-json\/wp\/v2\/product"}],"about":[{"href":"https:\/\/nimedixmedical.com\/fr\/wp-json\/wp\/v2\/types\/product"}],"replies":[{"embeddable":true,"href":"https:\/\/nimedixmedical.com\/fr\/wp-json\/wp\/v2\/comments?post=111170"}],"wp:featuredmedia":[{"embeddable":true,"href":"https:\/\/nimedixmedical.com\/fr\/wp-json\/wp\/v2\/media\/111171"}],"wp:attachment":[{"href":"https:\/\/nimedixmedical.com\/fr\/wp-json\/wp\/v2\/media?parent=111170"}],"wp:term":[{"taxonomy":"product_brand","embeddable":true,"href":"https:\/\/nimedixmedical.com\/fr\/wp-json\/wp\/v2\/product_brand?post=111170"},{"taxonomy":"product_cat","embeddable":true,"href":"https:\/\/nimedixmedical.com\/fr\/wp-json\/wp\/v2\/product_cat?post=111170"},{"taxonomy":"product_tag","embeddable":true,"href":"https:\/\/nimedixmedical.com\/fr\/wp-json\/wp\/v2\/product_tag?post=111170"}],"curies":[{"name":"wp","href":"https:\/\/api.w.org\/{rel}","templated":true}]}}