{"id":111111,"date":"2025-11-30T21:26:54","date_gmt":"2025-11-30T20:26:54","guid":{"rendered":"https:\/\/nimedixmedical.com\/notre-catalogue\/metre-ruban-professionnel\/"},"modified":"2026-01-12T15:33:33","modified_gmt":"2026-01-12T14:33:33","slug":"metre-ruban-professionnel","status":"publish","type":"product","link":"https:\/\/nimedixmedical.com\/fr\/notre-catalogue\/metre-ruban-professionnel\/","title":{"rendered":"M\u00e8tre Ruban Professionnel"},"content":{"rendered":"<p>Le m\u00e8tre ruban professionnel est un outil essentiel pour les professionnels de la sant\u00e9 souhaitant \u00e9valuer le risque m\u00e9tabolique chez leurs patients, qu&#8217;ils soient adultes ou enfants. Sa conception ergonomique facilite la mesure du p\u00e9rim\u00e8tre abdominal et cr\u00e2nien.<\/p>\n<h2>Caract\u00e9ristiques<\/h2>\n<ul>\n<li>Longueur du ruban : 8-150 cm.<\/li>\n<li>Ruban color\u00e9 des deux c\u00f4t\u00e9s pour une identification facile des mesures.<\/li>\n<li>Forme arrondie pour un confort optimal lors de la mesure du p\u00e9rim\u00e8tre cr\u00e2nien.<\/li>\n<li>Emballage : livr\u00e9 dans une bo\u00eete individuelle pour une protection optimale.<\/li>\n<li>Inclus : Bo\u00eetier avec r\u00e8gle pour comparaison des circonf\u00e9rences de la t\u00eate des enfants (de 0 \u00e0 36 mois).<\/li>\n<li>Mode d&#8217;emploi disponible en plusieurs langues : GB, FR, IT, DE, ES, GR, PT, Arabe.<\/li>\n<\/ul>\n<h2>Livraison<\/h2>\n<ul>\n<li><strong>France :<\/strong> Livraison directe.<\/li>\n<li><strong>Export (Europe et Afrique) :<\/strong> Sur devis.<\/li>\n<\/ul>\n","protected":false},"excerpt":{"rendered":"<ul>\n<li>Id\u00e9al pour mesurer le p\u00e9rim\u00e8tre abdominal et cr\u00e2nien chez les adultes et les enfants.<\/li>\n<li>\u00c9valuation du risque m\u00e9tabolique gr\u00e2ce \u00e0 une mesure pr\u00e9cise.<\/li>\n<li>Bo\u00eetier fourni avec une r\u00e8gle pour comparer la circonf\u00e9rence de la t\u00eate des enfants.<\/li>\n<li>Mode d&#8217;emploi multilingue inclus pour une utilisation facile.<\/li>\n<\/ul>\n","protected":false},"featured_media":111112,"comment_status":"open","ping_status":"open","template":"","meta":{"inline_featured_image":false},"product_brand":[],"product_cat":[1192,1182],"product_tag":[],"class_list":{"0":"post-111111","1":"product","2":"type-product","3":"status-publish","4":"has-post-thumbnail","6":"product_cat-appareils-de-mesure-medicaux-et-moniteur-de-frequence-cardiaque","7":"product_cat-balances-et-compteurs","9":"first","10":"instock","11":"sale","12":"taxable","13":"shipping-taxable","14":"purchasable","15":"product-type-simple"},"_links":{"self":[{"href":"https:\/\/nimedixmedical.com\/fr\/wp-json\/wp\/v2\/product\/111111","targetHints":{"allow":["GET"]}}],"collection":[{"href":"https:\/\/nimedixmedical.com\/fr\/wp-json\/wp\/v2\/product"}],"about":[{"href":"https:\/\/nimedixmedical.com\/fr\/wp-json\/wp\/v2\/types\/product"}],"replies":[{"embeddable":true,"href":"https:\/\/nimedixmedical.com\/fr\/wp-json\/wp\/v2\/comments?post=111111"}],"wp:featuredmedia":[{"embeddable":true,"href":"https:\/\/nimedixmedical.com\/fr\/wp-json\/wp\/v2\/media\/111112"}],"wp:attachment":[{"href":"https:\/\/nimedixmedical.com\/fr\/wp-json\/wp\/v2\/media?parent=111111"}],"wp:term":[{"taxonomy":"product_brand","embeddable":true,"href":"https:\/\/nimedixmedical.com\/fr\/wp-json\/wp\/v2\/product_brand?post=111111"},{"taxonomy":"product_cat","embeddable":true,"href":"https:\/\/nimedixmedical.com\/fr\/wp-json\/wp\/v2\/product_cat?post=111111"},{"taxonomy":"product_tag","embeddable":true,"href":"https:\/\/nimedixmedical.com\/fr\/wp-json\/wp\/v2\/product_tag?post=111111"}],"curies":[{"name":"wp","href":"https:\/\/api.w.org\/{rel}","templated":true}]}}