{"id":111074,"date":"2025-11-30T21:26:54","date_gmt":"2025-11-30T20:26:54","guid":{"rendered":"https:\/\/nimedixmedical.com\/notre-catalogue\/balance-danalyse-corporelle-soehnle-exacta\/"},"modified":"2026-01-12T15:33:24","modified_gmt":"2026-01-12T14:33:24","slug":"balance-danalyse-corporelle-soehnle-exacta","status":"publish","type":"product","link":"https:\/\/nimedixmedical.com\/fr\/notre-catalogue\/balance-danalyse-corporelle-soehnle-exacta\/","title":{"rendered":"Balance D&#8217;analyse Corporelle Soehnle Exacta"},"content":{"rendered":"<p>La balance d&#8217;analyse corporelle Soehnle Exacta Deluxe est un outil essentiel pour surveiller votre sant\u00e9 et votre bien-\u00eatre. Gr\u00e2ce \u00e0 ses fonctionnalit\u00e9s avanc\u00e9es, elle permet de mesurer plusieurs param\u00e8tres corporels, offrant ainsi une vision globale de votre condition physique.<\/p>\n<h2>Caract\u00e9ristiques<\/h2>\n<ul>\n<li>Mesure du poids, de la masse grasse, hydrique et musculaire.<\/li>\n<li>Consommation quotidienne de calories calcul\u00e9e.<\/li>\n<li>Capteur tactile pour une utilisation facile.<\/li>\n<li>\u00c9cran LCD de 31 mm, lisible et clair.<\/li>\n<li>Plateforme en verre de s\u00e9curit\u00e9 pour une durabilit\u00e9 accrue.<\/li>\n<li>M\u00e9moire pour 8 utilisateurs, pratique pour les familles.<\/li>\n<li>Commutable en lb\/kg\/st selon vos pr\u00e9f\u00e9rences.<\/li>\n<li>Fonction marche\/arr\u00eat automatique pour \u00e9conomiser les batteries.<\/li>\n<li>Capacit\u00e9 maximale : 180 kg, minimale : 3 kg.<\/li>\n<li>Pr\u00e9cision de 100 g pour des mesures fiables.<\/li>\n<li>Dimensions : 310x310x22 mm.<\/li>\n<li>Alimentation par 2 batteries CR2032 (fournies).<\/li>\n<li>Garantie de 3 ans pour une tranquillit\u00e9 d&#8217;esprit.<\/li>\n<\/ul>\n<h2>Livraison<\/h2>\n<ul>\n<li><strong>France :<\/strong> Livraison directe.<\/li>\n<li><strong>Export (Europe et Afrique) :<\/strong> Sur devis.<\/li>\n<\/ul>\n","protected":false},"excerpt":{"rendered":"<ul>\n<li>Mesure compl\u00e8te : poids, masse grasse, hydrique et musculaire.<\/li>\n<li>Pr\u00e9cision de 100 g pour un suivi fiable de votre sant\u00e9.<\/li>\n<li>M\u00e9moire pour 8 utilisateurs, id\u00e9ale pour les familles.<\/li>\n<li>\u00c9cran LCD facile \u00e0 lire et plateforme en verre de s\u00e9curit\u00e9.<\/li>\n<\/ul>\n","protected":false},"featured_media":111075,"comment_status":"open","ping_status":"open","template":"","meta":{"inline_featured_image":false},"product_brand":[],"product_cat":[1191,1182,1189],"product_tag":[],"class_list":{"0":"post-111074","1":"product","2":"type-product","3":"status-publish","4":"has-post-thumbnail","6":"product_cat-analyseur-de-masse-corporelle","7":"product_cat-balances-et-compteurs","8":"product_cat-balances-familiales","10":"first","11":"outofstock","12":"sale","13":"taxable","14":"shipping-taxable","15":"purchasable","16":"product-type-simple"},"_links":{"self":[{"href":"https:\/\/nimedixmedical.com\/fr\/wp-json\/wp\/v2\/product\/111074","targetHints":{"allow":["GET"]}}],"collection":[{"href":"https:\/\/nimedixmedical.com\/fr\/wp-json\/wp\/v2\/product"}],"about":[{"href":"https:\/\/nimedixmedical.com\/fr\/wp-json\/wp\/v2\/types\/product"}],"replies":[{"embeddable":true,"href":"https:\/\/nimedixmedical.com\/fr\/wp-json\/wp\/v2\/comments?post=111074"}],"wp:featuredmedia":[{"embeddable":true,"href":"https:\/\/nimedixmedical.com\/fr\/wp-json\/wp\/v2\/media\/111075"}],"wp:attachment":[{"href":"https:\/\/nimedixmedical.com\/fr\/wp-json\/wp\/v2\/media?parent=111074"}],"wp:term":[{"taxonomy":"product_brand","embeddable":true,"href":"https:\/\/nimedixmedical.com\/fr\/wp-json\/wp\/v2\/product_brand?post=111074"},{"taxonomy":"product_cat","embeddable":true,"href":"https:\/\/nimedixmedical.com\/fr\/wp-json\/wp\/v2\/product_cat?post=111074"},{"taxonomy":"product_tag","embeddable":true,"href":"https:\/\/nimedixmedical.com\/fr\/wp-json\/wp\/v2\/product_tag?post=111074"}],"curies":[{"name":"wp","href":"https:\/\/api.w.org\/{rel}","templated":true}]}}