{"id":111061,"date":"2025-11-30T21:26:54","date_gmt":"2025-11-30T20:26:54","guid":{"rendered":"https:\/\/nimedixmedical.com\/notre-catalogue\/moniteur-de-la-composition-corporelle-omron-bf511\/"},"modified":"2026-01-12T15:33:19","modified_gmt":"2026-01-12T14:33:19","slug":"moniteur-de-la-composition-corporelle-omron-bf511","status":"publish","type":"product","link":"https:\/\/nimedixmedical.com\/fr\/notre-catalogue\/moniteur-de-la-composition-corporelle-omron-bf511\/","title":{"rendered":"Moniteur de la Composition Corporelle OMRON Bf511"},"content":{"rendered":"<p>Le moniteur de la composition corporelle OMRON BF511 est un dispositif m\u00e9dical valid\u00e9, offrant une analyse pr\u00e9cise de la composition corporelle. Id\u00e9al pour les familles, il est \u00e9galement adapt\u00e9 aux enfants, permettant un suivi d\u00e9taill\u00e9 de la sant\u00e9 et de la condition physique.<\/p>\n<h2>Caract\u00e9ristiques<\/h2>\n<ul>\n<li>Dispositif m\u00e9dical valid\u00e9 pour une utilisation familiale, y compris pour les enfants.<\/li>\n<li>Mesures de la graisse corporelle, graisse visc\u00e9rale, niveau de muscle squelettique, IMC, et m\u00e9tabolisme de base.<\/li>\n<li>Utilise la technologie d&#8217;imp\u00e9dance bio\u00e9lectrique pour des r\u00e9sultats fiables.<\/li>\n<li>\u00c9quip\u00e9 de 8 capteurs int\u00e9gr\u00e9s dans les poign\u00e9es et les pieds pour une analyse compl\u00e8te.<\/li>\n<li>Bo\u00eete et mode d&#8217;emploi disponibles en plusieurs langues : GB, IT, FR, DE, NL, RU, Arabe.<\/li>\n<li>Fonctionne avec 4 piles AA incluses.<\/li>\n<\/ul>\n<h2>Livraison<\/h2>\n<ul>\n<li><strong>France :<\/strong> Livraison directe.<\/li>\n<li><strong>Export (Europe et Afrique) :<\/strong> Sur devis.<\/li>\n<\/ul>\n","protected":false},"excerpt":{"rendered":"<ul>\n<li>Mesure compl\u00e8te de la composition corporelle avec pr\u00e9cision clinique.<\/li>\n<li>Analyse de la graisse corporelle et visc\u00e9rale, IMC et m\u00e9tabolisme de base.<\/li>\n<li>Facilit\u00e9 d&#8217;utilisation gr\u00e2ce \u00e0 8 capteurs pour des r\u00e9sultats pr\u00e9cis.<\/li>\n<li>Inclus : 4 batteries AA et mode d&#8217;emploi multilingue.<\/li>\n<\/ul>\n","protected":false},"featured_media":111062,"comment_status":"open","ping_status":"open","template":"","meta":{"inline_featured_image":false},"product_brand":[],"product_cat":[1191,1182,1189],"product_tag":[],"class_list":{"0":"post-111061","1":"product","2":"type-product","3":"status-publish","4":"has-post-thumbnail","6":"product_cat-analyseur-de-masse-corporelle","7":"product_cat-balances-et-compteurs","8":"product_cat-balances-familiales","10":"first","11":"instock","12":"sale","13":"taxable","14":"shipping-taxable","15":"purchasable","16":"product-type-simple"},"_links":{"self":[{"href":"https:\/\/nimedixmedical.com\/fr\/wp-json\/wp\/v2\/product\/111061","targetHints":{"allow":["GET"]}}],"collection":[{"href":"https:\/\/nimedixmedical.com\/fr\/wp-json\/wp\/v2\/product"}],"about":[{"href":"https:\/\/nimedixmedical.com\/fr\/wp-json\/wp\/v2\/types\/product"}],"replies":[{"embeddable":true,"href":"https:\/\/nimedixmedical.com\/fr\/wp-json\/wp\/v2\/comments?post=111061"}],"wp:featuredmedia":[{"embeddable":true,"href":"https:\/\/nimedixmedical.com\/fr\/wp-json\/wp\/v2\/media\/111062"}],"wp:attachment":[{"href":"https:\/\/nimedixmedical.com\/fr\/wp-json\/wp\/v2\/media?parent=111061"}],"wp:term":[{"taxonomy":"product_brand","embeddable":true,"href":"https:\/\/nimedixmedical.com\/fr\/wp-json\/wp\/v2\/product_brand?post=111061"},{"taxonomy":"product_cat","embeddable":true,"href":"https:\/\/nimedixmedical.com\/fr\/wp-json\/wp\/v2\/product_cat?post=111061"},{"taxonomy":"product_tag","embeddable":true,"href":"https:\/\/nimedixmedical.com\/fr\/wp-json\/wp\/v2\/product_tag?post=111061"}],"curies":[{"name":"wp","href":"https:\/\/api.w.org\/{rel}","templated":true}]}}