{"id":111051,"date":"2025-11-30T21:26:00","date_gmt":"2025-11-30T20:26:00","guid":{"rendered":"https:\/\/nimedixmedical.com\/notre-catalogue\/balance-digitale-en-verre-noir\/"},"modified":"2026-01-12T15:33:16","modified_gmt":"2026-01-12T14:33:16","slug":"balance-digitale-en-verre-noir","status":"publish","type":"product","link":"https:\/\/nimedixmedical.com\/fr\/notre-catalogue\/balance-digitale-en-verre-noir\/","title":{"rendered":"Balance Digitale en Verre &#8211; Noir"},"content":{"rendered":"<p>La balance num\u00e9rique en verre noire est un outil essentiel pour le suivi du poids \u00e0 domicile, permettant aux utilisateurs de prendre soin de leur sant\u00e9 avec pr\u00e9cision et style. Avec son design moderne et ses fonctionnalit\u00e9s avanc\u00e9es, elle s&#8217;adapte parfaitement \u00e0 tous les environnements.<\/p>\n<h2>Caract\u00e9ristiques<\/h2>\n<ul>\n<li>Plateau en verre tremp\u00e9 de 6 mm d&#8217;\u00e9paisseur.<\/li>\n<li>Ultra-mince avec une hauteur de seulement 19 mm.<\/li>\n<li>4 capteurs G haute pr\u00e9cision pour des mesures exactes.<\/li>\n<li>D\u00e9marrage et arr\u00eat automatiques pour un usage pratique.<\/li>\n<li>Affichage commutable en lb\/kg\/st.<\/li>\n<li>\u00c9cran LCD de 72&#215;35 mm pour une lecture facile.<\/li>\n<li>Capacit\u00e9 maximale de 150 kg (330 lb) et minimale de 5 kg (11 lb).<\/li>\n<li>Pr\u00e9cision de 100 g (0,2 lb).<\/li>\n<li>Dimensions : 300x300x19 mm.<\/li>\n<li>Alimentation par 1 batterie CR2032 au lithium (non comprise).<\/li>\n<li>Garantie de 2 ans.<\/li>\n<\/ul>\n<h2>Livraison<\/h2>\n<ul>\n<li><strong>France :<\/strong> Livraison directe.<\/li>\n<li><strong>Export (Europe et Afrique) :<\/strong> Sur devis.<\/li>\n<\/ul>\n","protected":false},"excerpt":{"rendered":"<ul>\n<li>Utilisation quotidienne pour le suivi de votre poids et de votre sant\u00e9.<\/li>\n<li>Design \u00e9l\u00e9gant avec plateau en verre tremp\u00e9 pour une touche moderne.<\/li>\n<li>Haute pr\u00e9cision pour des mesures fiables gr\u00e2ce \u00e0 ses 4 capteurs G.<\/li>\n<li>Fonctionnalit\u00e9 d&#8217;arr\u00eat automatique pour \u00e9conomiser la batterie.<\/li>\n<\/ul>\n","protected":false},"featured_media":111052,"comment_status":"open","ping_status":"open","template":"","meta":{"inline_featured_image":false},"product_brand":[],"product_cat":[1182,1189,1190],"product_tag":[],"class_list":{"0":"post-111051","1":"product","2":"type-product","3":"status-publish","4":"has-post-thumbnail","6":"product_cat-balances-et-compteurs","7":"product_cat-balances-familiales","8":"product_cat-pese-personnes","10":"first","11":"instock","12":"sale","13":"taxable","14":"shipping-taxable","15":"purchasable","16":"product-type-simple"},"_links":{"self":[{"href":"https:\/\/nimedixmedical.com\/fr\/wp-json\/wp\/v2\/product\/111051","targetHints":{"allow":["GET"]}}],"collection":[{"href":"https:\/\/nimedixmedical.com\/fr\/wp-json\/wp\/v2\/product"}],"about":[{"href":"https:\/\/nimedixmedical.com\/fr\/wp-json\/wp\/v2\/types\/product"}],"replies":[{"embeddable":true,"href":"https:\/\/nimedixmedical.com\/fr\/wp-json\/wp\/v2\/comments?post=111051"}],"wp:featuredmedia":[{"embeddable":true,"href":"https:\/\/nimedixmedical.com\/fr\/wp-json\/wp\/v2\/media\/111052"}],"wp:attachment":[{"href":"https:\/\/nimedixmedical.com\/fr\/wp-json\/wp\/v2\/media?parent=111051"}],"wp:term":[{"taxonomy":"product_brand","embeddable":true,"href":"https:\/\/nimedixmedical.com\/fr\/wp-json\/wp\/v2\/product_brand?post=111051"},{"taxonomy":"product_cat","embeddable":true,"href":"https:\/\/nimedixmedical.com\/fr\/wp-json\/wp\/v2\/product_cat?post=111051"},{"taxonomy":"product_tag","embeddable":true,"href":"https:\/\/nimedixmedical.com\/fr\/wp-json\/wp\/v2\/product_tag?post=111051"}],"curies":[{"name":"wp","href":"https:\/\/api.w.org\/{rel}","templated":true}]}}