{"id":110973,"date":"2025-11-30T21:24:52","date_gmt":"2025-11-30T20:24:52","guid":{"rendered":"https:\/\/nimedixmedical.com\/notre-catalogue\/pese-personne-professionnel-a-leviers-wunder-c201-200-kg-avec-stadiometre-classe-iii-personnalise\/"},"modified":"2026-01-12T15:32:58","modified_gmt":"2026-01-12T14:32:58","slug":"pese-personne-professionnel-a-leviers-wunder-c201-200-kg-avec-stadiometre-classe-iii-personnalise","status":"publish","type":"product","link":"https:\/\/nimedixmedical.com\/fr\/notre-catalogue\/pese-personne-professionnel-a-leviers-wunder-c201-200-kg-avec-stadiometre-classe-iii-personnalise\/","title":{"rendered":"P\u00e8se-personne Professionnel \u00c0 Leviers Wunder C201 200 kg avec Stadiom\u00e8tre &#8211; Classe Iii &#8211; Personnalis\u00e9"},"content":{"rendered":"<p>Le p\u00e8se-personne professionnel \u00e0 leviers WUNDER C201 est con\u00e7u pour offrir une solution fiable et pr\u00e9cise dans le domaine m\u00e9dical. Sa robustesse et sa facilit\u00e9 d&#8217;utilisation en font un outil indispensable pour les professionnels de sant\u00e9.<\/p>\n<h2>Caract\u00e9ristiques<\/h2>\n<ul>\n<li>Capacit\u00e9 maximale : 200 kg avec une pr\u00e9cision de 100 g.<\/li>\n<li>Stadiom\u00e8tre t\u00e9lescopique int\u00e9gr\u00e9, mesurant de 60 \u00e0 212 cm.<\/li>\n<li>Structure en m\u00e9tal peint avec plateau en caoutchouc pour une meilleure adh\u00e9rence.<\/li>\n<li>\u00c9quip\u00e9 de leviers en fonte et d&#8217;un tirant \u00e0 tige d\u2019\u00e9quilibre non automatique.<\/li>\n<li>Dimensions du plateau : 275x375xh 115 mm, hauteur de la colonne : 1 200 mm.<\/li>\n<li>Dimensions totales : 420x570xh 1500 mm, poids : 15 kg.<\/li>\n<li>Options personnalisables : unit\u00e9 de mesure kg\/lb et \u00e9talonnage adapt\u00e9.<\/li>\n<li>Certifi\u00e9 MDR pour une utilisation conforme aux normes de s\u00e9curit\u00e9.<\/li>\n<\/ul>\n<h2>Livraison<\/h2>\n<ul>\n<li><strong>France :<\/strong> Livraison directe.<\/li>\n<li><strong>Export (Europe et Afrique) :<\/strong> Sur devis.<\/li>\n<\/ul>\n","protected":false},"excerpt":{"rendered":"<ul>\n<li>Usage : P\u00e8se-personne professionnel \u00e0 leviers, id\u00e9al pour les \u00e9tablissements de sant\u00e9.<\/li>\n<li>B\u00e9n\u00e9fice : Pr\u00e9cision de mesure de 100 g pour un suivi m\u00e9dical rigoureux.<\/li>\n<li>Personnalisation : Options d&#8217;\u00e9talonnage et unit\u00e9 de mesure adapt\u00e9es aux besoins sp\u00e9cifiques.<\/li>\n<li>Transport facile : \u00c9quip\u00e9 de roues et stadiom\u00e8tre t\u00e9lescopique pour un usage pratique.<\/li>\n<\/ul>\n","protected":false},"featured_media":110974,"comment_status":"open","ping_status":"open","template":"","meta":{"inline_featured_image":false},"product_brand":[],"product_cat":[1182,1185,1186],"product_tag":[],"class_list":{"0":"post-110973","1":"product","2":"type-product","3":"status-publish","4":"has-post-thumbnail","6":"product_cat-balances-et-compteurs","7":"product_cat-balances-medicales-pour-adultes","8":"product_cat-balances-plate-forme-mecaniques","10":"first","11":"outofstock","12":"sale","13":"taxable","14":"shipping-taxable","15":"purchasable","16":"product-type-simple"},"_links":{"self":[{"href":"https:\/\/nimedixmedical.com\/fr\/wp-json\/wp\/v2\/product\/110973","targetHints":{"allow":["GET"]}}],"collection":[{"href":"https:\/\/nimedixmedical.com\/fr\/wp-json\/wp\/v2\/product"}],"about":[{"href":"https:\/\/nimedixmedical.com\/fr\/wp-json\/wp\/v2\/types\/product"}],"replies":[{"embeddable":true,"href":"https:\/\/nimedixmedical.com\/fr\/wp-json\/wp\/v2\/comments?post=110973"}],"wp:featuredmedia":[{"embeddable":true,"href":"https:\/\/nimedixmedical.com\/fr\/wp-json\/wp\/v2\/media\/110974"}],"wp:attachment":[{"href":"https:\/\/nimedixmedical.com\/fr\/wp-json\/wp\/v2\/media?parent=110973"}],"wp:term":[{"taxonomy":"product_brand","embeddable":true,"href":"https:\/\/nimedixmedical.com\/fr\/wp-json\/wp\/v2\/product_brand?post=110973"},{"taxonomy":"product_cat","embeddable":true,"href":"https:\/\/nimedixmedical.com\/fr\/wp-json\/wp\/v2\/product_cat?post=110973"},{"taxonomy":"product_tag","embeddable":true,"href":"https:\/\/nimedixmedical.com\/fr\/wp-json\/wp\/v2\/product_tag?post=110973"}],"curies":[{"name":"wp","href":"https:\/\/api.w.org\/{rel}","templated":true}]}}