{"id":110923,"date":"2025-11-30T21:24:52","date_gmt":"2025-11-30T20:24:52","guid":{"rendered":"https:\/\/nimedixmedical.com\/notre-catalogue\/plateforme-de-pesee-numerique-wunder-rw02-300-kg-classe-iii\/"},"modified":"2026-01-12T15:32:48","modified_gmt":"2026-01-12T14:32:48","slug":"plateforme-de-pesee-numerique-wunder-rw02-300-kg-classe-iii","status":"publish","type":"product","link":"https:\/\/nimedixmedical.com\/fr\/notre-catalogue\/plateforme-de-pesee-numerique-wunder-rw02-300-kg-classe-iii\/","title":{"rendered":"Plateforme de Pes\u00e9e Num\u00e9rique Wunder Rw02 300 kg &#8211; Classe Iii"},"content":{"rendered":"<p>La plateforme de pes\u00e9e num\u00e9rique WUNDER RW02 est con\u00e7ue pour un usage m\u00e9dical, offrant une solution efficace pour peser les patients en fauteuil roulant. Sa conception ergonomique et ses fonctionnalit\u00e9s avanc\u00e9es en font un outil indispensable dans les \u00e9tablissements de sant\u00e9.<\/p>\n<h2>Caract\u00e9ristiques<\/h2>\n<ul>\n<li>Capacit\u00e9 : 300 kg<\/li>\n<li>Pr\u00e9cision : 100 g<\/li>\n<li>\u00c9cran : Double LCD (20 mm pour le poids, 12 mm pour la taille et l&#8217;IMC)<\/li>\n<li>Dimensions : 840 x 1150 x h 70 mm<\/li>\n<li>Dimensions du plateau : 800 x 1150 x h 70 mm<\/li>\n<li>Surface de pesage : 740 x 900 mm<\/li>\n<li>Poids : 24 kg<\/li>\n<li>Alimentation : Adaptateur 12V &#8211; 2A inclus, 6 piles AAA (non incluses) ou batterie rechargeable (optionnelle)<\/li>\n<li>Fonctions : poids, tare, blocage du poids, IMC, remise \u00e0 z\u00e9ro automatique, arr\u00eat automatique programmable<\/li>\n<li>Accessoires : adaptateur d&#8217;alimentation, interface RS232, niveau, pieds r\u00e9glables, double rampe, poign\u00e9e de transport, 2 roulettes, c\u00e2ble de connexion de 2 m<\/li>\n<li>Certifi\u00e9e MDR<\/li>\n<li>Mode d&#8217;emploi multilingue : GB, IT, ES<\/li>\n<li>Made in Italy<\/li>\n<\/ul>\n<h2>Livraison<\/h2>\n<ul>\n<li><strong>France :<\/strong> Livraison directe.<\/li>\n<li><strong>Export (Europe et Afrique) :<\/strong> Sur devis.<\/li>\n<\/ul>\n","protected":false},"excerpt":{"rendered":"<ul>\n<li>Usage : Id\u00e9ale pour peser des patients en fauteuil roulant gr\u00e2ce \u00e0 son plateau large et accessible.<\/li>\n<li>B\u00e9n\u00e9fice : Facilit\u00e9 d&#8217;utilisation avec \u00e9cran LCD double et fonctions avanc\u00e9es telles que l&#8217;IMC et le blocage du poids.<\/li>\n<li>Pr\u00e9cision : Capacit\u00e9 de 300 kg avec une pr\u00e9cision de 100 g, garantissant des mesures fiables.<\/li>\n<li>Conception pratique : \u00c9quip\u00e9e de roulettes et d&#8217;une poign\u00e9e pour un transport ais\u00e9.<\/li>\n<\/ul>\n","protected":false},"featured_media":110924,"comment_status":"open","ping_status":"open","template":"","meta":{"inline_featured_image":false},"product_brand":[],"product_cat":[1182,1184],"product_tag":[],"class_list":{"0":"post-110923","1":"product","2":"type-product","3":"status-publish","4":"has-post-thumbnail","6":"product_cat-balances-et-compteurs","7":"product_cat-balances-pour-chaise-fauteuil-roulant-et-de-lit","9":"first","10":"instock","11":"sale","12":"taxable","13":"shipping-taxable","14":"purchasable","15":"product-type-simple"},"_links":{"self":[{"href":"https:\/\/nimedixmedical.com\/fr\/wp-json\/wp\/v2\/product\/110923","targetHints":{"allow":["GET"]}}],"collection":[{"href":"https:\/\/nimedixmedical.com\/fr\/wp-json\/wp\/v2\/product"}],"about":[{"href":"https:\/\/nimedixmedical.com\/fr\/wp-json\/wp\/v2\/types\/product"}],"replies":[{"embeddable":true,"href":"https:\/\/nimedixmedical.com\/fr\/wp-json\/wp\/v2\/comments?post=110923"}],"wp:featuredmedia":[{"embeddable":true,"href":"https:\/\/nimedixmedical.com\/fr\/wp-json\/wp\/v2\/media\/110924"}],"wp:attachment":[{"href":"https:\/\/nimedixmedical.com\/fr\/wp-json\/wp\/v2\/media?parent=110923"}],"wp:term":[{"taxonomy":"product_brand","embeddable":true,"href":"https:\/\/nimedixmedical.com\/fr\/wp-json\/wp\/v2\/product_brand?post=110923"},{"taxonomy":"product_cat","embeddable":true,"href":"https:\/\/nimedixmedical.com\/fr\/wp-json\/wp\/v2\/product_cat?post=110923"},{"taxonomy":"product_tag","embeddable":true,"href":"https:\/\/nimedixmedical.com\/fr\/wp-json\/wp\/v2\/product_tag?post=110923"}],"curies":[{"name":"wp","href":"https:\/\/api.w.org\/{rel}","templated":true}]}}