{"id":110852,"date":"2025-11-30T21:23:08","date_gmt":"2025-11-30T20:23:08","guid":{"rendered":"https:\/\/nimedixmedical.com\/notre-catalogue\/pese-bebe-et-pese-enfant-electronique\/"},"modified":"2026-01-12T15:32:30","modified_gmt":"2026-01-12T14:32:30","slug":"pese-bebe-et-pese-enfant-electronique","status":"publish","type":"product","link":"https:\/\/nimedixmedical.com\/fr\/notre-catalogue\/pese-bebe-et-pese-enfant-electronique\/","title":{"rendered":"P\u00e8se-b\u00e9b\u00e9 et P\u00e8se-enfant \u00c9lectronique"},"content":{"rendered":"<p>Le p\u00e8se-b\u00e9b\u00e9 et p\u00e8se-enfant \u00e9lectronique est un outil essentiel pour surveiller la croissance de votre enfant. Con\u00e7u pour \u00eatre utilis\u00e9 d\u00e8s la naissance, il offre des fonctionnalit\u00e9s adapt\u00e9es aux besoins des parents et des professionnels de sant\u00e9.<\/p>\n<h2>Caract\u00e9ristiques<\/h2>\n<ul>\n<li>Balance num\u00e9rique multifonction pour enfants et nouveau-n\u00e9s.<\/li>\n<li>Plateau en plastique amovible pour un usage pratique.<\/li>\n<li>M\u00e9morise la diff\u00e9rence de poids pour suivre l&#8217;\u00e9volution du nourrisson.<\/li>\n<li>\u00c9cran LCD facile \u00e0 lire avec fonction auto-tare et r\u00e9initialisation automatique.<\/li>\n<li>Capacit\u00e9 maximale : 20 kg, sensibilit\u00e9 : 5 g.<\/li>\n<li>Dimensions du support : 525 x 305 x 63-95 mm, poids : 2 kg.<\/li>\n<li>Fonction d&#8217;arr\u00eat automatique et indicateur de batterie faible.<\/li>\n<li>Alimentation : 2 x CR2032 batteries au lithium.<\/li>\n<li>Manuel multilingue inclus.<\/li>\n<\/ul>\n<h2>Livraison<\/h2>\n<ul>\n<li><strong>France :<\/strong> Livraison directe.<\/li>\n<li><strong>Export (Europe et Afrique) :<\/strong> Sur devis.<\/li>\n<\/ul>\n","protected":false},"excerpt":{"rendered":"<ul>\n<li>Balance multifonctionnelle pour nouveau-n\u00e9s et enfants.<\/li>\n<li>Suivi facile de l&#8217;\u00e9volution du poids gr\u00e2ce \u00e0 la m\u00e9morisation des diff\u00e9rences de poids.<\/li>\n<li>\u00c9cran LCD clair et fonctionnalit\u00e9s pratiques comme auto-tare et arr\u00eat automatique.<\/li>\n<li>Capacit\u00e9 de 20 kg avec une sensibilit\u00e9 de 5 g pour une pr\u00e9cision optimale.<\/li>\n<\/ul>\n","protected":false},"featured_media":110853,"comment_status":"open","ping_status":"open","template":"","meta":{"inline_featured_image":false},"product_brand":[],"product_cat":[1182,1183],"product_tag":[],"class_list":{"0":"post-110852","1":"product","2":"type-product","3":"status-publish","4":"has-post-thumbnail","6":"product_cat-balances-et-compteurs","7":"product_cat-pese-bebe","9":"first","10":"instock","11":"sale","12":"taxable","13":"shipping-taxable","14":"purchasable","15":"product-type-simple"},"_links":{"self":[{"href":"https:\/\/nimedixmedical.com\/fr\/wp-json\/wp\/v2\/product\/110852","targetHints":{"allow":["GET"]}}],"collection":[{"href":"https:\/\/nimedixmedical.com\/fr\/wp-json\/wp\/v2\/product"}],"about":[{"href":"https:\/\/nimedixmedical.com\/fr\/wp-json\/wp\/v2\/types\/product"}],"replies":[{"embeddable":true,"href":"https:\/\/nimedixmedical.com\/fr\/wp-json\/wp\/v2\/comments?post=110852"}],"wp:featuredmedia":[{"embeddable":true,"href":"https:\/\/nimedixmedical.com\/fr\/wp-json\/wp\/v2\/media\/110853"}],"wp:attachment":[{"href":"https:\/\/nimedixmedical.com\/fr\/wp-json\/wp\/v2\/media?parent=110852"}],"wp:term":[{"taxonomy":"product_brand","embeddable":true,"href":"https:\/\/nimedixmedical.com\/fr\/wp-json\/wp\/v2\/product_brand?post=110852"},{"taxonomy":"product_cat","embeddable":true,"href":"https:\/\/nimedixmedical.com\/fr\/wp-json\/wp\/v2\/product_cat?post=110852"},{"taxonomy":"product_tag","embeddable":true,"href":"https:\/\/nimedixmedical.com\/fr\/wp-json\/wp\/v2\/product_tag?post=110852"}],"curies":[{"name":"wp","href":"https:\/\/api.w.org\/{rel}","templated":true}]}}