{"id":110785,"date":"2025-11-30T21:22:15","date_gmt":"2025-11-30T20:22:15","guid":{"rendered":"https:\/\/nimedixmedical.com\/notre-catalogue\/enfile-chaussette\/"},"modified":"2026-01-12T15:32:12","modified_gmt":"2026-01-12T14:32:12","slug":"enfile-chaussette","status":"publish","type":"product","link":"https:\/\/nimedixmedical.com\/fr\/notre-catalogue\/enfile-chaussette\/","title":{"rendered":"Enfile-chaussette"},"content":{"rendered":"<p>Con\u00e7u pour am\u00e9liorer l\u2019autonomie des personnes ayant des difficult\u00e9s motrices, l&#8217;enfile-chaussette est un dispositif essentiel pour ceux qui ne peuvent utiliser qu&#8217;une seule main ou qui souffrent de probl\u00e8mes de force ou de coordination. Avec son design ergonomique, il simplifie le quotidien des utilisateurs.<\/p>\n<h2>Caract\u00e9ristiques<\/h2>\n<ul>\n<li>Un c\u00f4t\u00e9 en \u00e9ponge douce pour accrocher la chaussette.<\/li>\n<li>Un c\u00f4t\u00e9 en nylon lisse pour r\u00e9duire la friction et faciliter l&#8217;enfilage.<\/li>\n<li>Deux grandes boucles faciles \u00e0 attraper pour un enfilage sans effort.<\/li>\n<li>Id\u00e9al pour les personnes \u00e2g\u00e9es ou en situation de handicap.<\/li>\n<\/ul>\n<h2>Livraison<\/h2>\n<ul>\n<li><strong>France :<\/strong> Livraison directe.<\/li>\n<li><strong>Export (Europe et Afrique) :<\/strong> Sur devis.<\/li>\n<\/ul>\n","protected":false},"excerpt":{"rendered":"<ul>\n<li>Facilite l&#8217;enfilage des chaussettes pour les personnes \u00e0 mobilit\u00e9 r\u00e9duite.<\/li>\n<li>R\u00e9duit la friction gr\u00e2ce \u00e0 son c\u00f4t\u00e9 en nylon lisse.<\/li>\n<li>Permet une utilisation avec une seule main gr\u00e2ce \u00e0 ses boucles faciles \u00e0 attraper.<\/li>\n<li>Confort optimal avec un c\u00f4t\u00e9 en \u00e9ponge douce qui accroche \u00e0 la chaussette.<\/li>\n<\/ul>\n","protected":false},"featured_media":110786,"comment_status":"open","ping_status":"open","template":"","meta":{"inline_featured_image":false},"product_brand":[],"product_cat":[1166,1181],"product_tag":[],"class_list":{"0":"post-110785","1":"product","2":"type-product","3":"status-publish","4":"has-post-thumbnail","6":"product_cat-aide-de-patients","7":"product_cat-aides-pour-les-handicapes-et-les-personnes-agees","9":"first","10":"instock","11":"sale","12":"taxable","13":"shipping-taxable","14":"purchasable","15":"product-type-simple"},"_links":{"self":[{"href":"https:\/\/nimedixmedical.com\/fr\/wp-json\/wp\/v2\/product\/110785","targetHints":{"allow":["GET"]}}],"collection":[{"href":"https:\/\/nimedixmedical.com\/fr\/wp-json\/wp\/v2\/product"}],"about":[{"href":"https:\/\/nimedixmedical.com\/fr\/wp-json\/wp\/v2\/types\/product"}],"replies":[{"embeddable":true,"href":"https:\/\/nimedixmedical.com\/fr\/wp-json\/wp\/v2\/comments?post=110785"}],"wp:featuredmedia":[{"embeddable":true,"href":"https:\/\/nimedixmedical.com\/fr\/wp-json\/wp\/v2\/media\/110786"}],"wp:attachment":[{"href":"https:\/\/nimedixmedical.com\/fr\/wp-json\/wp\/v2\/media?parent=110785"}],"wp:term":[{"taxonomy":"product_brand","embeddable":true,"href":"https:\/\/nimedixmedical.com\/fr\/wp-json\/wp\/v2\/product_brand?post=110785"},{"taxonomy":"product_cat","embeddable":true,"href":"https:\/\/nimedixmedical.com\/fr\/wp-json\/wp\/v2\/product_cat?post=110785"},{"taxonomy":"product_tag","embeddable":true,"href":"https:\/\/nimedixmedical.com\/fr\/wp-json\/wp\/v2\/product_tag?post=110785"}],"curies":[{"name":"wp","href":"https:\/\/api.w.org\/{rel}","templated":true}]}}