{"id":110734,"date":"2025-11-30T21:22:15","date_gmt":"2025-11-30T20:22:15","guid":{"rendered":"https:\/\/nimedixmedical.com\/notre-catalogue\/siege-de-toilette-sureleve-clipup\/"},"modified":"2026-01-12T15:31:57","modified_gmt":"2026-01-12T14:31:57","slug":"siege-de-toilette-sureleve-clipup","status":"publish","type":"product","link":"https:\/\/nimedixmedical.com\/fr\/notre-catalogue\/siege-de-toilette-sureleve-clipup\/","title":{"rendered":"Si\u00e8ge de Toilette Sur\u00e9lev\u00e9 Clipup"},"content":{"rendered":"<p>Le si\u00e8ge de toilette sur\u00e9lev\u00e9 ClipUp\u00ae est con\u00e7u pour am\u00e9liorer l&#8217;autonomie des personnes \u00e2g\u00e9es et des personnes en situation de handicap. Sa conception ergonomique et son installation facile en font un indispensable pour les salles de bains adapt\u00e9es.<\/p>\n<h2>Caract\u00e9ristiques<\/h2>\n<ul>\n<li>Autoclavable et hygi\u00e9nique<\/li>\n<li>Dimensions : largeur 34-37 cm, profondeur 38,5 cm, hauteur 14 cm<\/li>\n<li>Ouverture si\u00e8ge : profondeur 26 cm x largeur 16-19 cm<\/li>\n<li>\u00c9l\u00e9vation de 10 cm pour faciliter l&#8217;acc\u00e8s<\/li>\n<li>Poids l\u00e9ger de 0,872 kg pour une manipulation ais\u00e9e<\/li>\n<li>Livr\u00e9 avec 6 coussins antid\u00e9rapants en SBS pour plus de s\u00e9curit\u00e9<\/li>\n<\/ul>\n<h2>Livraison<\/h2>\n<ul>\n<li><strong>France :<\/strong> Livraison directe.<\/li>\n<li><strong>Export (Europe et Afrique) :<\/strong> Sur devis.<\/li>\n<\/ul>\n","protected":false},"excerpt":{"rendered":"<ul>\n<li>Installation facile sur toutes les cuvettes de toilettes gr\u00e2ce \u00e0 un syst\u00e8me d&#8217;encliquetage innovant.<\/li>\n<li>Confort optimal et hygi\u00e8ne facilit\u00e9e gr\u00e2ce \u00e0 l&#8217;\u00e9videment frontal.<\/li>\n<li>Charge maximale de 150 kg, adapt\u00e9 \u00e0 un large \u00e9ventail d&#8217;utilisateurs.<\/li>\n<li>Fabriqu\u00e9 en France avec des mat\u00e9riaux de qualit\u00e9, garantie de durabilit\u00e9.<\/li>\n<\/ul>\n","protected":false},"featured_media":110735,"comment_status":"open","ping_status":"open","template":"","meta":{"inline_featured_image":false},"product_brand":[],"product_cat":[1166,1180],"product_tag":[],"class_list":{"0":"post-110734","1":"product","2":"type-product","3":"status-publish","4":"has-post-thumbnail","6":"product_cat-aide-de-patients","7":"product_cat-aides-salle-de-bains-pour-les-handicapes-et-les-personnes-agees","9":"first","10":"instock","11":"sale","12":"taxable","13":"shipping-taxable","14":"purchasable","15":"product-type-simple"},"_links":{"self":[{"href":"https:\/\/nimedixmedical.com\/fr\/wp-json\/wp\/v2\/product\/110734","targetHints":{"allow":["GET"]}}],"collection":[{"href":"https:\/\/nimedixmedical.com\/fr\/wp-json\/wp\/v2\/product"}],"about":[{"href":"https:\/\/nimedixmedical.com\/fr\/wp-json\/wp\/v2\/types\/product"}],"replies":[{"embeddable":true,"href":"https:\/\/nimedixmedical.com\/fr\/wp-json\/wp\/v2\/comments?post=110734"}],"wp:featuredmedia":[{"embeddable":true,"href":"https:\/\/nimedixmedical.com\/fr\/wp-json\/wp\/v2\/media\/110735"}],"wp:attachment":[{"href":"https:\/\/nimedixmedical.com\/fr\/wp-json\/wp\/v2\/media?parent=110734"}],"wp:term":[{"taxonomy":"product_brand","embeddable":true,"href":"https:\/\/nimedixmedical.com\/fr\/wp-json\/wp\/v2\/product_brand?post=110734"},{"taxonomy":"product_cat","embeddable":true,"href":"https:\/\/nimedixmedical.com\/fr\/wp-json\/wp\/v2\/product_cat?post=110734"},{"taxonomy":"product_tag","embeddable":true,"href":"https:\/\/nimedixmedical.com\/fr\/wp-json\/wp\/v2\/product_tag?post=110734"}],"curies":[{"name":"wp","href":"https:\/\/api.w.org\/{rel}","templated":true}]}}