{"id":110722,"date":"2025-11-30T21:20:57","date_gmt":"2025-11-30T20:20:57","guid":{"rendered":"https:\/\/nimedixmedical.com\/notre-catalogue\/siege-de-toilette-sureleve-souple-contact-plus\/"},"modified":"2026-01-12T15:31:54","modified_gmt":"2026-01-12T14:31:54","slug":"siege-de-toilette-sureleve-souple-contact-plus","status":"publish","type":"product","link":"https:\/\/nimedixmedical.com\/fr\/notre-catalogue\/siege-de-toilette-sureleve-souple-contact-plus\/","title":{"rendered":"Si\u00e8ge de Toilette Sur\u00e9lev\u00e9 Souple Contact Plus"},"content":{"rendered":"<p>Le si\u00e8ge de toilette sur\u00e9lev\u00e9 souple CONTACT PLUS est sp\u00e9cialement con\u00e7u pour am\u00e9liorer l\u2019accessibilit\u00e9 et le confort des personnes \u00e2g\u00e9es ou \u00e0 mobilit\u00e9 r\u00e9duite. Sa conception ergonomique et ses mat\u00e9riaux de haute qualit\u00e9 en font un accessoire essentiel dans les salles de bains adapt\u00e9es.<\/p>\n<h2>Caract\u00e9ristiques<\/h2>\n<ul>\n<li>R\u00e9hausseur de toilettes en mousse \u00e0 haute densit\u00e9, envelopp\u00e9 dans une peau en PVC imperm\u00e9able.<\/li>\n<li>S&#8217;adapte \u00e0 toutes les cuvettes de toilettes de mani\u00e8re s\u00e9curis\u00e9e.<\/li>\n<li>\u00c9l\u00e9vation de 11 cm (4,3 pouces) pour faciliter l&#8217;utilisation des toilettes.<\/li>\n<li>Capacit\u00e9 de charge maximale de 185 kg (407 lb).<\/li>\n<li>Dimensions ext\u00e9rieures : 37 x 41 x h 16 cm, dimensions int\u00e9rieures : 21 x 26 x h 16 cm.<\/li>\n<li>Produit fabriqu\u00e9 en France.<\/li>\n<\/ul>\n<h2>Livraison<\/h2>\n<ul>\n<li><strong>France :<\/strong> Livraison directe.<\/li>\n<li><strong>Export (Europe et Afrique) :<\/strong> Sur devis.<\/li>\n<\/ul>\n","protected":false},"excerpt":{"rendered":"<ul>\n<li>Usage : Si\u00e8ge de toilette sur\u00e9lev\u00e9 adapt\u00e9 aux personnes \u00e2g\u00e9es ou \u00e0 mobilit\u00e9 r\u00e9duite.<\/li>\n<li>B\u00e9n\u00e9fice : Confort optimal gr\u00e2ce \u00e0 la mousse haute densit\u00e9 et \u00e0 la forme ergonomique.<\/li>\n<li>S\u00e9curis\u00e9 : Ajustement parfait \u00e0 toute cuvette de toilette pour une utilisation en toute s\u00e9curit\u00e9.<\/li>\n<li>Capacit\u00e9 : Supporte un poids allant jusqu&#8217;\u00e0 185 kg (407 lb).<\/li>\n<\/ul>\n","protected":false},"featured_media":110723,"comment_status":"open","ping_status":"open","template":"","meta":{"inline_featured_image":false},"product_brand":[],"product_cat":[1166,1180],"product_tag":[],"class_list":{"0":"post-110722","1":"product","2":"type-product","3":"status-publish","4":"has-post-thumbnail","6":"product_cat-aide-de-patients","7":"product_cat-aides-salle-de-bains-pour-les-handicapes-et-les-personnes-agees","9":"first","10":"instock","11":"sale","12":"taxable","13":"shipping-taxable","14":"purchasable","15":"product-type-simple"},"_links":{"self":[{"href":"https:\/\/nimedixmedical.com\/fr\/wp-json\/wp\/v2\/product\/110722","targetHints":{"allow":["GET"]}}],"collection":[{"href":"https:\/\/nimedixmedical.com\/fr\/wp-json\/wp\/v2\/product"}],"about":[{"href":"https:\/\/nimedixmedical.com\/fr\/wp-json\/wp\/v2\/types\/product"}],"replies":[{"embeddable":true,"href":"https:\/\/nimedixmedical.com\/fr\/wp-json\/wp\/v2\/comments?post=110722"}],"wp:featuredmedia":[{"embeddable":true,"href":"https:\/\/nimedixmedical.com\/fr\/wp-json\/wp\/v2\/media\/110723"}],"wp:attachment":[{"href":"https:\/\/nimedixmedical.com\/fr\/wp-json\/wp\/v2\/media?parent=110722"}],"wp:term":[{"taxonomy":"product_brand","embeddable":true,"href":"https:\/\/nimedixmedical.com\/fr\/wp-json\/wp\/v2\/product_brand?post=110722"},{"taxonomy":"product_cat","embeddable":true,"href":"https:\/\/nimedixmedical.com\/fr\/wp-json\/wp\/v2\/product_cat?post=110722"},{"taxonomy":"product_tag","embeddable":true,"href":"https:\/\/nimedixmedical.com\/fr\/wp-json\/wp\/v2\/product_tag?post=110722"}],"curies":[{"name":"wp","href":"https:\/\/api.w.org\/{rel}","templated":true}]}}