{"id":110710,"date":"2025-11-30T21:20:57","date_gmt":"2025-11-30T20:20:57","guid":{"rendered":"https:\/\/nimedixmedical.com\/notre-catalogue\/siege-de-toilette-sureleve-avec-accoudoirs-rabattables-h-125-cm\/"},"modified":"2026-01-12T15:31:51","modified_gmt":"2026-01-12T14:31:51","slug":"siege-de-toilette-sureleve-avec-accoudoirs-rabattables-h-125-cm","status":"publish","type":"product","link":"https:\/\/nimedixmedical.com\/fr\/notre-catalogue\/siege-de-toilette-sureleve-avec-accoudoirs-rabattables-h-125-cm\/","title":{"rendered":"Si\u00e8ge de Toilette Sur\u00e9lev\u00e9 avec Accoudoirs Rabattables &#8211; H 12,5 cm"},"content":{"rendered":"<p>Le si\u00e8ge de toilette sur\u00e9lev\u00e9 avec accoudoirs rabattables est con\u00e7u pour am\u00e9liorer le confort et la s\u00e9curit\u00e9 des personnes \u00e2g\u00e9es ou \u00e0 mobilit\u00e9 r\u00e9duite, facilitant ainsi leur autonomie dans la salle de bain.<\/p>\n<h2>Caract\u00e9ristiques<\/h2>\n<ul>\n<li>Hauteur : 12,5 cm pour un acc\u00e8s facilit\u00e9 aux toilettes.<\/li>\n<li>Syst\u00e8me de fixation \u00e0 vis avant et arri\u00e8re pour une installation stable.<\/li>\n<li>Accoudoirs rabattables en aluminium anodis\u00e9 pour un soutien optimal.<\/li>\n<li>Charge maximale : 130 kg (286.6 lb) pour une utilisation en toute confiance.<\/li>\n<li>Emballage : 410 x 165 x 468 mm.<\/li>\n<li>Instructions fournies en plusieurs langues (GB, IT, FR, ES, DE, GR).<\/li>\n<li>Produit fabriqu\u00e9 en Italie, garantissant une qualit\u00e9 sup\u00e9rieure.<\/li>\n<\/ul>\n<h2>Livraison<\/h2>\n<ul>\n<li><strong>France :<\/strong> Livraison directe.<\/li>\n<li><strong>Export (Europe et Afrique) :<\/strong> Sur devis.<\/li>\n<\/ul>\n","protected":false},"excerpt":{"rendered":"<ul>\n<li>Facilite l&#8217;acc\u00e8s aux toilettes pour les personnes \u00e2g\u00e9es ou \u00e0 mobilit\u00e9 r\u00e9duite.<\/li>\n<li>Accoudoirs rabattables pour un soutien suppl\u00e9mentaire et une utilisation simplifi\u00e9e.<\/li>\n<li>Robuste et s\u00e9curis\u00e9, supporte jusqu&#8217;\u00e0 130 kg.<\/li>\n<li>Installation facile gr\u00e2ce au syst\u00e8me de fixation \u00e0 vis.<\/li>\n<\/ul>\n","protected":false},"featured_media":110711,"comment_status":"open","ping_status":"open","template":"","meta":{"inline_featured_image":false},"product_brand":[],"product_cat":[1166,1180],"product_tag":[],"class_list":{"0":"post-110710","1":"product","2":"type-product","3":"status-publish","4":"has-post-thumbnail","6":"product_cat-aide-de-patients","7":"product_cat-aides-salle-de-bains-pour-les-handicapes-et-les-personnes-agees","9":"first","10":"outofstock","11":"sale","12":"taxable","13":"shipping-taxable","14":"purchasable","15":"product-type-simple"},"_links":{"self":[{"href":"https:\/\/nimedixmedical.com\/fr\/wp-json\/wp\/v2\/product\/110710","targetHints":{"allow":["GET"]}}],"collection":[{"href":"https:\/\/nimedixmedical.com\/fr\/wp-json\/wp\/v2\/product"}],"about":[{"href":"https:\/\/nimedixmedical.com\/fr\/wp-json\/wp\/v2\/types\/product"}],"replies":[{"embeddable":true,"href":"https:\/\/nimedixmedical.com\/fr\/wp-json\/wp\/v2\/comments?post=110710"}],"wp:featuredmedia":[{"embeddable":true,"href":"https:\/\/nimedixmedical.com\/fr\/wp-json\/wp\/v2\/media\/110711"}],"wp:attachment":[{"href":"https:\/\/nimedixmedical.com\/fr\/wp-json\/wp\/v2\/media?parent=110710"}],"wp:term":[{"taxonomy":"product_brand","embeddable":true,"href":"https:\/\/nimedixmedical.com\/fr\/wp-json\/wp\/v2\/product_brand?post=110710"},{"taxonomy":"product_cat","embeddable":true,"href":"https:\/\/nimedixmedical.com\/fr\/wp-json\/wp\/v2\/product_cat?post=110710"},{"taxonomy":"product_tag","embeddable":true,"href":"https:\/\/nimedixmedical.com\/fr\/wp-json\/wp\/v2\/product_tag?post=110710"}],"curies":[{"name":"wp","href":"https:\/\/api.w.org\/{rel}","templated":true}]}}