{"id":110708,"date":"2025-11-30T21:20:57","date_gmt":"2025-11-30T20:20:57","guid":{"rendered":"https:\/\/nimedixmedical.com\/notre-catalogue\/chaise-de-bain-pivotante\/"},"modified":"2026-01-12T15:31:51","modified_gmt":"2026-01-12T14:31:51","slug":"chaise-de-bain-pivotante","status":"publish","type":"product","link":"https:\/\/nimedixmedical.com\/fr\/notre-catalogue\/chaise-de-bain-pivotante\/","title":{"rendered":"Chaise de Bain Pivotante"},"content":{"rendered":"<p>La chaise de bain pivotante est un \u00e9quipement essentiel pour les personnes \u00e2g\u00e9es ou \u00e0 mobilit\u00e9 r\u00e9duite, facilitant l&#8217;acc\u00e8s \u00e0 la baignoire en toute s\u00e9curit\u00e9. Gr\u00e2ce \u00e0 son syst\u00e8me de rotation, elle permet une utilisation simple et efficace, offrant confort et ind\u00e9pendance lors du bain.<\/p>\n<h2>Caract\u00e9ristiques<\/h2>\n<ul>\n<li>Rotation \u00e0 360\u00b0 en 4 positions pour un acc\u00e8s optimal.<\/li>\n<li>Assise en polypropyl\u00e8ne, r\u00e9sistante et facile \u00e0 entretenir.<\/li>\n<li>Structure robuste en acier peint et syst\u00e8me de rotation en acier inoxydable.<\/li>\n<li>Capacit\u00e9 de charge maximale : 100 kg.<\/li>\n<li>Poids total de la chaise : 5,5 kg, facile \u00e0 manipuler.<\/li>\n<li>Origine : Made in Italy, con\u00e7ue avec des mat\u00e9riaux de qualit\u00e9.<\/li>\n<\/ul>\n<h2>Livraison<\/h2>\n<ul>\n<li><strong>France :<\/strong> Livraison directe.<\/li>\n<li><strong>Export (Europe et Afrique) :<\/strong> Sur devis.<\/li>\n<\/ul>\n","protected":false},"excerpt":{"rendered":"<ul>\n<li>Chaise de bain pivotante \u00e0 360\u00b0 pour un acc\u00e8s facilit\u00e9 \u00e0 la baignoire.<\/li>\n<li>Assise en polypropyl\u00e8ne confortable et facile \u00e0 nettoyer.<\/li>\n<li>Supporte un poids maximum de 100 kg, id\u00e9ale pour les personnes \u00e2g\u00e9es ou \u00e0 mobilit\u00e9 r\u00e9duite.<\/li>\n<li>Made in Italy, gage de qualit\u00e9 et de durabilit\u00e9.<\/li>\n<\/ul>\n","protected":false},"featured_media":110709,"comment_status":"open","ping_status":"open","template":"","meta":{"inline_featured_image":false},"product_brand":[],"product_cat":[1166,1180],"product_tag":[],"class_list":{"0":"post-110708","1":"product","2":"type-product","3":"status-publish","4":"has-post-thumbnail","6":"product_cat-aide-de-patients","7":"product_cat-aides-salle-de-bains-pour-les-handicapes-et-les-personnes-agees","9":"first","10":"instock","11":"sale","12":"taxable","13":"shipping-taxable","14":"purchasable","15":"product-type-simple"},"_links":{"self":[{"href":"https:\/\/nimedixmedical.com\/fr\/wp-json\/wp\/v2\/product\/110708","targetHints":{"allow":["GET"]}}],"collection":[{"href":"https:\/\/nimedixmedical.com\/fr\/wp-json\/wp\/v2\/product"}],"about":[{"href":"https:\/\/nimedixmedical.com\/fr\/wp-json\/wp\/v2\/types\/product"}],"replies":[{"embeddable":true,"href":"https:\/\/nimedixmedical.com\/fr\/wp-json\/wp\/v2\/comments?post=110708"}],"wp:featuredmedia":[{"embeddable":true,"href":"https:\/\/nimedixmedical.com\/fr\/wp-json\/wp\/v2\/media\/110709"}],"wp:attachment":[{"href":"https:\/\/nimedixmedical.com\/fr\/wp-json\/wp\/v2\/media?parent=110708"}],"wp:term":[{"taxonomy":"product_brand","embeddable":true,"href":"https:\/\/nimedixmedical.com\/fr\/wp-json\/wp\/v2\/product_brand?post=110708"},{"taxonomy":"product_cat","embeddable":true,"href":"https:\/\/nimedixmedical.com\/fr\/wp-json\/wp\/v2\/product_cat?post=110708"},{"taxonomy":"product_tag","embeddable":true,"href":"https:\/\/nimedixmedical.com\/fr\/wp-json\/wp\/v2\/product_tag?post=110708"}],"curies":[{"name":"wp","href":"https:\/\/api.w.org\/{rel}","templated":true}]}}