{"id":110704,"date":"2025-11-30T21:20:57","date_gmt":"2025-11-30T20:20:57","guid":{"rendered":"https:\/\/nimedixmedical.com\/notre-catalogue\/siege-de-toilette-sureleve-clipper-h-11-cm\/"},"modified":"2026-01-12T15:31:50","modified_gmt":"2026-01-12T14:31:50","slug":"siege-de-toilette-sureleve-clipper-h-11-cm","status":"publish","type":"product","link":"https:\/\/nimedixmedical.com\/fr\/notre-catalogue\/siege-de-toilette-sureleve-clipper-h-11-cm\/","title":{"rendered":"Si\u00e8ge de Toilette Sur\u00e9lev\u00e9 Clipper &#8211; H 11 cm"},"content":{"rendered":"<p>Le si\u00e8ge de toilette sur\u00e9lev\u00e9 Clipper est con\u00e7u pour am\u00e9liorer le confort et l&#8217;autonomie des personnes \u00e2g\u00e9es ou \u00e0 mobilit\u00e9 r\u00e9duite. Avec une hauteur de 11 cm, il permet un acc\u00e8s facilit\u00e9 aux toilettes, r\u00e9duisant ainsi les risques de chutes.<\/p>\n<h2>Caract\u00e9ristiques<\/h2>\n<ul>\n<li>Hauteur : 11 cm pour un acc\u00e8s facilit\u00e9.<\/li>\n<li>Mat\u00e9riau : R\u00e9alis\u00e9 en plastique inject\u00e9, offrant durabilit\u00e9 et l\u00e9g\u00e8ret\u00e9.<\/li>\n<li>Syst\u00e8me de fixation : 4 pinces assurent un maintien solide et s\u00e9curis\u00e9 sur tous les mod\u00e8les de WC.<\/li>\n<li>Capacit\u00e9 de charge : Supporte jusqu&#8217;\u00e0 185 kg (407 lb), adapt\u00e9 \u00e0 une large vari\u00e9t\u00e9 d&#8217;utilisateurs.<\/li>\n<li>Origine : Fabriqu\u00e9 en France, garantissant une qualit\u00e9 de produit \u00e9lev\u00e9e.<\/li>\n<\/ul>\n<h2>Livraison<\/h2>\n<ul>\n<li><strong>France :<\/strong> Livraison directe.<\/li>\n<li><strong>Export (Europe et Afrique) :<\/strong> Sur devis.<\/li>\n<\/ul>\n","protected":false},"excerpt":{"rendered":"<ul>\n<li>Usage : Si\u00e8ge de toilette sur\u00e9lev\u00e9 pour un confort optimal lors des besoins naturels.<\/li>\n<li>B\u00e9n\u00e9fice : Facilite l&#8217;acc\u00e8s aux toilettes pour les personnes \u00e2g\u00e9es ou \u00e0 mobilit\u00e9 r\u00e9duite.<\/li>\n<li>Robustesse : Charge maximale de 185 kg, garantissant s\u00e9curit\u00e9 et stabilit\u00e9.<\/li>\n<li>Installation : S&#8217;adapte facilement \u00e0 tous les WC gr\u00e2ce \u00e0 ses 4 pinces de fixation.<\/li>\n<\/ul>\n","protected":false},"featured_media":110705,"comment_status":"open","ping_status":"open","template":"","meta":{"inline_featured_image":false},"product_brand":[],"product_cat":[1166,1180],"product_tag":[],"class_list":{"0":"post-110704","1":"product","2":"type-product","3":"status-publish","4":"has-post-thumbnail","6":"product_cat-aide-de-patients","7":"product_cat-aides-salle-de-bains-pour-les-handicapes-et-les-personnes-agees","9":"first","10":"instock","11":"sale","12":"taxable","13":"shipping-taxable","14":"purchasable","15":"product-type-simple"},"_links":{"self":[{"href":"https:\/\/nimedixmedical.com\/fr\/wp-json\/wp\/v2\/product\/110704","targetHints":{"allow":["GET"]}}],"collection":[{"href":"https:\/\/nimedixmedical.com\/fr\/wp-json\/wp\/v2\/product"}],"about":[{"href":"https:\/\/nimedixmedical.com\/fr\/wp-json\/wp\/v2\/types\/product"}],"replies":[{"embeddable":true,"href":"https:\/\/nimedixmedical.com\/fr\/wp-json\/wp\/v2\/comments?post=110704"}],"wp:featuredmedia":[{"embeddable":true,"href":"https:\/\/nimedixmedical.com\/fr\/wp-json\/wp\/v2\/media\/110705"}],"wp:attachment":[{"href":"https:\/\/nimedixmedical.com\/fr\/wp-json\/wp\/v2\/media?parent=110704"}],"wp:term":[{"taxonomy":"product_brand","embeddable":true,"href":"https:\/\/nimedixmedical.com\/fr\/wp-json\/wp\/v2\/product_brand?post=110704"},{"taxonomy":"product_cat","embeddable":true,"href":"https:\/\/nimedixmedical.com\/fr\/wp-json\/wp\/v2\/product_cat?post=110704"},{"taxonomy":"product_tag","embeddable":true,"href":"https:\/\/nimedixmedical.com\/fr\/wp-json\/wp\/v2\/product_tag?post=110704"}],"curies":[{"name":"wp","href":"https:\/\/api.w.org\/{rel}","templated":true}]}}