{"id":110701,"date":"2025-11-30T21:20:57","date_gmt":"2025-11-30T20:20:57","guid":{"rendered":"https:\/\/nimedixmedical.com\/notre-catalogue\/barre-dappui-443-mm\/"},"modified":"2026-01-12T15:31:49","modified_gmt":"2026-01-12T14:31:49","slug":"barre-dappui-443-mm","status":"publish","type":"product","link":"https:\/\/nimedixmedical.com\/fr\/notre-catalogue\/barre-dappui-443-mm\/","title":{"rendered":"Barre D&#8217;appui &#8211; 443 mm"},"content":{"rendered":"<p>La barre d&#8217;appui de 443 mm est con\u00e7ue pour offrir un soutien fiable aux personnes \u00e2g\u00e9es ou \u00e0 mobilit\u00e9 r\u00e9duite pendant leurs activit\u00e9s quotidiennes, notamment lors de la toilette. Gr\u00e2ce \u00e0 son installation sans outil, elle s&#8217;adapte facilement \u00e0 diff\u00e9rents environnements.<\/p>\n<h2>Caract\u00e9ristiques<\/h2>\n<ul>\n<li>Dimensions : 443 mm de longueur.<\/li>\n<li>Installation sans per\u00e7age ni vissage.<\/li>\n<li>Ventouses brevet\u00e9es de 93 mm de diam\u00e8tre, supportant jusqu&#8217;\u00e0 60 kg en vertical et 45 kg en lat\u00e9ral.<\/li>\n<li>Mat\u00e9riau : Plastique ABS r\u00e9sistant, con\u00e7u pour durer.<\/li>\n<li>Indicateur de s\u00e9curit\u00e9 : Rouge\/vert pour une utilisation s\u00e9curis\u00e9e.<\/li>\n<li>Bo\u00eete et mode d&#8217;emploi disponibles en plusieurs langues : GB, FR, IT, ES, PT, DE, GR, Arabe.<\/li>\n<\/ul>\n<h2>Livraison<\/h2>\n<ul>\n<li><strong>France :<\/strong> Livraison directe.<\/li>\n<li><strong>Export (Europe et Afrique) :<\/strong> Sur devis.<\/li>\n<\/ul>\n","protected":false},"excerpt":{"rendered":"<ul>\n<li>Installation facile sans per\u00e7age ni vissage.<\/li>\n<li>Ventouses brevet\u00e9es supportant jusqu&#8217;\u00e0 60 kg verticalement.<\/li>\n<li>Id\u00e9ale pour les personnes \u00e2g\u00e9es lors de la toilette quotidienne.<\/li>\n<li>Indicateur de s\u00e9curit\u00e9 rouge\/vert pour une utilisation optimale.<\/li>\n<\/ul>\n","protected":false},"featured_media":110702,"comment_status":"open","ping_status":"open","template":"","meta":{"inline_featured_image":false},"product_brand":[],"product_cat":[1166,1180],"product_tag":[],"class_list":{"0":"post-110701","1":"product","2":"type-product","3":"status-publish","4":"has-post-thumbnail","6":"product_cat-aide-de-patients","7":"product_cat-aides-salle-de-bains-pour-les-handicapes-et-les-personnes-agees","9":"first","10":"instock","11":"sale","12":"taxable","13":"shipping-taxable","14":"purchasable","15":"product-type-simple"},"_links":{"self":[{"href":"https:\/\/nimedixmedical.com\/fr\/wp-json\/wp\/v2\/product\/110701","targetHints":{"allow":["GET"]}}],"collection":[{"href":"https:\/\/nimedixmedical.com\/fr\/wp-json\/wp\/v2\/product"}],"about":[{"href":"https:\/\/nimedixmedical.com\/fr\/wp-json\/wp\/v2\/types\/product"}],"replies":[{"embeddable":true,"href":"https:\/\/nimedixmedical.com\/fr\/wp-json\/wp\/v2\/comments?post=110701"}],"wp:featuredmedia":[{"embeddable":true,"href":"https:\/\/nimedixmedical.com\/fr\/wp-json\/wp\/v2\/media\/110702"}],"wp:attachment":[{"href":"https:\/\/nimedixmedical.com\/fr\/wp-json\/wp\/v2\/media?parent=110701"}],"wp:term":[{"taxonomy":"product_brand","embeddable":true,"href":"https:\/\/nimedixmedical.com\/fr\/wp-json\/wp\/v2\/product_brand?post=110701"},{"taxonomy":"product_cat","embeddable":true,"href":"https:\/\/nimedixmedical.com\/fr\/wp-json\/wp\/v2\/product_cat?post=110701"},{"taxonomy":"product_tag","embeddable":true,"href":"https:\/\/nimedixmedical.com\/fr\/wp-json\/wp\/v2\/product_tag?post=110701"}],"curies":[{"name":"wp","href":"https:\/\/api.w.org\/{rel}","templated":true}]}}