{"id":110673,"date":"2025-11-30T21:20:57","date_gmt":"2025-11-30T20:20:57","guid":{"rendered":"https:\/\/nimedixmedical.com\/notre-catalogue\/chaise-de-douche-pliante\/"},"modified":"2026-01-12T15:31:43","modified_gmt":"2026-01-12T14:31:43","slug":"chaise-de-douche-pliante","status":"publish","type":"product","link":"https:\/\/nimedixmedical.com\/fr\/notre-catalogue\/chaise-de-douche-pliante\/","title":{"rendered":"Chaise de Douche &#8211; Pliante"},"content":{"rendered":"<p>La chaise de douche pliante est con\u00e7ue pour offrir un soutien et une s\u00e9curit\u00e9 optimaux lors des soins d&#8217;hygi\u00e8ne. Ce produit est particuli\u00e8rement adapt\u00e9 aux personnes \u00e2g\u00e9es ou \u00e0 mobilit\u00e9 r\u00e9duite, leur permettant de profiter d&#8217;une douche en toute autonomie et s\u00e9r\u00e9nit\u00e9.<\/p>\n<h2>Caract\u00e9ristiques<\/h2>\n<ul>\n<li>Dimensions de l&#8217;assise : 50 x 30 cm.<\/li>\n<li>Hauteur r\u00e9glable de 44 \u00e0 47,5 cm.<\/li>\n<li>Structure en aluminium robuste et l\u00e9g\u00e8re.<\/li>\n<li>Assise en plastique facile \u00e0 nettoyer.<\/li>\n<li>Extr\u00e9mit\u00e9s antid\u00e9rapantes pour une meilleure stabilit\u00e9.<\/li>\n<li>Capacit\u00e9 de charge : 100 kg.<\/li>\n<\/ul>\n<h2>Livraison<\/h2>\n<ul>\n<li><strong>France :<\/strong> Livraison directe.<\/li>\n<li><strong>Export (Europe et Afrique) :<\/strong> Sur devis.<\/li>\n<\/ul>\n","protected":false},"excerpt":{"rendered":"<ul>\n<li>Id\u00e9ale pour les personnes \u00e2g\u00e9es ou \u00e0 mobilit\u00e9 r\u00e9duite, facilitant l&#8217;acc\u00e8s \u00e0 la douche.<\/li>\n<li>Structure en aluminium l\u00e9g\u00e8re et durable, facile \u00e0 transporter et \u00e0 ranger.<\/li>\n<li>Assise antid\u00e9rapante pour une s\u00e9curit\u00e9 optimale pendant le bain.<\/li>\n<li>Hauteur r\u00e9glable pour un confort personnalis\u00e9, supportant jusqu&#8217;\u00e0 100 kg.<\/li>\n<\/ul>\n","protected":false},"featured_media":110674,"comment_status":"open","ping_status":"open","template":"","meta":{"inline_featured_image":false},"product_brand":[],"product_cat":[1166,1180],"product_tag":[],"class_list":{"0":"post-110673","1":"product","2":"type-product","3":"status-publish","4":"has-post-thumbnail","6":"product_cat-aide-de-patients","7":"product_cat-aides-salle-de-bains-pour-les-handicapes-et-les-personnes-agees","9":"first","10":"instock","11":"sale","12":"taxable","13":"shipping-taxable","14":"purchasable","15":"product-type-simple"},"_links":{"self":[{"href":"https:\/\/nimedixmedical.com\/fr\/wp-json\/wp\/v2\/product\/110673","targetHints":{"allow":["GET"]}}],"collection":[{"href":"https:\/\/nimedixmedical.com\/fr\/wp-json\/wp\/v2\/product"}],"about":[{"href":"https:\/\/nimedixmedical.com\/fr\/wp-json\/wp\/v2\/types\/product"}],"replies":[{"embeddable":true,"href":"https:\/\/nimedixmedical.com\/fr\/wp-json\/wp\/v2\/comments?post=110673"}],"wp:featuredmedia":[{"embeddable":true,"href":"https:\/\/nimedixmedical.com\/fr\/wp-json\/wp\/v2\/media\/110674"}],"wp:attachment":[{"href":"https:\/\/nimedixmedical.com\/fr\/wp-json\/wp\/v2\/media?parent=110673"}],"wp:term":[{"taxonomy":"product_brand","embeddable":true,"href":"https:\/\/nimedixmedical.com\/fr\/wp-json\/wp\/v2\/product_brand?post=110673"},{"taxonomy":"product_cat","embeddable":true,"href":"https:\/\/nimedixmedical.com\/fr\/wp-json\/wp\/v2\/product_cat?post=110673"},{"taxonomy":"product_tag","embeddable":true,"href":"https:\/\/nimedixmedical.com\/fr\/wp-json\/wp\/v2\/product_tag?post=110673"}],"curies":[{"name":"wp","href":"https:\/\/api.w.org\/{rel}","templated":true}]}}