{"id":110665,"date":"2025-11-30T21:20:57","date_gmt":"2025-11-30T20:20:57","guid":{"rendered":"https:\/\/nimedixmedical.com\/notre-catalogue\/tabouret-de-douche-avec-tablette\/"},"modified":"2026-01-12T15:31:40","modified_gmt":"2026-01-12T14:31:40","slug":"tabouret-de-douche-avec-tablette","status":"publish","type":"product","link":"https:\/\/nimedixmedical.com\/fr\/notre-catalogue\/tabouret-de-douche-avec-tablette\/","title":{"rendered":"Tabouret de Douche avec Tablette"},"content":{"rendered":"<p>Le tabouret de douche avec tablette est sp\u00e9cialement con\u00e7u pour offrir un maximum de confort et de s\u00e9curit\u00e9 aux personnes \u00e2g\u00e9es ou \u00e0 mobilit\u00e9 r\u00e9duite. Il permet de prendre des douches en toute autonomie, tout en minimisant les risques de chutes.<\/p>\n<h2>Caract\u00e9ristiques<\/h2>\n<ul>\n<li>Hauteur r\u00e9glable de 39 \u00e0 54 cm pour convenir \u00e0 diff\u00e9rents utilisateurs.<\/li>\n<li>Jambes en aluminium anodis\u00e9 garantissant l\u00e9g\u00e8ret\u00e9 et robustesse.<\/li>\n<li>Assise en plastique haut de gamme antid\u00e9rapante avec trou de drainage.<\/li>\n<li>Tablette en plastique int\u00e9gr\u00e9e pour une meilleure stabilit\u00e9 et un rangement pratique des produits de toilette.<\/li>\n<li>Capacit\u00e9 de charge maximale de 170 kg.<\/li>\n<li>Instructions disponibles en plusieurs langues (GB, FR, IT, ES, PT, DE, GR).<\/li>\n<li>Fabriqu\u00e9 en Italie, gage de qualit\u00e9 et de durabilit\u00e9.<\/li>\n<\/ul>\n<h2>Livraison<\/h2>\n<ul>\n<li><strong>France :<\/strong> Livraison directe.<\/li>\n<li><strong>Export (Europe et Afrique) :<\/strong> Sur devis.<\/li>\n<\/ul>\n","protected":false},"excerpt":{"rendered":"<ul>\n<li>Tabouret de douche avec tablette pour un confort optimal.<\/li>\n<li>Hauteur r\u00e9glable (39 \u00e0 54 cm) pour s&#8217;adapter \u00e0 tous les utilisateurs.<\/li>\n<li>Assise antid\u00e9rapante et trou de drainage pour plus de s\u00e9curit\u00e9.<\/li>\n<li>Capacit\u00e9 de charge de 170 kg pour une utilisation fiable.<\/li>\n<\/ul>\n","protected":false},"featured_media":110666,"comment_status":"open","ping_status":"open","template":"","meta":{"inline_featured_image":false},"product_brand":[],"product_cat":[1166,1180],"product_tag":[],"class_list":{"0":"post-110665","1":"product","2":"type-product","3":"status-publish","4":"has-post-thumbnail","6":"product_cat-aide-de-patients","7":"product_cat-aides-salle-de-bains-pour-les-handicapes-et-les-personnes-agees","9":"first","10":"instock","11":"sale","12":"taxable","13":"shipping-taxable","14":"purchasable","15":"product-type-simple"},"_links":{"self":[{"href":"https:\/\/nimedixmedical.com\/fr\/wp-json\/wp\/v2\/product\/110665","targetHints":{"allow":["GET"]}}],"collection":[{"href":"https:\/\/nimedixmedical.com\/fr\/wp-json\/wp\/v2\/product"}],"about":[{"href":"https:\/\/nimedixmedical.com\/fr\/wp-json\/wp\/v2\/types\/product"}],"replies":[{"embeddable":true,"href":"https:\/\/nimedixmedical.com\/fr\/wp-json\/wp\/v2\/comments?post=110665"}],"wp:featuredmedia":[{"embeddable":true,"href":"https:\/\/nimedixmedical.com\/fr\/wp-json\/wp\/v2\/media\/110666"}],"wp:attachment":[{"href":"https:\/\/nimedixmedical.com\/fr\/wp-json\/wp\/v2\/media?parent=110665"}],"wp:term":[{"taxonomy":"product_brand","embeddable":true,"href":"https:\/\/nimedixmedical.com\/fr\/wp-json\/wp\/v2\/product_brand?post=110665"},{"taxonomy":"product_cat","embeddable":true,"href":"https:\/\/nimedixmedical.com\/fr\/wp-json\/wp\/v2\/product_cat?post=110665"},{"taxonomy":"product_tag","embeddable":true,"href":"https:\/\/nimedixmedical.com\/fr\/wp-json\/wp\/v2\/product_tag?post=110665"}],"curies":[{"name":"wp","href":"https:\/\/api.w.org\/{rel}","templated":true}]}}