{"id":110663,"date":"2025-11-30T21:20:57","date_gmt":"2025-11-30T20:20:57","guid":{"rendered":"https:\/\/nimedixmedical.com\/notre-catalogue\/tabouret-de-douche-pu-avec-accoudoir\/"},"modified":"2026-01-12T15:31:40","modified_gmt":"2026-01-12T14:31:40","slug":"tabouret-de-douche-pu-avec-accoudoir","status":"publish","type":"product","link":"https:\/\/nimedixmedical.com\/fr\/notre-catalogue\/tabouret-de-douche-pu-avec-accoudoir\/","title":{"rendered":"Tabouret de Douche Pu avec Accoudoir"},"content":{"rendered":"<p>Le tabouret de douche avec accoudoirs est un \u00e9quipement essentiel pour garantir la s\u00e9curit\u00e9 et le confort des personnes \u00e2g\u00e9es ou \u00e0 mobilit\u00e9 r\u00e9duite pendant leur toilette. Il offre une solution pratique pour \u00e9viter les chutes et favoriser l&#8217;autonomie.<\/p>\n<h2>Caract\u00e9ristiques<\/h2>\n<ul>\n<li>Structure en aluminium argent robuste et l\u00e9g\u00e8re.<\/li>\n<li>Assise en PU pour un confort optimal.<\/li>\n<li>Accoudoirs en mousse pour un soutien accru lors de l&#8217;utilisation.<\/li>\n<li>Pieds r\u00e9glables pour s&#8217;adapter \u00e0 la hauteur d\u00e9sir\u00e9e (44,8-47,2 x 50-52,6 x h 62,2-72 cm).<\/li>\n<li>Poids total : 4,0 kg.<\/li>\n<li>Capacit\u00e9 de charge maximale : 136 kg.<\/li>\n<li>Mode d&#8217;emploi multilingue inclus (GB, FR, IT, ES, PT, DE, SE, GR).<\/li>\n<\/ul>\n<h2>Livraison<\/h2>\n<ul>\n<li><strong>France :<\/strong> Livraison directe.<\/li>\n<li><strong>Export (Europe et Afrique) :<\/strong> Sur devis.<\/li>\n<\/ul>\n","protected":false},"excerpt":{"rendered":"<ul>\n<li>Tabouret de douche con\u00e7u pour les personnes \u00e2g\u00e9es ou \u00e0 mobilit\u00e9 r\u00e9duite.<\/li>\n<li>Accoudoirs en mousse pour un soutien optimal et un confort accru.<\/li>\n<li>Structure l\u00e9g\u00e8re en aluminium, facile \u00e0 d\u00e9placer et \u00e0 ajuster.<\/li>\n<li>Capacit\u00e9 de charge \u00e9lev\u00e9e (136 kg) pour une utilisation s\u00e9curis\u00e9e.<\/li>\n<\/ul>\n","protected":false},"featured_media":110664,"comment_status":"open","ping_status":"open","template":"","meta":{"inline_featured_image":false},"product_brand":[],"product_cat":[1166,1180],"product_tag":[],"class_list":{"0":"post-110663","1":"product","2":"type-product","3":"status-publish","4":"has-post-thumbnail","6":"product_cat-aide-de-patients","7":"product_cat-aides-salle-de-bains-pour-les-handicapes-et-les-personnes-agees","9":"first","10":"instock","11":"sale","12":"taxable","13":"shipping-taxable","14":"purchasable","15":"product-type-simple"},"_links":{"self":[{"href":"https:\/\/nimedixmedical.com\/fr\/wp-json\/wp\/v2\/product\/110663","targetHints":{"allow":["GET"]}}],"collection":[{"href":"https:\/\/nimedixmedical.com\/fr\/wp-json\/wp\/v2\/product"}],"about":[{"href":"https:\/\/nimedixmedical.com\/fr\/wp-json\/wp\/v2\/types\/product"}],"replies":[{"embeddable":true,"href":"https:\/\/nimedixmedical.com\/fr\/wp-json\/wp\/v2\/comments?post=110663"}],"wp:featuredmedia":[{"embeddable":true,"href":"https:\/\/nimedixmedical.com\/fr\/wp-json\/wp\/v2\/media\/110664"}],"wp:attachment":[{"href":"https:\/\/nimedixmedical.com\/fr\/wp-json\/wp\/v2\/media?parent=110663"}],"wp:term":[{"taxonomy":"product_brand","embeddable":true,"href":"https:\/\/nimedixmedical.com\/fr\/wp-json\/wp\/v2\/product_brand?post=110663"},{"taxonomy":"product_cat","embeddable":true,"href":"https:\/\/nimedixmedical.com\/fr\/wp-json\/wp\/v2\/product_cat?post=110663"},{"taxonomy":"product_tag","embeddable":true,"href":"https:\/\/nimedixmedical.com\/fr\/wp-json\/wp\/v2\/product_tag?post=110663"}],"curies":[{"name":"wp","href":"https:\/\/api.w.org\/{rel}","templated":true}]}}