{"id":110657,"date":"2025-11-30T21:20:14","date_gmt":"2025-11-30T20:20:14","guid":{"rendered":"https:\/\/nimedixmedical.com\/notre-catalogue\/chaise-de-douche-avec-dossier-et-siege-pu-charge-136-kg\/"},"modified":"2026-01-12T15:31:38","modified_gmt":"2026-01-12T14:31:38","slug":"chaise-de-douche-avec-dossier-et-siege-pu-charge-136-kg","status":"publish","type":"product","link":"https:\/\/nimedixmedical.com\/fr\/notre-catalogue\/chaise-de-douche-avec-dossier-et-siege-pu-charge-136-kg\/","title":{"rendered":"Chaise de Douche avec Dossier et Si\u00e8ge Pu &#8211; Charge 136 kg"},"content":{"rendered":"<p>La chaise de douche est un \u00e9quipement essentiel pour les patients n\u00e9cessitant une aide suppl\u00e9mentaire lors de la toilette. Elle assure s\u00e9curit\u00e9 et confort, tout en facilitant l&#8217;acc\u00e8s \u00e0 la douche pour les personnes \u00e2g\u00e9es ou handicap\u00e9es.<\/p>\n<h2>Caract\u00e9ristiques<\/h2>\n<ul>\n<li>Dossier et assise en PU pour une hygi\u00e8ne optimale.<\/li>\n<li>Structure en aluminium argent, l\u00e9g\u00e8re et r\u00e9sistante.<\/li>\n<li>Jambes de hauteur r\u00e9glable pour s&#8217;adapter \u00e0 tous les utilisateurs.<\/li>\n<li>Capacit\u00e9 de charge maximale de 136 kg.<\/li>\n<li>Poids total de la chaise : 4 kg, facile \u00e0 manipuler.<\/li>\n<\/ul>\n<h2>Livraison<\/h2>\n<ul>\n<li><strong>France :<\/strong> Livraison directe.<\/li>\n<li><strong>Export (Europe et Afrique) :<\/strong> Sur devis.<\/li>\n<\/ul>\n","protected":false},"excerpt":{"rendered":"<ul>\n<li>Con\u00e7ue pour offrir un soutien et un confort optimaux lors de la douche.<\/li>\n<li>Dossier et assise en PU pour une meilleure hygi\u00e8ne et un entretien facile.<\/li>\n<li>Structure l\u00e9g\u00e8re en aluminium, facile \u00e0 d\u00e9placer et \u00e0 ajuster.<\/li>\n<li>Capacit\u00e9 de charge de 136 kg, adapt\u00e9e aux besoins des utilisateurs.<\/li>\n<\/ul>\n","protected":false},"featured_media":110658,"comment_status":"open","ping_status":"open","template":"","meta":{"inline_featured_image":false},"product_brand":[],"product_cat":[1166,1180],"product_tag":[],"class_list":{"0":"post-110657","1":"product","2":"type-product","3":"status-publish","4":"has-post-thumbnail","6":"product_cat-aide-de-patients","7":"product_cat-aides-salle-de-bains-pour-les-handicapes-et-les-personnes-agees","9":"first","10":"instock","11":"sale","12":"taxable","13":"shipping-taxable","14":"purchasable","15":"product-type-simple"},"_links":{"self":[{"href":"https:\/\/nimedixmedical.com\/fr\/wp-json\/wp\/v2\/product\/110657","targetHints":{"allow":["GET"]}}],"collection":[{"href":"https:\/\/nimedixmedical.com\/fr\/wp-json\/wp\/v2\/product"}],"about":[{"href":"https:\/\/nimedixmedical.com\/fr\/wp-json\/wp\/v2\/types\/product"}],"replies":[{"embeddable":true,"href":"https:\/\/nimedixmedical.com\/fr\/wp-json\/wp\/v2\/comments?post=110657"}],"wp:featuredmedia":[{"embeddable":true,"href":"https:\/\/nimedixmedical.com\/fr\/wp-json\/wp\/v2\/media\/110658"}],"wp:attachment":[{"href":"https:\/\/nimedixmedical.com\/fr\/wp-json\/wp\/v2\/media?parent=110657"}],"wp:term":[{"taxonomy":"product_brand","embeddable":true,"href":"https:\/\/nimedixmedical.com\/fr\/wp-json\/wp\/v2\/product_brand?post=110657"},{"taxonomy":"product_cat","embeddable":true,"href":"https:\/\/nimedixmedical.com\/fr\/wp-json\/wp\/v2\/product_cat?post=110657"},{"taxonomy":"product_tag","embeddable":true,"href":"https:\/\/nimedixmedical.com\/fr\/wp-json\/wp\/v2\/product_tag?post=110657"}],"curies":[{"name":"wp","href":"https:\/\/api.w.org\/{rel}","templated":true}]}}