{"id":110653,"date":"2025-11-30T21:20:14","date_gmt":"2025-11-30T20:20:14","guid":{"rendered":"https:\/\/nimedixmedical.com\/notre-catalogue\/chaise-de-douche-rotative-avec-dossier-et-siege-pu-charge-136-kg\/"},"modified":"2026-01-12T15:31:36","modified_gmt":"2026-01-12T14:31:36","slug":"chaise-de-douche-rotative-avec-dossier-et-siege-pu-charge-136-kg","status":"publish","type":"product","link":"https:\/\/nimedixmedical.com\/fr\/notre-catalogue\/chaise-de-douche-rotative-avec-dossier-et-siege-pu-charge-136-kg\/","title":{"rendered":"Chaise de Douche Rotative avec Dossier et Si\u00e8ge Pu &#8211; Charge 136 kg"},"content":{"rendered":"<p>La chaise de douche rotative est con\u00e7ue pour offrir une solution pratique et confortable aux personnes \u00e0 mobilit\u00e9 r\u00e9duite. Gr\u00e2ce \u00e0 sa conception ergonomique, elle facilite les soins d&#8217;hygi\u00e8ne tout en garantissant la s\u00e9curit\u00e9 et le bien-\u00eatre de l&#8217;utilisateur.<\/p>\n<h2>Caract\u00e9ristiques<\/h2>\n<ul>\n<li>Hauteur r\u00e9glable avec assise pivotante \u00e0 360\u00b0.<\/li>\n<li>Accoudoirs soulevables pour un acc\u00e8s ais\u00e9.<\/li>\n<li>Levier de blocage de l&#8217;assise en 4 positions.<\/li>\n<li>Structure en aluminium argent, assise et dossier en PU rembourr\u00e9s.<\/li>\n<li>Accoudoirs en mousse pour un confort accru.<\/li>\n<li>Chaise pliable pour un rangement facile.<\/li>\n<li>Dimensions de l&#8217;assise : 40,7&#215;33,7x h 5 cm.<\/li>\n<li>Charge maximale : 136 kg, poids total : 5,3 kg.<\/li>\n<li>Dimensions de l&#8217;emballage : 52,5x36x h 42,5 cm.<\/li>\n<li>Dimensions de la chaise repli\u00e9e : 51&#215;34,5x h 40 cm.<\/li>\n<li>Mode d&#8217;emploi inclus en plusieurs langues.<\/li>\n<\/ul>\n<h2>Livraison<\/h2>\n<ul>\n<li><strong>France :<\/strong> Livraison directe.<\/li>\n<li><strong>Export (Europe et Afrique) :<\/strong> Sur devis.<\/li>\n<\/ul>\n","protected":false},"excerpt":{"rendered":"<ul>\n<li>Chaise de douche rotative pour un confort optimal lors de la toilette.<\/li>\n<li>Assise pivotante \u00e0 360\u00b0 pour un acc\u00e8s facile et une meilleure ind\u00e9pendance.<\/li>\n<li>Accoudoirs soulevables et structure l\u00e9g\u00e8re pour faciliter les d\u00e9placements.<\/li>\n<li>Capacit\u00e9 de charge de 136 kg, adapt\u00e9e aux besoins des personnes \u00e2g\u00e9es ou handicap\u00e9es.<\/li>\n<\/ul>\n","protected":false},"featured_media":110654,"comment_status":"open","ping_status":"open","template":"","meta":{"inline_featured_image":false},"product_brand":[],"product_cat":[1166,1180],"product_tag":[],"class_list":{"0":"post-110653","1":"product","2":"type-product","3":"status-publish","4":"has-post-thumbnail","6":"product_cat-aide-de-patients","7":"product_cat-aides-salle-de-bains-pour-les-handicapes-et-les-personnes-agees","9":"first","10":"instock","11":"sale","12":"taxable","13":"shipping-taxable","14":"purchasable","15":"product-type-simple"},"_links":{"self":[{"href":"https:\/\/nimedixmedical.com\/fr\/wp-json\/wp\/v2\/product\/110653","targetHints":{"allow":["GET"]}}],"collection":[{"href":"https:\/\/nimedixmedical.com\/fr\/wp-json\/wp\/v2\/product"}],"about":[{"href":"https:\/\/nimedixmedical.com\/fr\/wp-json\/wp\/v2\/types\/product"}],"replies":[{"embeddable":true,"href":"https:\/\/nimedixmedical.com\/fr\/wp-json\/wp\/v2\/comments?post=110653"}],"wp:featuredmedia":[{"embeddable":true,"href":"https:\/\/nimedixmedical.com\/fr\/wp-json\/wp\/v2\/media\/110654"}],"wp:attachment":[{"href":"https:\/\/nimedixmedical.com\/fr\/wp-json\/wp\/v2\/media?parent=110653"}],"wp:term":[{"taxonomy":"product_brand","embeddable":true,"href":"https:\/\/nimedixmedical.com\/fr\/wp-json\/wp\/v2\/product_brand?post=110653"},{"taxonomy":"product_cat","embeddable":true,"href":"https:\/\/nimedixmedical.com\/fr\/wp-json\/wp\/v2\/product_cat?post=110653"},{"taxonomy":"product_tag","embeddable":true,"href":"https:\/\/nimedixmedical.com\/fr\/wp-json\/wp\/v2\/product_tag?post=110653"}],"curies":[{"name":"wp","href":"https:\/\/api.w.org\/{rel}","templated":true}]}}