{"id":110591,"date":"2025-11-30T21:19:32","date_gmt":"2025-11-30T20:19:32","guid":{"rendered":"https:\/\/nimedixmedical.com\/notre-catalogue\/canne-synthetique-effet-corne\/"},"modified":"2026-01-12T15:31:17","modified_gmt":"2026-01-12T14:31:17","slug":"canne-synthetique-effet-corne","status":"publish","type":"product","link":"https:\/\/nimedixmedical.com\/fr\/notre-catalogue\/canne-synthetique-effet-corne\/","title":{"rendered":"Canne Synth\u00e9tique &#8211; Effet Corne"},"content":{"rendered":"<p>La canne synth\u00e9tique effet corne est une aide \u00e0 la mobilit\u00e9 con\u00e7ue pour offrir soutien et s\u00e9curit\u00e9 aux personnes ayant des difficult\u00e9s \u00e0 se d\u00e9placer. Son design ergonomique et \u00e9l\u00e9gant en fait un accessoire fonctionnel et styl\u00e9, adapt\u00e9 \u00e0 un usage quotidien.<\/p>\n<h2>Caract\u00e9ristiques<\/h2>\n<ul>\n<li>Type : Canne courbe<\/li>\n<li>Mat\u00e9riau : Synth\u00e9tique avec effet corne<\/li>\n<li>Capacit\u00e9 de charge : 100 kg<\/li>\n<li>Origine : Fabriqu\u00e9e en France<\/li>\n<\/ul>\n<h2>Livraison<\/h2>\n<ul>\n<li><strong>France :<\/strong> Livraison directe.<\/li>\n<li><strong>Export (Europe et Afrique) :<\/strong> Sur devis.<\/li>\n<\/ul>\n","protected":false},"excerpt":{"rendered":"<ul>\n<li>Canne courbe en mati\u00e8re synth\u00e9tique, aspect corne pour un design \u00e9l\u00e9gant.<\/li>\n<li>Supporte un poids maximum de 100 kg, id\u00e9ale pour un usage quotidien.<\/li>\n<li>Fabriqu\u00e9e en France, garantissant qualit\u00e9 et durabilit\u00e9.<\/li>\n<li>Facilite la mobilit\u00e9 et l&#8217;\u00e9quilibre pour les personnes \u00e0 mobilit\u00e9 r\u00e9duite.<\/li>\n<\/ul>\n","protected":false},"featured_media":110592,"comment_status":"open","ping_status":"open","template":"","meta":{"inline_featured_image":false},"product_brand":[],"product_cat":[1166,1179],"product_tag":[],"class_list":{"0":"post-110591","1":"product","2":"type-product","3":"status-publish","4":"has-post-thumbnail","6":"product_cat-aide-de-patients","7":"product_cat-cannes-bequilles","9":"first","10":"instock","11":"sale","12":"taxable","13":"shipping-taxable","14":"purchasable","15":"product-type-simple"},"_links":{"self":[{"href":"https:\/\/nimedixmedical.com\/fr\/wp-json\/wp\/v2\/product\/110591","targetHints":{"allow":["GET"]}}],"collection":[{"href":"https:\/\/nimedixmedical.com\/fr\/wp-json\/wp\/v2\/product"}],"about":[{"href":"https:\/\/nimedixmedical.com\/fr\/wp-json\/wp\/v2\/types\/product"}],"replies":[{"embeddable":true,"href":"https:\/\/nimedixmedical.com\/fr\/wp-json\/wp\/v2\/comments?post=110591"}],"wp:featuredmedia":[{"embeddable":true,"href":"https:\/\/nimedixmedical.com\/fr\/wp-json\/wp\/v2\/media\/110592"}],"wp:attachment":[{"href":"https:\/\/nimedixmedical.com\/fr\/wp-json\/wp\/v2\/media?parent=110591"}],"wp:term":[{"taxonomy":"product_brand","embeddable":true,"href":"https:\/\/nimedixmedical.com\/fr\/wp-json\/wp\/v2\/product_brand?post=110591"},{"taxonomy":"product_cat","embeddable":true,"href":"https:\/\/nimedixmedical.com\/fr\/wp-json\/wp\/v2\/product_cat?post=110591"},{"taxonomy":"product_tag","embeddable":true,"href":"https:\/\/nimedixmedical.com\/fr\/wp-json\/wp\/v2\/product_tag?post=110591"}],"curies":[{"name":"wp","href":"https:\/\/api.w.org\/{rel}","templated":true}]}}