{"id":110546,"date":"2025-11-30T21:18:34","date_gmt":"2025-11-30T20:18:34","guid":{"rendered":"https:\/\/nimedixmedical.com\/notre-catalogue\/trusty-cane-avec-lumiere-led-noir\/"},"modified":"2026-01-12T15:31:11","modified_gmt":"2026-01-12T14:31:11","slug":"trusty-cane-avec-lumiere-led-noir","status":"publish","type":"product","link":"https:\/\/nimedixmedical.com\/fr\/notre-catalogue\/trusty-cane-avec-lumiere-led-noir\/","title":{"rendered":"Trusty Cane avec Lumi\u00e8re LED &#8211; Noir"},"content":{"rendered":"<p>Le TRUSTY CANE est une canne innovante con\u00e7ue pour offrir aux patients une aide solide et s\u00e9curis\u00e9e lors de leurs d\u00e9placements. Avec sa lumi\u00e8re LED int\u00e9gr\u00e9e, elle assure une visibilit\u00e9 optimale dans l&#8217;obscurit\u00e9, am\u00e9liorant ainsi la s\u00e9curit\u00e9 et la confiance des utilisateurs.<\/p>\n<h2>Caract\u00e9ristiques<\/h2>\n<ul>\n<li>Canne pliante avec un corps en aluminium (\u00e9paisseur 1,2 mm).<\/li>\n<li>Hauteur r\u00e9glable de 85 \u00e0 97 cm pour s&#8217;adapter \u00e0 chaque utilisateur.<\/li>\n<li>Large base de 9 cm pour une stabilit\u00e9 accrue, \u00e9quip\u00e9e de 3 pieds anti-glissement.<\/li>\n<li>Fonctionne avec 3 batteries AAA 1,5 V (non comprises).<\/li>\n<li>\u00c9quip\u00e9e de 3 lumi\u00e8res LED : 1 \u00e0 l&#8217;avant et 2 vers le bas pour \u00e9clairer le chemin.<\/li>\n<li>4 articulations pliantes pour un rangement facilit\u00e9.<\/li>\n<\/ul>\n<h2>Livraison<\/h2>\n<ul>\n<li><strong>France :<\/strong> Livraison directe.<\/li>\n<li><strong>Export (Europe et Afrique) :<\/strong> Sur devis.<\/li>\n<\/ul>\n","protected":false},"excerpt":{"rendered":"<ul>\n<li>Canne pliante avec lumi\u00e8re LED int\u00e9gr\u00e9e pour une visibilit\u00e9 accrue.<\/li>\n<li>Base tournante \u00e0 360\u00b0 et 3 pieds anti-glissement pour une stabilit\u00e9 optimale.<\/li>\n<li>Hauteur r\u00e9glable (85-97 cm) pour un confort d&#8217;utilisation adapt\u00e9.<\/li>\n<li>Poids l\u00e9ger (420 g) pour une manipulation facile.<\/li>\n<\/ul>\n","protected":false},"featured_media":110547,"comment_status":"open","ping_status":"open","template":"","meta":{"inline_featured_image":false},"product_brand":[],"product_cat":[1166,1179],"product_tag":[],"class_list":{"0":"post-110546","1":"product","2":"type-product","3":"status-publish","4":"has-post-thumbnail","6":"product_cat-aide-de-patients","7":"product_cat-cannes-bequilles","9":"first","10":"instock","11":"sale","12":"taxable","13":"shipping-taxable","14":"purchasable","15":"product-type-simple"},"_links":{"self":[{"href":"https:\/\/nimedixmedical.com\/fr\/wp-json\/wp\/v2\/product\/110546","targetHints":{"allow":["GET"]}}],"collection":[{"href":"https:\/\/nimedixmedical.com\/fr\/wp-json\/wp\/v2\/product"}],"about":[{"href":"https:\/\/nimedixmedical.com\/fr\/wp-json\/wp\/v2\/types\/product"}],"replies":[{"embeddable":true,"href":"https:\/\/nimedixmedical.com\/fr\/wp-json\/wp\/v2\/comments?post=110546"}],"wp:featuredmedia":[{"embeddable":true,"href":"https:\/\/nimedixmedical.com\/fr\/wp-json\/wp\/v2\/media\/110547"}],"wp:attachment":[{"href":"https:\/\/nimedixmedical.com\/fr\/wp-json\/wp\/v2\/media?parent=110546"}],"wp:term":[{"taxonomy":"product_brand","embeddable":true,"href":"https:\/\/nimedixmedical.com\/fr\/wp-json\/wp\/v2\/product_brand?post=110546"},{"taxonomy":"product_cat","embeddable":true,"href":"https:\/\/nimedixmedical.com\/fr\/wp-json\/wp\/v2\/product_cat?post=110546"},{"taxonomy":"product_tag","embeddable":true,"href":"https:\/\/nimedixmedical.com\/fr\/wp-json\/wp\/v2\/product_tag?post=110546"}],"curies":[{"name":"wp","href":"https:\/\/api.w.org\/{rel}","templated":true}]}}