{"id":110541,"date":"2025-11-30T21:18:34","date_gmt":"2025-11-30T20:18:34","guid":{"rendered":"https:\/\/nimedixmedical.com\/notre-catalogue\/canne-avec-lumiere-de-securite-noir\/"},"modified":"2026-01-12T15:31:10","modified_gmt":"2026-01-12T14:31:10","slug":"canne-avec-lumiere-de-securite-noir","status":"publish","type":"product","link":"https:\/\/nimedixmedical.com\/fr\/notre-catalogue\/canne-avec-lumiere-de-securite-noir\/","title":{"rendered":"Canne avec Lumiere de Securite &#8211; Noir"},"content":{"rendered":"<p>La canne avec lumi\u00e8re de s\u00e9curit\u00e9 est un dispositif essentiel pour les personnes ayant besoin d&#8217;une aide \u00e0 la mobilit\u00e9. Elle offre une s\u00e9curit\u00e9 accrue gr\u00e2ce \u00e0 sa lumi\u00e8re LED et son alarme, permettant une utilisation en toute tranquillit\u00e9, m\u00eame dans des conditions de faible luminosit\u00e9.<\/p>\n<h2>Caract\u00e9ristiques<\/h2>\n<ul>\n<li>Lumi\u00e8re LED blanche frontale ultralumineuse (4 LED) jusqu\u2019\u00e0 15 lumen, avec positions r\u00e9glables.<\/li>\n<li>Flash d\u2019avertissement \u00e0 LED rouge ultralumineux avec 2 LED, jusqu\u2019\u00e0 5 lumen.<\/li>\n<li>Poign\u00e9e en ABS et cadre en aluminium pour une durabilit\u00e9 accrue.<\/li>\n<li>Sir\u00e8ne d\u2019alarme de 100 dB pour une s\u00e9curit\u00e9 optimale.<\/li>\n<li>R\u00e9glable en hauteur : 10 positions de 78 \u00e0 100,5 cm.<\/li>\n<li>Marche gr\u00e2ce \u00e0 2 piles AAA, non comprises.<\/li>\n<li>Charge maximale : 110 kg.<\/li>\n<li>Livr\u00e9e avec dragonne pour un usage pratique.<\/li>\n<\/ul>\n<h2>Livraison<\/h2>\n<ul>\n<li><strong>France :<\/strong> Livraison directe.<\/li>\n<li><strong>Export (Europe et Afrique) :<\/strong> Sur devis.<\/li>\n<\/ul>\n","protected":false},"excerpt":{"rendered":"<ul>\n<li>Canne de s\u00e9curit\u00e9 avec lumi\u00e8re LED pour une visibilit\u00e9 accrue la nuit.<\/li>\n<li>Alarme sonore de 100 dB pour dissuader les intrus et assurer votre s\u00e9curit\u00e9.<\/li>\n<li>R\u00e9glable en hauteur pour un confort optimal selon la taille de l&#8217;utilisateur.<\/li>\n<li>Robuste avec une charge maximale de 110 kg, adapt\u00e9e \u00e0 divers utilisateurs.<\/li>\n<\/ul>\n","protected":false},"featured_media":110542,"comment_status":"open","ping_status":"open","template":"","meta":{"inline_featured_image":false},"product_brand":[],"product_cat":[1166,1179],"product_tag":[],"class_list":{"0":"post-110541","1":"product","2":"type-product","3":"status-publish","4":"has-post-thumbnail","6":"product_cat-aide-de-patients","7":"product_cat-cannes-bequilles","9":"first","10":"instock","11":"sale","12":"taxable","13":"shipping-taxable","14":"purchasable","15":"product-type-simple"},"_links":{"self":[{"href":"https:\/\/nimedixmedical.com\/fr\/wp-json\/wp\/v2\/product\/110541","targetHints":{"allow":["GET"]}}],"collection":[{"href":"https:\/\/nimedixmedical.com\/fr\/wp-json\/wp\/v2\/product"}],"about":[{"href":"https:\/\/nimedixmedical.com\/fr\/wp-json\/wp\/v2\/types\/product"}],"replies":[{"embeddable":true,"href":"https:\/\/nimedixmedical.com\/fr\/wp-json\/wp\/v2\/comments?post=110541"}],"wp:featuredmedia":[{"embeddable":true,"href":"https:\/\/nimedixmedical.com\/fr\/wp-json\/wp\/v2\/media\/110542"}],"wp:attachment":[{"href":"https:\/\/nimedixmedical.com\/fr\/wp-json\/wp\/v2\/media?parent=110541"}],"wp:term":[{"taxonomy":"product_brand","embeddable":true,"href":"https:\/\/nimedixmedical.com\/fr\/wp-json\/wp\/v2\/product_brand?post=110541"},{"taxonomy":"product_cat","embeddable":true,"href":"https:\/\/nimedixmedical.com\/fr\/wp-json\/wp\/v2\/product_cat?post=110541"},{"taxonomy":"product_tag","embeddable":true,"href":"https:\/\/nimedixmedical.com\/fr\/wp-json\/wp\/v2\/product_tag?post=110541"}],"curies":[{"name":"wp","href":"https:\/\/api.w.org\/{rel}","templated":true}]}}