{"id":110480,"date":"2025-11-30T21:17:31","date_gmt":"2025-11-30T20:17:31","guid":{"rendered":"https:\/\/nimedixmedical.com\/notre-catalogue\/mini-velo-electrique-avec-ecran-noir\/"},"modified":"2026-01-12T15:30:57","modified_gmt":"2026-01-12T14:30:57","slug":"mini-velo-electrique-avec-ecran-noir","status":"publish","type":"product","link":"https:\/\/nimedixmedical.com\/fr\/notre-catalogue\/mini-velo-electrique-avec-ecran-noir\/","title":{"rendered":"Mini-v\u00e9lo \u00c9lectrique avec \u00c9cr\u00e1n &#8211; Noir"},"content":{"rendered":"<p>Le mini-v\u00e9lo \u00e9lectrique avec \u00e9cran est con\u00e7u pour faciliter l&#8217;exercice \u00e0 domicile, notamment pour les personnes ayant des besoins sp\u00e9cifiques en mati\u00e8re de mobilit\u00e9. Il permet de stimuler la circulation sanguine et de renforcer les muscles, tout en offrant un suivi des performances gr\u00e2ce \u00e0 son \u00e9cran LED.<\/p>\n<h2>Caract\u00e9ristiques<\/h2>\n<ul>\n<li>Mat\u00e9riaux : ABS et acier robustes.<\/li>\n<li>\u00c9cran LED int\u00e9gr\u00e9 pour afficher temps, vitesse et calories.<\/li>\n<li>6 vitesses r\u00e9glables pour personnaliser l&#8217;exp\u00e9rience d&#8217;entra\u00eenement.<\/li>\n<li>T\u00e9l\u00e9commande \u00e0 infrarouges (batterie non incluse).<\/li>\n<li>Dimensions : 39,5 x 34,5 x 26 cm.<\/li>\n<li>Poids net : 4,2 kg, facile \u00e0 d\u00e9placer.<\/li>\n<li>P\u00e9dales anti-glissement avec sangle pour plus de s\u00e9curit\u00e9.<\/li>\n<li>Bo\u00eete et mode d&#8217;emploi multilingue (GB, FR, IT, ES, PT, DE, SE, LV, SI, GR, RO, PL).<\/li>\n<\/ul>\n<h2>Livraison<\/h2>\n<ul>\n<li><strong>France :<\/strong> Livraison directe.<\/li>\n<li><strong>Export (Europe et Afrique) :<\/strong> Sur devis.<\/li>\n<\/ul>\n","protected":false},"excerpt":{"rendered":"<ul>\n<li>Mini-v\u00e9lo \u00e9lectrique compact id\u00e9al pour un entra\u00eenement cardiovasculaire mod\u00e9r\u00e9.<\/li>\n<li>\u00c9cran LED int\u00e9gr\u00e9 pour suivre le temps, la vitesse et les calories d\u00e9pens\u00e9es.<\/li>\n<li>6 vitesses r\u00e9glables pour s&#8217;adapter \u00e0 vos besoins d&#8217;entra\u00eenement.<\/li>\n<li>Facile \u00e0 utiliser \u00e0 la maison, sur une table ou au sol pour les jambes et les bras.<\/li>\n<\/ul>\n","protected":false},"featured_media":110481,"comment_status":"open","ping_status":"open","template":"","meta":{"inline_featured_image":false},"product_brand":[],"product_cat":[1166,1178],"product_tag":[],"class_list":{"0":"post-110480","1":"product","2":"type-product","3":"status-publish","4":"has-post-thumbnail","6":"product_cat-aide-de-patients","7":"product_cat-deambulateurs-exerciseurs","9":"first","10":"instock","11":"sale","12":"taxable","13":"shipping-taxable","14":"purchasable","15":"product-type-simple"},"_links":{"self":[{"href":"https:\/\/nimedixmedical.com\/fr\/wp-json\/wp\/v2\/product\/110480","targetHints":{"allow":["GET"]}}],"collection":[{"href":"https:\/\/nimedixmedical.com\/fr\/wp-json\/wp\/v2\/product"}],"about":[{"href":"https:\/\/nimedixmedical.com\/fr\/wp-json\/wp\/v2\/types\/product"}],"replies":[{"embeddable":true,"href":"https:\/\/nimedixmedical.com\/fr\/wp-json\/wp\/v2\/comments?post=110480"}],"wp:featuredmedia":[{"embeddable":true,"href":"https:\/\/nimedixmedical.com\/fr\/wp-json\/wp\/v2\/media\/110481"}],"wp:attachment":[{"href":"https:\/\/nimedixmedical.com\/fr\/wp-json\/wp\/v2\/media?parent=110480"}],"wp:term":[{"taxonomy":"product_brand","embeddable":true,"href":"https:\/\/nimedixmedical.com\/fr\/wp-json\/wp\/v2\/product_brand?post=110480"},{"taxonomy":"product_cat","embeddable":true,"href":"https:\/\/nimedixmedical.com\/fr\/wp-json\/wp\/v2\/product_cat?post=110480"},{"taxonomy":"product_tag","embeddable":true,"href":"https:\/\/nimedixmedical.com\/fr\/wp-json\/wp\/v2\/product_tag?post=110480"}],"curies":[{"name":"wp","href":"https:\/\/api.w.org\/{rel}","templated":true}]}}