{"id":110423,"date":"2025-11-30T21:17:31","date_gmt":"2025-11-30T20:17:31","guid":{"rendered":"https:\/\/nimedixmedical.com\/notre-catalogue\/fauteuil-elevateur-arianna-1-moteur-bleu\/"},"modified":"2026-01-12T15:30:47","modified_gmt":"2026-01-12T14:30:47","slug":"fauteuil-elevateur-arianna-1-moteur-bleu","status":"publish","type":"product","link":"https:\/\/nimedixmedical.com\/fr\/notre-catalogue\/fauteuil-elevateur-arianna-1-moteur-bleu\/","title":{"rendered":"Fauteuil \u00c9l\u00e9vateur Arianna 1 Moteur &#8211; Bleu"},"content":{"rendered":"<p>Le fauteuil \u00e9l\u00e9vateur Arianna est con\u00e7u pour offrir un soutien optimal aux personnes ayant des difficult\u00e9s \u00e0 se lever. Gr\u00e2ce \u00e0 son syst\u00e8me de soul\u00e8vement \u00e9lectrique, il permet de faciliter le quotidien des utilisateurs, tout en leur offrant un confort appr\u00e9ciable.<\/p>\n<h2>Caract\u00e9ristiques<\/h2>\n<ul>\n<li>Couleur : bleu<\/li>\n<li>Moteur : 1 moteur pour un soul\u00e8vement combin\u00e9 du dossier et du repose-jambes<\/li>\n<li>Dimensions de l&#8217;assise : Largeur 49 cm, Profondeur 49,5 cm, Hauteur 49 cm<\/li>\n<li>Hauteur du dossier : 70 cm<\/li>\n<li>Dimensions de la chaise : Largeur 75 cm, Longueur inclin\u00e9 170,5 cm<\/li>\n<li>Charge maximale : 150 kg (331 lbs)<\/li>\n<li>Alimentation : 100-240 V &#8211; 50\/60 Hz<\/li>\n<li>Mode d&#8217;emploi : multilingue (GB, FR, IT, ES)<\/li>\n<\/ul>\n<h2>Livraison<\/h2>\n<ul>\n<li><strong>France :<\/strong> Livraison directe.<\/li>\n<li><strong>Export (Europe et Afrique) :<\/strong> Sur devis.<\/li>\n<\/ul>\n","protected":false},"excerpt":{"rendered":"<ul>\n<li>Usage : Fauteuil \u00e9l\u00e9vateur \u00e9lectrique pour aider \u00e0 se lever facilement.<\/li>\n<li>B\u00e9n\u00e9fice : Confort optimal gr\u00e2ce \u00e0 un dossier et un repose-jambes inclinables.<\/li>\n<li>Capacit\u00e9 : Supporte un poids allant jusqu&#8217;\u00e0 150 kg.<\/li>\n<li>Multilingue : Mode d&#8217;emploi disponible en plusieurs langues pour une utilisation ais\u00e9e.<\/li>\n<\/ul>\n","protected":false},"featured_media":110424,"comment_status":"open","ping_status":"open","template":"","meta":{"inline_featured_image":false},"product_brand":[],"product_cat":[1166,1177],"product_tag":[],"class_list":{"0":"post-110423","1":"product","2":"type-product","3":"status-publish","4":"has-post-thumbnail","6":"product_cat-aide-de-patients","7":"product_cat-fauteuils-de-relaxation","9":"first","10":"instock","11":"sale","12":"taxable","13":"shipping-taxable","14":"purchasable","15":"product-type-simple"},"_links":{"self":[{"href":"https:\/\/nimedixmedical.com\/fr\/wp-json\/wp\/v2\/product\/110423","targetHints":{"allow":["GET"]}}],"collection":[{"href":"https:\/\/nimedixmedical.com\/fr\/wp-json\/wp\/v2\/product"}],"about":[{"href":"https:\/\/nimedixmedical.com\/fr\/wp-json\/wp\/v2\/types\/product"}],"replies":[{"embeddable":true,"href":"https:\/\/nimedixmedical.com\/fr\/wp-json\/wp\/v2\/comments?post=110423"}],"wp:featuredmedia":[{"embeddable":true,"href":"https:\/\/nimedixmedical.com\/fr\/wp-json\/wp\/v2\/media\/110424"}],"wp:attachment":[{"href":"https:\/\/nimedixmedical.com\/fr\/wp-json\/wp\/v2\/media?parent=110423"}],"wp:term":[{"taxonomy":"product_brand","embeddable":true,"href":"https:\/\/nimedixmedical.com\/fr\/wp-json\/wp\/v2\/product_brand?post=110423"},{"taxonomy":"product_cat","embeddable":true,"href":"https:\/\/nimedixmedical.com\/fr\/wp-json\/wp\/v2\/product_cat?post=110423"},{"taxonomy":"product_tag","embeddable":true,"href":"https:\/\/nimedixmedical.com\/fr\/wp-json\/wp\/v2\/product_tag?post=110423"}],"curies":[{"name":"wp","href":"https:\/\/api.w.org\/{rel}","templated":true}]}}