{"id":110373,"date":"2025-11-30T21:16:20","date_gmt":"2025-11-30T20:16:20","guid":{"rendered":"https:\/\/nimedixmedical.com\/notre-catalogue\/fauteuil-elevateur-ginevra-2-moteurs-bordeaux\/"},"modified":"2026-01-12T15:30:40","modified_gmt":"2026-01-12T14:30:40","slug":"fauteuil-elevateur-ginevra-2-moteurs-bordeaux","status":"publish","type":"product","link":"https:\/\/nimedixmedical.com\/fr\/notre-catalogue\/fauteuil-elevateur-ginevra-2-moteurs-bordeaux\/","title":{"rendered":"Fauteuil \u00c9l\u00e9vateur Ginevra 2 Moteurs &#8211; Bordeaux"},"content":{"rendered":"<p>Le fauteuil \u00e9l\u00e9vateur Ginevra est con\u00e7u pour offrir un soutien optimal aux personnes ayant des difficult\u00e9s \u00e0 se lever ou \u00e0 s&#8217;asseoir. Avec sa technologie \u00e0 2 moteurs, il permet un ajustement personnalis\u00e9 pour un confort in\u00e9gal\u00e9.<\/p>\n<h2>Caract\u00e9ristiques<\/h2>\n<ul>\n<li>Couleur: Bordeaux<\/li>\n<li>Type de moteur: 2 moteurs ind\u00e9pendants<\/li>\n<li>Repose-jambes: standard, avec soul\u00e8vement suppl\u00e9mentaire de 8 cm<\/li>\n<li>Dimensions de l&#8217;assise: 46 cm de largeur, 51 cm de profondeur, 40 cm de hauteur<\/li>\n<li>Hauteur du dossier: 66 cm<\/li>\n<li>Dimensions de la chaise: 74 cm de largeur, 169 cm de longueur (inclin\u00e9)<\/li>\n<li>Charge maximale: 150 kg (331 lbs)<\/li>\n<li>Alimentation: 100-240 V &#8211; 50\/60 Hz<\/li>\n<li>Mode d\u2019emploi multilingue: disponible en GB, FR, IT, ES<\/li>\n<\/ul>\n<h2>Livraison<\/h2>\n<ul>\n<li><strong>France :<\/strong> Livraison directe.<\/li>\n<li><strong>Export (Europe et Afrique) :<\/strong> Sur devis.<\/li>\n<\/ul>\n","protected":false},"excerpt":{"rendered":"<ul>\n<li>Fauteuil \u00e9l\u00e9vateur \u00e0 2 moteurs pour un confort optimal.<\/li>\n<li>Positionnement ind\u00e9pendant du dossier et du repose-jambes pour un repos total.<\/li>\n<li>Facilite le passage de la position assise \u00e0 debout gr\u00e2ce \u00e0 son syst\u00e8me de soul\u00e8vement \u00e9lectrique.<\/li>\n<li>Capacit\u00e9 de charge de 150 kg, adapt\u00e9 \u00e0 un large \u00e9ventail d&#8217;utilisateurs.<\/li>\n<\/ul>\n","protected":false},"featured_media":110374,"comment_status":"open","ping_status":"open","template":"","meta":{"inline_featured_image":false},"product_brand":[],"product_cat":[1166,1177],"product_tag":[],"class_list":{"0":"post-110373","1":"product","2":"type-product","3":"status-publish","4":"has-post-thumbnail","6":"product_cat-aide-de-patients","7":"product_cat-fauteuils-de-relaxation","9":"first","10":"instock","11":"sale","12":"taxable","13":"shipping-taxable","14":"purchasable","15":"product-type-simple"},"_links":{"self":[{"href":"https:\/\/nimedixmedical.com\/fr\/wp-json\/wp\/v2\/product\/110373","targetHints":{"allow":["GET"]}}],"collection":[{"href":"https:\/\/nimedixmedical.com\/fr\/wp-json\/wp\/v2\/product"}],"about":[{"href":"https:\/\/nimedixmedical.com\/fr\/wp-json\/wp\/v2\/types\/product"}],"replies":[{"embeddable":true,"href":"https:\/\/nimedixmedical.com\/fr\/wp-json\/wp\/v2\/comments?post=110373"}],"wp:featuredmedia":[{"embeddable":true,"href":"https:\/\/nimedixmedical.com\/fr\/wp-json\/wp\/v2\/media\/110374"}],"wp:attachment":[{"href":"https:\/\/nimedixmedical.com\/fr\/wp-json\/wp\/v2\/media?parent=110373"}],"wp:term":[{"taxonomy":"product_brand","embeddable":true,"href":"https:\/\/nimedixmedical.com\/fr\/wp-json\/wp\/v2\/product_brand?post=110373"},{"taxonomy":"product_cat","embeddable":true,"href":"https:\/\/nimedixmedical.com\/fr\/wp-json\/wp\/v2\/product_cat?post=110373"},{"taxonomy":"product_tag","embeddable":true,"href":"https:\/\/nimedixmedical.com\/fr\/wp-json\/wp\/v2\/product_tag?post=110373"}],"curies":[{"name":"wp","href":"https:\/\/api.w.org\/{rel}","templated":true}]}}