{"id":110271,"date":"2025-11-30T21:15:10","date_gmt":"2025-11-30T20:15:10","guid":{"rendered":"https:\/\/nimedixmedical.com\/notre-catalogue\/chaise-daisance-et-de-douche\/"},"modified":"2026-02-20T14:46:58","modified_gmt":"2026-02-20T13:46:58","slug":"chaise-daisance-et-de-douche","status":"publish","type":"product","link":"https:\/\/nimedixmedical.com\/fr\/notre-catalogue\/chaise-daisance-et-de-douche\/","title":{"rendered":"Chaise D&#8217;aisance et de Douche"},"content":{"rendered":"<div class=\"wpb-content-wrapper\">\t<div  class=\"vc_row wpb_row vc_row-fluid vc_column-gap-default ts-row-wide\"  ><div class=\"wpb_column vc_column_container vc_col-sm-12\">\n\t<div class=\"wpb_wrapper\">\n\t\n\t<div class=\"wpb_text_column wpb_content_element\" >\n\t\t<div class=\"wpb_wrapper\">\n\t\t\t<p>La chaise d&#8217;aisance et de douche est un dispositif m\u00e9dical con\u00e7u pour faciliter l&#8217;hygi\u00e8ne et le confort des personnes \u00e0 mobilit\u00e9 r\u00e9duite. Gr\u00e2ce \u00e0 sa structure robuste en aluminium et ses multiples fonctionnalit\u00e9s, elle offre une solution pratique et s\u00e9curis\u00e9e pour les soins quotidiens.<\/p>\n<h2>Caract\u00e9ristiques<\/h2>\n<ul>\n<li>Structure en aluminium robuste et anti-rouille, garantissant durabilit\u00e9.<\/li>\n<li>Coussin et dossier en mousse de PU imperm\u00e9able, facile \u00e0 nettoyer.<\/li>\n<li>Hauteur de l&#8217;assise r\u00e9glable entre 85-95,5 cm.<\/li>\n<li>Accoudoirs inclin\u00e9s en avant pour un d\u00e9placement plus facile.<\/li>\n<li>Embouts antid\u00e9rapants pour une stabilit\u00e9 accrue.<\/li>\n<li>Charge maximale support\u00e9e : 136 kg.<\/li>\n<li>Poids total de la chaise : 7,1 kg.<\/li>\n<li>Dimensions : Largeur 52-55,8 cm, Profondeur 69,2-73 cm.<\/li>\n<\/ul>\n<h2>Livraison<\/h2>\n<ul>\n<li><strong>France :<\/strong> Livraison directe.<\/li>\n<li><strong>Export (Europe et Afrique) :<\/strong> Sur devis.<\/li>\n<\/ul>\n\n\t\t<\/div>\n\t<\/div>\n\t<\/div>\n<\/div><\/div>\n<\/div>","protected":false},"excerpt":{"rendered":"<ul>\n<li>Usage polyvalent : Utilisable comme r\u00e9hausseur WC, chaise d&#8217;aisance et chaise de douche.<\/li>\n<li>B\u00e9n\u00e9fice de s\u00e9curit\u00e9 : M\u00e9canisme de soul\u00e8vement \u00e0 ressort avec blocage de s\u00e9curit\u00e9 pour faciliter le passage \u00e0 la position debout.<\/li>\n<li>Confort optimal : Dossier et coussin en mousse de PU imperm\u00e9able pour un maintien agr\u00e9able.<\/li>\n<li>Adaptabilit\u00e9 : Jambes r\u00e9glables en hauteur et accoudoirs inclin\u00e9s pour un meilleur confort et facilit\u00e9 de d\u00e9placement.<\/li>\n<\/ul>\n","protected":false},"featured_media":110272,"comment_status":"open","ping_status":"closed","template":"","meta":{"inline_featured_image":false},"product_brand":[],"product_cat":[1166,1175,1173],"product_tag":[],"class_list":{"0":"post-110271","1":"product","2":"type-product","3":"status-publish","4":"has-post-thumbnail","6":"product_cat-aide-de-patients","7":"product_cat-chaises-percees","8":"product_cat-fauteuils-roulants-chaises-percees","10":"first","11":"instock","12":"sale","13":"taxable","14":"shipping-taxable","15":"purchasable","16":"product-type-simple"},"_links":{"self":[{"href":"https:\/\/nimedixmedical.com\/fr\/wp-json\/wp\/v2\/product\/110271","targetHints":{"allow":["GET"]}}],"collection":[{"href":"https:\/\/nimedixmedical.com\/fr\/wp-json\/wp\/v2\/product"}],"about":[{"href":"https:\/\/nimedixmedical.com\/fr\/wp-json\/wp\/v2\/types\/product"}],"replies":[{"embeddable":true,"href":"https:\/\/nimedixmedical.com\/fr\/wp-json\/wp\/v2\/comments?post=110271"}],"wp:featuredmedia":[{"embeddable":true,"href":"https:\/\/nimedixmedical.com\/fr\/wp-json\/wp\/v2\/media\/110272"}],"wp:attachment":[{"href":"https:\/\/nimedixmedical.com\/fr\/wp-json\/wp\/v2\/media?parent=110271"}],"wp:term":[{"taxonomy":"product_brand","embeddable":true,"href":"https:\/\/nimedixmedical.com\/fr\/wp-json\/wp\/v2\/product_brand?post=110271"},{"taxonomy":"product_cat","embeddable":true,"href":"https:\/\/nimedixmedical.com\/fr\/wp-json\/wp\/v2\/product_cat?post=110271"},{"taxonomy":"product_tag","embeddable":true,"href":"https:\/\/nimedixmedical.com\/fr\/wp-json\/wp\/v2\/product_tag?post=110271"}],"curies":[{"name":"wp","href":"https:\/\/api.w.org\/{rel}","templated":true}]}}