{"id":110137,"date":"2025-11-30T21:12:34","date_gmt":"2025-11-30T20:12:34","guid":{"rendered":"https:\/\/nimedixmedical.com\/notre-catalogue\/fauteuil-roulant-electrique-roulettes-arriere-12\/"},"modified":"2026-01-12T15:29:55","modified_gmt":"2026-01-12T14:29:55","slug":"fauteuil-roulant-electrique-roulettes-arriere-12","status":"publish","type":"product","link":"https:\/\/nimedixmedical.com\/fr\/notre-catalogue\/fauteuil-roulant-electrique-roulettes-arriere-12\/","title":{"rendered":"Fauteuil Roulant \u00c9lectrique &#8211; Roulettes Arri\u00e8re 12&#8243;"},"content":{"rendered":"<p>Le fauteuil roulant \u00e9lectrique est con\u00e7u pour offrir une mobilit\u00e9 optimale aux personnes \u00e0 mobilit\u00e9 r\u00e9duite, que ce soit \u00e0 l&#8217;int\u00e9rieur de la maison ou \u00e0 l&#8217;ext\u00e9rieur. Avec sa structure robuste et l\u00e9g\u00e8re, il assure confort et s\u00e9curit\u00e9 lors des d\u00e9placements.<\/p>\n<h2>Caract\u00e9ristiques<\/h2>\n<ul>\n<li>Roues arri\u00e8re de 30 cm (12&#8243;) pour une meilleure maniabilit\u00e9.<\/li>\n<li>Mode \u00e9lectrique ou manuel pour un contr\u00f4le facile.<\/li>\n<li>Contr\u00f4le intelligent avec manette pour ajuster vitesse et direction.<\/li>\n<li>Structure en alliage d&#8217;aluminium, l\u00e9g\u00e8re et durable.<\/li>\n<li>Coussins amovibles pour un entretien facile.<\/li>\n<li>Batterie au lithium rechargeable avec autonomie de 20 km.<\/li>\n<li>Vitesse maximale de 6 km\/h.<\/li>\n<li>Protection IPX4 contre les \u00e9claboussures d&#8217;eau.<\/li>\n<li>Dimensions : 670 mm (ouvert) x 370 mm (ferm\u00e9), poids net de 26 kg.<\/li>\n<li>Performances de freinage efficaces et s\u00e9curit\u00e9 renforc\u00e9e.<\/li>\n<\/ul>\n<h2>Livraison<\/h2>\n<ul>\n<li><strong>France :<\/strong> Livraison directe.<\/li>\n<li><strong>Export (Europe et Afrique) :<\/strong> Sur devis.<\/li>\n<\/ul>\n","protected":false},"excerpt":{"rendered":"<ul>\n<li>Utilisation int\u00e9rieure et ext\u00e9rieure avec mode \u00e9lectrique et manuel.<\/li>\n<li>Conception ergonomique offrant un confort optimal et soulageant la fatigue.<\/li>\n<li>Capacit\u00e9 de charge de 100 kg et autonomie jusqu&#8217;\u00e0 20 km.<\/li>\n<li>\u00c9quip\u00e9 de 5 r\u00e9glages de vitesse et d&#8217;une triple protection pour la s\u00e9curit\u00e9.<\/li>\n<\/ul>\n","protected":false},"featured_media":110138,"comment_status":"open","ping_status":"open","template":"","meta":{"inline_featured_image":false},"product_brand":[],"product_cat":[1166,1174,1173],"product_tag":[],"class_list":{"0":"post-110137","1":"product","2":"type-product","3":"status-publish","4":"has-post-thumbnail","6":"product_cat-aide-de-patients","7":"product_cat-fauteuils-roulants","8":"product_cat-fauteuils-roulants-chaises-percees","10":"first","11":"instock","12":"sale","13":"taxable","14":"shipping-taxable","15":"purchasable","16":"product-type-simple"},"_links":{"self":[{"href":"https:\/\/nimedixmedical.com\/fr\/wp-json\/wp\/v2\/product\/110137","targetHints":{"allow":["GET"]}}],"collection":[{"href":"https:\/\/nimedixmedical.com\/fr\/wp-json\/wp\/v2\/product"}],"about":[{"href":"https:\/\/nimedixmedical.com\/fr\/wp-json\/wp\/v2\/types\/product"}],"replies":[{"embeddable":true,"href":"https:\/\/nimedixmedical.com\/fr\/wp-json\/wp\/v2\/comments?post=110137"}],"wp:featuredmedia":[{"embeddable":true,"href":"https:\/\/nimedixmedical.com\/fr\/wp-json\/wp\/v2\/media\/110138"}],"wp:attachment":[{"href":"https:\/\/nimedixmedical.com\/fr\/wp-json\/wp\/v2\/media?parent=110137"}],"wp:term":[{"taxonomy":"product_brand","embeddable":true,"href":"https:\/\/nimedixmedical.com\/fr\/wp-json\/wp\/v2\/product_brand?post=110137"},{"taxonomy":"product_cat","embeddable":true,"href":"https:\/\/nimedixmedical.com\/fr\/wp-json\/wp\/v2\/product_cat?post=110137"},{"taxonomy":"product_tag","embeddable":true,"href":"https:\/\/nimedixmedical.com\/fr\/wp-json\/wp\/v2\/product_tag?post=110137"}],"curies":[{"name":"wp","href":"https:\/\/api.w.org\/{rel}","templated":true}]}}