{"id":110079,"date":"2025-11-30T21:11:46","date_gmt":"2025-11-30T20:11:46","guid":{"rendered":"https:\/\/nimedixmedical.com\/notre-catalogue\/douche-au-lit\/"},"modified":"2026-01-12T15:29:41","modified_gmt":"2026-01-12T14:29:41","slug":"douche-au-lit","status":"publish","type":"product","link":"https:\/\/nimedixmedical.com\/fr\/notre-catalogue\/douche-au-lit\/","title":{"rendered":"Douche au Lit"},"content":{"rendered":"<p>La douche au lit est une solution innovante pour l&#8217;hygi\u00e8ne des personnes alit\u00e9es, permettant de r\u00e9aliser des soins tout en restant confortablement install\u00e9es. Id\u00e9ale pour les \u00e9tablissements de sant\u00e9, elle assure un lavage efficace sans n\u00e9cessiter de d\u00e9placement des patients.<\/p>\n<h2>Caract\u00e9ristiques<\/h2>\n<ul>\n<li>Nettoyage au lit avec eau courante ou r\u00e9servoir \u00e0 pression.<\/li>\n<li>Tuyau flexible de 6,4 m pour une \u00e9vacuation pratique de l&#8217;eau us\u00e9e.<\/li>\n<li>Adapt\u00e9e aux personnes alit\u00e9es, \u00e2g\u00e9es ou handicap\u00e9es.<\/li>\n<li>Conception ergonomique pour un usage facile et s\u00e9curis\u00e9.<\/li>\n<li>Fabriqu\u00e9 en Italie, garantissant une qualit\u00e9 sup\u00e9rieure.<\/li>\n<\/ul>\n<h2>Livraison<\/h2>\n<ul>\n<li><strong>France :<\/strong> Livraison directe.<\/li>\n<li><strong>Export (Europe et Afrique) :<\/strong> Sur devis.<\/li>\n<\/ul>\n","protected":false},"excerpt":{"rendered":"<ul>\n<li>Facilite l&#8217;hygi\u00e8ne personnelle des patients alit\u00e9s sans d\u00e9placement.<\/li>\n<li>Utilisation directe avec eau courante ou r\u00e9servoir \u00e0 pression pour un confort optimal.<\/li>\n<li>\u00c9vacuation de l\u2019eau facile gr\u00e2ce \u00e0 un tuyau flexible de 6,4 m.<\/li>\n<li>Con\u00e7u pour les personnes \u00e2g\u00e9es ou handicap\u00e9es, garantissant une propret\u00e9 efficace.<\/li>\n<\/ul>\n","protected":false},"featured_media":110080,"comment_status":"open","ping_status":"open","template":"","meta":{"inline_featured_image":false},"product_brand":[],"product_cat":[1166,1171],"product_tag":[],"class_list":{"0":"post-110079","1":"product","2":"type-product","3":"status-publish","4":"has-post-thumbnail","6":"product_cat-aide-de-patients","7":"product_cat-matelas-et-brancard-pour-douche","9":"first","10":"instock","11":"sale","12":"taxable","13":"shipping-taxable","14":"purchasable","15":"product-type-simple"},"_links":{"self":[{"href":"https:\/\/nimedixmedical.com\/fr\/wp-json\/wp\/v2\/product\/110079","targetHints":{"allow":["GET"]}}],"collection":[{"href":"https:\/\/nimedixmedical.com\/fr\/wp-json\/wp\/v2\/product"}],"about":[{"href":"https:\/\/nimedixmedical.com\/fr\/wp-json\/wp\/v2\/types\/product"}],"replies":[{"embeddable":true,"href":"https:\/\/nimedixmedical.com\/fr\/wp-json\/wp\/v2\/comments?post=110079"}],"wp:featuredmedia":[{"embeddable":true,"href":"https:\/\/nimedixmedical.com\/fr\/wp-json\/wp\/v2\/media\/110080"}],"wp:attachment":[{"href":"https:\/\/nimedixmedical.com\/fr\/wp-json\/wp\/v2\/media?parent=110079"}],"wp:term":[{"taxonomy":"product_brand","embeddable":true,"href":"https:\/\/nimedixmedical.com\/fr\/wp-json\/wp\/v2\/product_brand?post=110079"},{"taxonomy":"product_cat","embeddable":true,"href":"https:\/\/nimedixmedical.com\/fr\/wp-json\/wp\/v2\/product_cat?post=110079"},{"taxonomy":"product_tag","embeddable":true,"href":"https:\/\/nimedixmedical.com\/fr\/wp-json\/wp\/v2\/product_tag?post=110079"}],"curies":[{"name":"wp","href":"https:\/\/api.w.org\/{rel}","templated":true}]}}