{"id":110013,"date":"2025-11-30T21:11:01","date_gmt":"2025-11-30T20:11:01","guid":{"rendered":"https:\/\/nimedixmedical.com\/notre-catalogue\/matelas-a-bulles\/"},"modified":"2026-01-12T15:29:19","modified_gmt":"2026-01-12T14:29:19","slug":"matelas-a-bulles","status":"publish","type":"product","link":"https:\/\/nimedixmedical.com\/fr\/notre-catalogue\/matelas-a-bulles\/","title":{"rendered":"Matelas \u00c0 Bulles"},"content":{"rendered":"<p>Le matelas \u00e0 bulles est con\u00e7u pour le traitement et la pr\u00e9vention des escarres de stade I. Id\u00e9al pour les th\u00e9rapies de courte dur\u00e9e, il est particuli\u00e8rement adapt\u00e9 pour un usage \u00e0 domicile.<\/p>\n<h2>Caract\u00e9ristiques<\/h2>\n<ul>\n<li>Dimensions totales : 200 x 90 x 7 cm<\/li>\n<li>Hauteur cellule : 7 cm (2,7&#8221;)<\/li>\n<li>Mat\u00e9riau : PVC de haute qualit\u00e9<\/li>\n<li>\u00c9paisseur : 0,32 mm<\/li>\n<li>Poids support\u00e9 : Pour patients jusqu\u2019\u00e0 135 kg<\/li>\n<li>Longueur revers : 50+50 cm (sup\u00e9rieur et inf\u00e9rieur)<\/li>\n<li>R\u00e9sistance au froid : Jusqu&#8217;\u00e0 -30\u00b0<\/li>\n<\/ul>\n<h2>Livraison<\/h2>\n<ul>\n<li><strong>France :<\/strong> Livraison directe.<\/li>\n<li><strong>Export (Europe et Afrique) :<\/strong> Sur devis.<\/li>\n<\/ul>\n","protected":false},"excerpt":{"rendered":"<ul>\n<li>Usage : Pr\u00e9vention et traitement des escarres de stade I.<\/li>\n<li>B\u00e9n\u00e9fice : Confort optimal gr\u00e2ce \u00e0 ses 130 cellules de 7 cm.<\/li>\n<li>Fixation : Revers lat\u00e9raux pour maintien s\u00e9curis\u00e9 sur le lit.<\/li>\n<li>R\u00e9sistance : Fonctionne efficacement jusqu&#8217;\u00e0 -30\u00b0.<\/li>\n<\/ul>\n","protected":false},"featured_media":110014,"comment_status":"open","ping_status":"open","template":"","meta":{"inline_featured_image":false},"product_brand":[],"product_cat":[1166,1168,1167],"product_tag":[],"class_list":{"0":"post-110013","1":"product","2":"type-product","3":"status-publish","4":"has-post-thumbnail","6":"product_cat-aide-de-patients","7":"product_cat-matelas-anti-escarres-pour-soins-intensifs","8":"product_cat-matelas-et-coussins-therapeutiques-anti-escarres","10":"first","11":"outofstock","12":"sale","13":"taxable","14":"shipping-taxable","15":"purchasable","16":"product-type-simple"},"_links":{"self":[{"href":"https:\/\/nimedixmedical.com\/fr\/wp-json\/wp\/v2\/product\/110013","targetHints":{"allow":["GET"]}}],"collection":[{"href":"https:\/\/nimedixmedical.com\/fr\/wp-json\/wp\/v2\/product"}],"about":[{"href":"https:\/\/nimedixmedical.com\/fr\/wp-json\/wp\/v2\/types\/product"}],"replies":[{"embeddable":true,"href":"https:\/\/nimedixmedical.com\/fr\/wp-json\/wp\/v2\/comments?post=110013"}],"wp:featuredmedia":[{"embeddable":true,"href":"https:\/\/nimedixmedical.com\/fr\/wp-json\/wp\/v2\/media\/110014"}],"wp:attachment":[{"href":"https:\/\/nimedixmedical.com\/fr\/wp-json\/wp\/v2\/media?parent=110013"}],"wp:term":[{"taxonomy":"product_brand","embeddable":true,"href":"https:\/\/nimedixmedical.com\/fr\/wp-json\/wp\/v2\/product_brand?post=110013"},{"taxonomy":"product_cat","embeddable":true,"href":"https:\/\/nimedixmedical.com\/fr\/wp-json\/wp\/v2\/product_cat?post=110013"},{"taxonomy":"product_tag","embeddable":true,"href":"https:\/\/nimedixmedical.com\/fr\/wp-json\/wp\/v2\/product_tag?post=110013"}],"curies":[{"name":"wp","href":"https:\/\/api.w.org\/{rel}","templated":true}]}}