{"id":110005,"date":"2025-11-30T21:11:01","date_gmt":"2025-11-30T20:11:01","guid":{"rendered":"https:\/\/nimedixmedical.com\/notre-catalogue\/matelas-a-cellules-interchangeables-stage-ii\/"},"modified":"2026-01-12T15:29:17","modified_gmt":"2026-01-12T14:29:17","slug":"matelas-a-cellules-interchangeables-stage-ii","status":"publish","type":"product","link":"https:\/\/nimedixmedical.com\/fr\/notre-catalogue\/matelas-a-cellules-interchangeables-stage-ii\/","title":{"rendered":"Matelas \u00c0 Cellules Interchangeables &#8211; Stage Ii"},"content":{"rendered":"<p>Le matelas \u00e0 cellules interchangeables est con\u00e7u pour pr\u00e9venir et traiter les escarres de stades I et II, particuli\u00e8rement adapt\u00e9 aux th\u00e9rapies de moyenne dur\u00e9e \u00e0 domicile. Son design innovant garantit confort et praticit\u00e9 pour les patients et les soignants.<\/p>\n<h2>Caract\u00e9ristiques<\/h2>\n<ul>\n<li>Dimensions totales : 200 x 86 x 9,5 cm<\/li>\n<li>Mat\u00e9riau : Nylon + PVC, \u00e9paisseur de 0,32 mm<\/li>\n<li>20 cellules interchangeables + 1 cellule de rechange, fix\u00e9es par boutons pression<\/li>\n<li>Hauteur des \u00e9l\u00e9ments : 9,5 cm (4&#8221;)<\/li>\n<li>Pour patients jusqu\u2019\u00e0 : 140 kg<\/li>\n<li>Manuel et bo\u00eete fournis en 10 langues : GB, FR, IT, ES, DE, PT, PL, HU, GR, Arabe<\/li>\n<\/ul>\n<h2>Livraison<\/h2>\n<ul>\n<li><strong>France :<\/strong> Livraison directe.<\/li>\n<li><strong>Export (Europe et Afrique) :<\/strong> Sur devis.<\/li>\n<\/ul>\n","protected":false},"excerpt":{"rendered":"<ul>\n<li>Usage : Pr\u00e9vention et traitement des escarres de stades I et II.<\/li>\n<li>B\u00e9n\u00e9fice : Confort optimal gr\u00e2ce \u00e0 20 cellules interchangeables en nylon et PVC.<\/li>\n<li>Facilit\u00e9 d&#8217;entretien : Cellules facilement rempla\u00e7ables en cas de lac\u00e9ration.<\/li>\n<li>Adapt\u00e9 pour des patients jusqu&#8217;\u00e0 140 kg.<\/li>\n<\/ul>\n","protected":false},"featured_media":110006,"comment_status":"open","ping_status":"open","template":"","meta":{"inline_featured_image":false},"product_brand":[],"product_cat":[1166,1168,1167],"product_tag":[],"class_list":{"0":"post-110005","1":"product","2":"type-product","3":"status-publish","4":"has-post-thumbnail","6":"product_cat-aide-de-patients","7":"product_cat-matelas-anti-escarres-pour-soins-intensifs","8":"product_cat-matelas-et-coussins-therapeutiques-anti-escarres","10":"first","11":"outofstock","12":"sale","13":"taxable","14":"shipping-taxable","15":"purchasable","16":"product-type-simple"},"_links":{"self":[{"href":"https:\/\/nimedixmedical.com\/fr\/wp-json\/wp\/v2\/product\/110005","targetHints":{"allow":["GET"]}}],"collection":[{"href":"https:\/\/nimedixmedical.com\/fr\/wp-json\/wp\/v2\/product"}],"about":[{"href":"https:\/\/nimedixmedical.com\/fr\/wp-json\/wp\/v2\/types\/product"}],"replies":[{"embeddable":true,"href":"https:\/\/nimedixmedical.com\/fr\/wp-json\/wp\/v2\/comments?post=110005"}],"wp:featuredmedia":[{"embeddable":true,"href":"https:\/\/nimedixmedical.com\/fr\/wp-json\/wp\/v2\/media\/110006"}],"wp:attachment":[{"href":"https:\/\/nimedixmedical.com\/fr\/wp-json\/wp\/v2\/media?parent=110005"}],"wp:term":[{"taxonomy":"product_brand","embeddable":true,"href":"https:\/\/nimedixmedical.com\/fr\/wp-json\/wp\/v2\/product_brand?post=110005"},{"taxonomy":"product_cat","embeddable":true,"href":"https:\/\/nimedixmedical.com\/fr\/wp-json\/wp\/v2\/product_cat?post=110005"},{"taxonomy":"product_tag","embeddable":true,"href":"https:\/\/nimedixmedical.com\/fr\/wp-json\/wp\/v2\/product_tag?post=110005"}],"curies":[{"name":"wp","href":"https:\/\/api.w.org\/{rel}","templated":true}]}}