{"id":109984,"date":"2025-11-30T21:11:01","date_gmt":"2025-11-30T20:11:01","guid":{"rendered":"https:\/\/nimedixmedical.com\/notre-catalogue\/kit-8010-matelas-a-pression-alternee-nylon-pvc-pompe\/"},"modified":"2026-01-12T15:29:14","modified_gmt":"2026-01-12T14:29:14","slug":"kit-8010-matelas-a-pression-alternee-nylon-pvc-pompe","status":"publish","type":"product","link":"https:\/\/nimedixmedical.com\/fr\/notre-catalogue\/kit-8010-matelas-a-pression-alternee-nylon-pvc-pompe\/","title":{"rendered":"Kit 8010 Matelas \u00c0 Pression Altern\u00e9e Nylon PVC + Pompe"},"content":{"rendered":"<p>Le KIT 8010 Matelas \u00e0 Pression Altern\u00e9e est un dispositif m\u00e9dical innovant, con\u00e7u pour pr\u00e9venir et traiter les escarres. Adapt\u00e9 aux soins intensifs, il offre un soutien optimal aux patients, am\u00e9liorant leur confort et leur circulation sanguine gr\u00e2ce \u00e0 son syst\u00e8me de pression altern\u00e9e.<\/p>\n<h2>Caract\u00e9ristiques<\/h2>\n<ul>\n<li><strong>Dimensions du matelas :<\/strong> 200x86x21 cm, avec 20 cellules + 1 de rechange.<\/li>\n<li><strong>Compresseur :<\/strong> dimensions de 30&#215;13,5xh 11 cm, avec une dur\u00e9e de cycle de 12 min.<\/li>\n<li><strong>Pression exerc\u00e9e :<\/strong> entre 55-120 mmHg pour un soutien optimal.<\/li>\n<li><strong>Mat\u00e9riaux :<\/strong> bo\u00eetier en ABS ignifuge, couverture en nylon + PU, et cellules en nylon PVC.<\/li>\n<li><strong>Charge maximale :<\/strong> 160 kg, adapt\u00e9 \u00e0 la plupart des patients.<\/li>\n<li><strong>Modes :<\/strong> altern\u00e9 et statique pour s&#8217;adapter aux besoins du patient.<\/li>\n<\/ul>\n<h2>Livraison<\/h2>\n<ul>\n<li><strong>France :<\/strong> Livraison directe.<\/li>\n<li><strong>Export (Europe et Afrique) :<\/strong> Sur devis.<\/li>\n<\/ul>\n","protected":false},"excerpt":{"rendered":"<ul>\n<li>Usage professionnel : con\u00e7u pour la pr\u00e9vention et le traitement des escarres aux stades I \u00e0 IV.<\/li>\n<li>Fonctionnalit\u00e9 avanc\u00e9e : compresseur avec deux modalit\u00e9s (altern\u00e9e et statique) pour un confort optimal.<\/li>\n<li>S\u00e9curit\u00e9 renforc\u00e9e : alarmes visuelles pour indiquer les situations anormales et d\u00e9gonflage rapide en cas d&#8217;urgence.<\/li>\n<li>Mat\u00e9riaux de qualit\u00e9 : couverture en nylon + PU et cellules en nylon PVC, offrant robustesse et confort.<\/li>\n<\/ul>\n","protected":false},"featured_media":109985,"comment_status":"open","ping_status":"open","template":"","meta":{"inline_featured_image":false},"product_brand":[],"product_cat":[1166,1168,1167],"product_tag":[],"class_list":{"0":"post-109984","1":"product","2":"type-product","3":"status-publish","4":"has-post-thumbnail","6":"product_cat-aide-de-patients","7":"product_cat-matelas-anti-escarres-pour-soins-intensifs","8":"product_cat-matelas-et-coussins-therapeutiques-anti-escarres","10":"first","11":"instock","12":"sale","13":"taxable","14":"shipping-taxable","15":"purchasable","16":"product-type-simple"},"_links":{"self":[{"href":"https:\/\/nimedixmedical.com\/fr\/wp-json\/wp\/v2\/product\/109984","targetHints":{"allow":["GET"]}}],"collection":[{"href":"https:\/\/nimedixmedical.com\/fr\/wp-json\/wp\/v2\/product"}],"about":[{"href":"https:\/\/nimedixmedical.com\/fr\/wp-json\/wp\/v2\/types\/product"}],"replies":[{"embeddable":true,"href":"https:\/\/nimedixmedical.com\/fr\/wp-json\/wp\/v2\/comments?post=109984"}],"wp:featuredmedia":[{"embeddable":true,"href":"https:\/\/nimedixmedical.com\/fr\/wp-json\/wp\/v2\/media\/109985"}],"wp:attachment":[{"href":"https:\/\/nimedixmedical.com\/fr\/wp-json\/wp\/v2\/media?parent=109984"}],"wp:term":[{"taxonomy":"product_brand","embeddable":true,"href":"https:\/\/nimedixmedical.com\/fr\/wp-json\/wp\/v2\/product_brand?post=109984"},{"taxonomy":"product_cat","embeddable":true,"href":"https:\/\/nimedixmedical.com\/fr\/wp-json\/wp\/v2\/product_cat?post=109984"},{"taxonomy":"product_tag","embeddable":true,"href":"https:\/\/nimedixmedical.com\/fr\/wp-json\/wp\/v2\/product_tag?post=109984"}],"curies":[{"name":"wp","href":"https:\/\/api.w.org\/{rel}","templated":true}]}}