{"id":109912,"date":"2025-11-30T21:09:39","date_gmt":"2025-11-30T20:09:39","guid":{"rendered":"https:\/\/nimedixmedical.com\/notre-catalogue\/chaise-siege-matelasse-grise\/"},"modified":"2026-01-12T15:28:53","modified_gmt":"2026-01-12T14:28:53","slug":"chaise-siege-matelasse-grise","status":"publish","type":"product","link":"https:\/\/nimedixmedical.com\/fr\/notre-catalogue\/chaise-siege-matelasse-grise\/","title":{"rendered":"Chaise &#8211; Si\u00e8ge Matelass\u00e9 &#8211; Grise"},"content":{"rendered":"<p>La chaise si\u00e8ge matelass\u00e9 grise est con\u00e7ue pour le milieu m\u00e9dical, offrant confort et soutien lors des consultations. Son design ergonomique et sa robustesse en font un choix id\u00e9al pour les professionnels de sant\u00e9.<\/p>\n<h2>Caract\u00e9ristiques<\/h2>\n<ul>\n<li>Assise et dossier rembourr\u00e9s pour un confort accru.<\/li>\n<li>Structure en acier inox peint blanc pour une esth\u00e9tique moderne et une r\u00e9sistance \u00e0 l&#8217;usure.<\/li>\n<li>Superposable, facilitant le stockage et l&#8217;organisation des espaces.<\/li>\n<li>Capacit\u00e9 de charge maximale de 120 kg, adapt\u00e9e \u00e0 une large gamme d&#8217;utilisateurs.<\/li>\n<li>Fabriqu\u00e9 en Italie, garantissant un savoir-faire de qualit\u00e9.<\/li>\n<\/ul>\n<h2>Livraison<\/h2>\n<ul>\n<li><strong>France :<\/strong> Livraison directe.<\/li>\n<li><strong>Export (Europe et Afrique) :<\/strong> Sur devis.<\/li>\n<\/ul>\n","protected":false},"excerpt":{"rendered":"<ul>\n<li>Chaise matelass\u00e9e pour un confort optimal lors des consultations m\u00e9dicales.<\/li>\n<li>Structure robuste en acier inox peint, garantissant durabilit\u00e9 et s\u00e9curit\u00e9.<\/li>\n<li>Superposable pour un rangement facile et pratique.<\/li>\n<li>Capacit\u00e9 de charge de 120 kg, convenant \u00e0 divers utilisateurs.<\/li>\n<\/ul>\n","protected":false},"featured_media":109913,"comment_status":"open","ping_status":"open","template":"","meta":{"inline_featured_image":false},"product_brand":[],"product_cat":[1159,1157,1093],"product_tag":[],"class_list":{"0":"post-109912","1":"product","2":"type-product","3":"status-publish","4":"has-post-thumbnail","6":"product_cat-chaises","7":"product_cat-chaises-et-tabourets","8":"product_cat-mobilier-medical","10":"first","11":"instock","12":"sale","13":"taxable","14":"shipping-taxable","15":"purchasable","16":"product-type-simple"},"_links":{"self":[{"href":"https:\/\/nimedixmedical.com\/fr\/wp-json\/wp\/v2\/product\/109912","targetHints":{"allow":["GET"]}}],"collection":[{"href":"https:\/\/nimedixmedical.com\/fr\/wp-json\/wp\/v2\/product"}],"about":[{"href":"https:\/\/nimedixmedical.com\/fr\/wp-json\/wp\/v2\/types\/product"}],"replies":[{"embeddable":true,"href":"https:\/\/nimedixmedical.com\/fr\/wp-json\/wp\/v2\/comments?post=109912"}],"wp:featuredmedia":[{"embeddable":true,"href":"https:\/\/nimedixmedical.com\/fr\/wp-json\/wp\/v2\/media\/109913"}],"wp:attachment":[{"href":"https:\/\/nimedixmedical.com\/fr\/wp-json\/wp\/v2\/media?parent=109912"}],"wp:term":[{"taxonomy":"product_brand","embeddable":true,"href":"https:\/\/nimedixmedical.com\/fr\/wp-json\/wp\/v2\/product_brand?post=109912"},{"taxonomy":"product_cat","embeddable":true,"href":"https:\/\/nimedixmedical.com\/fr\/wp-json\/wp\/v2\/product_cat?post=109912"},{"taxonomy":"product_tag","embeddable":true,"href":"https:\/\/nimedixmedical.com\/fr\/wp-json\/wp\/v2\/product_tag?post=109912"}],"curies":[{"name":"wp","href":"https:\/\/api.w.org\/{rel}","templated":true}]}}