{"id":109872,"date":"2025-11-30T21:09:00","date_gmt":"2025-11-30T20:09:00","guid":{"rendered":"https:\/\/nimedixmedical.com\/notre-catalogue\/chaise-cuneo-avec-accoudoirs-skai-bleue\/"},"modified":"2026-01-12T15:28:31","modified_gmt":"2026-01-12T14:28:31","slug":"chaise-cuneo-avec-accoudoirs-skai-bleue","status":"publish","type":"product","link":"https:\/\/nimedixmedical.com\/fr\/notre-catalogue\/chaise-cuneo-avec-accoudoirs-skai-bleue\/","title":{"rendered":"Chaise Cuneo avec Accoudoirs -skai &#8211; Bleue"},"content":{"rendered":"<p>La chaise CUNEO est con\u00e7ue pour offrir un confort optimal dans un environnement m\u00e9dical. Sa structure robuste et son design \u00e9tudi\u00e9 garantissent une utilisation pratique et esth\u00e9tique dans les cabinets de sant\u00e9, favorisant un accueil chaleureux pour les patients.<\/p>\n<h2>Caract\u00e9ristiques<\/h2>\n<ul>\n<li><strong>Type :<\/strong> Chaise de bureau capitonn\u00e9e avec accoudoirs<\/li>\n<li><strong>Mat\u00e9riau :<\/strong> Rev\u00eatement en skai<\/li>\n<li><strong>Couleur :<\/strong> Bleu<\/li>\n<li><strong>Poids :<\/strong> 12 kg<\/li>\n<li><strong>Hauteur du dossier :<\/strong> 98\/111 cm<\/li>\n<li><strong>Hauteur d&#8217;assise :<\/strong> 42\/52 cm<\/li>\n<li><strong>Largeur :<\/strong> 56 cm<\/li>\n<li><strong>Profondeur :<\/strong> 49 cm<\/li>\n<li><strong>Charge maximum :<\/strong> 110 kg<\/li>\n<li><strong>Fabrication :<\/strong> Made in Italy<\/li>\n<\/ul>\n<h2>Livraison<\/h2>\n<ul>\n<li><strong>France :<\/strong> Livraison directe.<\/li>\n<li><strong>Export (Europe et Afrique) :<\/strong> Sur devis.<\/li>\n<\/ul>\n","protected":false},"excerpt":{"rendered":"<ul>\n<li>Chaise de bureau id\u00e9ale pour les cabinets m\u00e9dicaux et cliniques.<\/li>\n<li>Confort optimal gr\u00e2ce \u00e0 son rembourrage et ses accoudoirs.<\/li>\n<li>Design \u00e9l\u00e9gant et moderne avec son rev\u00eatement en skai bleu.<\/li>\n<li>Base pivotante et dossier mobile pour une flexibilit\u00e9 d&#8217;utilisation.<\/li>\n<\/ul>\n","protected":false},"featured_media":109873,"comment_status":"open","ping_status":"open","template":"","meta":{"inline_featured_image":false},"product_brand":[],"product_cat":[1159,1157,1093],"product_tag":[],"class_list":{"0":"post-109872","1":"product","2":"type-product","3":"status-publish","4":"has-post-thumbnail","6":"product_cat-chaises","7":"product_cat-chaises-et-tabourets","8":"product_cat-mobilier-medical","10":"first","11":"instock","12":"sale","13":"taxable","14":"shipping-taxable","15":"purchasable","16":"product-type-simple"},"_links":{"self":[{"href":"https:\/\/nimedixmedical.com\/fr\/wp-json\/wp\/v2\/product\/109872","targetHints":{"allow":["GET"]}}],"collection":[{"href":"https:\/\/nimedixmedical.com\/fr\/wp-json\/wp\/v2\/product"}],"about":[{"href":"https:\/\/nimedixmedical.com\/fr\/wp-json\/wp\/v2\/types\/product"}],"replies":[{"embeddable":true,"href":"https:\/\/nimedixmedical.com\/fr\/wp-json\/wp\/v2\/comments?post=109872"}],"wp:featuredmedia":[{"embeddable":true,"href":"https:\/\/nimedixmedical.com\/fr\/wp-json\/wp\/v2\/media\/109873"}],"wp:attachment":[{"href":"https:\/\/nimedixmedical.com\/fr\/wp-json\/wp\/v2\/media?parent=109872"}],"wp:term":[{"taxonomy":"product_brand","embeddable":true,"href":"https:\/\/nimedixmedical.com\/fr\/wp-json\/wp\/v2\/product_brand?post=109872"},{"taxonomy":"product_cat","embeddable":true,"href":"https:\/\/nimedixmedical.com\/fr\/wp-json\/wp\/v2\/product_cat?post=109872"},{"taxonomy":"product_tag","embeddable":true,"href":"https:\/\/nimedixmedical.com\/fr\/wp-json\/wp\/v2\/product_tag?post=109872"}],"curies":[{"name":"wp","href":"https:\/\/api.w.org\/{rel}","templated":true}]}}