{"id":109641,"date":"2025-11-30T21:06:01","date_gmt":"2025-11-30T20:06:01","guid":{"rendered":"https:\/\/nimedixmedical.com\/notre-catalogue\/chariot-ks-durgence-standard\/"},"modified":"2026-01-12T15:27:25","modified_gmt":"2026-01-12T14:27:25","slug":"chariot-ks-durgence-standard","status":"publish","type":"product","link":"https:\/\/nimedixmedical.com\/fr\/notre-catalogue\/chariot-ks-durgence-standard\/","title":{"rendered":"Chariot Ks D\u2019urgence &#8211; Standard"},"content":{"rendered":"<p>Le chariot d&#8217;urgence standard est un \u00e9l\u00e9ment essentiel dans tout environnement m\u00e9dical. Sa conception ergonomique et ses fonctionnalit\u00e9s avanc\u00e9es garantissent une efficacit\u00e9 maximale lors des interventions d&#8217;urgence, permettant au personnel soignant de r\u00e9pondre rapidement aux besoins des patients.<\/p>\n<h2>Caract\u00e9ristiques<\/h2>\n<ul>\n<li>Livr\u00e9 avec support tournant pour d\u00e9fibrillateur\/moniteur et potence \u00e0 s\u00e9rum r\u00e9glable avec 2 crochets.<\/li>\n<li>Peinture \u00e9poxy anti-microbes et serrure \u00e0 sceau pour garantir la s\u00e9curit\u00e9 et l&#8217;hygi\u00e8ne.<\/li>\n<li>Tablette sup\u00e9rieure avec compartiment int\u00e9gr\u00e9 et 4 bords pour un rangement optimal.<\/li>\n<li>Tiroirs sur rails avec roulement \u00e0 billes et but\u00e9e d\u2019arr\u00eat pour un acc\u00e8s facilit\u00e9 aux \u00e9quipements.<\/li>\n<li>Poign\u00e9e int\u00e9gr\u00e9e pour un transport ais\u00e9.<\/li>\n<li>4 roulettes pivotantes \u00d8 125 mm, dont 2 antistatiques avec frein pour une stabilit\u00e9 accrue.<\/li>\n<li>Dimensions: standard 911 x 704 x h 1 075 mm.<\/li>\n<li>Made in Italy, gage de qualit\u00e9 et durabilit\u00e9.<\/li>\n<\/ul>\n<h2>Livraison<\/h2>\n<ul>\n<li><strong>France :<\/strong> Livraison directe.<\/li>\n<li><strong>Export (Europe et Afrique) :<\/strong> Sur devis.<\/li>\n<\/ul>\n","protected":false},"excerpt":{"rendered":"<ul>\n<li>Chariot d&#8217;urgence standard pour une intervention rapide et efficace.<\/li>\n<li>Conception robuste avec peinture \u00e9poxy anti-microbes pour une hygi\u00e8ne optimale.<\/li>\n<li>\u00c9quip\u00e9 de tiroirs sur rails pour un acc\u00e8s facile aux fournitures m\u00e9dicales.<\/li>\n<li>Mobilit\u00e9 assur\u00e9e gr\u00e2ce aux 4 roulettes pivotantes, dont 2 avec frein.<\/li>\n<\/ul>\n","protected":false},"featured_media":109642,"comment_status":"open","ping_status":"open","template":"","meta":{"inline_featured_image":false},"product_brand":[],"product_cat":[1154,1155,1093],"product_tag":[],"class_list":{"0":"post-109641","1":"product","2":"type-product","3":"status-publish","4":"has-post-thumbnail","6":"product_cat-chariots","7":"product_cat-chariots-en-acier-inox","8":"product_cat-mobilier-medical","10":"first","11":"instock","12":"sale","13":"taxable","14":"shipping-taxable","15":"purchasable","16":"product-type-simple"},"_links":{"self":[{"href":"https:\/\/nimedixmedical.com\/fr\/wp-json\/wp\/v2\/product\/109641","targetHints":{"allow":["GET"]}}],"collection":[{"href":"https:\/\/nimedixmedical.com\/fr\/wp-json\/wp\/v2\/product"}],"about":[{"href":"https:\/\/nimedixmedical.com\/fr\/wp-json\/wp\/v2\/types\/product"}],"replies":[{"embeddable":true,"href":"https:\/\/nimedixmedical.com\/fr\/wp-json\/wp\/v2\/comments?post=109641"}],"wp:featuredmedia":[{"embeddable":true,"href":"https:\/\/nimedixmedical.com\/fr\/wp-json\/wp\/v2\/media\/109642"}],"wp:attachment":[{"href":"https:\/\/nimedixmedical.com\/fr\/wp-json\/wp\/v2\/media?parent=109641"}],"wp:term":[{"taxonomy":"product_brand","embeddable":true,"href":"https:\/\/nimedixmedical.com\/fr\/wp-json\/wp\/v2\/product_brand?post=109641"},{"taxonomy":"product_cat","embeddable":true,"href":"https:\/\/nimedixmedical.com\/fr\/wp-json\/wp\/v2\/product_cat?post=109641"},{"taxonomy":"product_tag","embeddable":true,"href":"https:\/\/nimedixmedical.com\/fr\/wp-json\/wp\/v2\/product_tag?post=109641"}],"curies":[{"name":"wp","href":"https:\/\/api.w.org\/{rel}","templated":true}]}}