{"id":109393,"date":"2025-11-30T21:02:42","date_gmt":"2025-11-30T20:02:42","guid":{"rendered":"https:\/\/nimedixmedical.com\/notre-catalogue\/chariot-de-pansement-aurion-bleu\/"},"modified":"2026-01-12T15:26:12","modified_gmt":"2026-01-12T14:26:12","slug":"chariot-de-pansement-aurion-bleu","status":"publish","type":"product","link":"https:\/\/nimedixmedical.com\/fr\/notre-catalogue\/chariot-de-pansement-aurion-bleu\/","title":{"rendered":"Chariot de Pansement Aurion &#8211; Bleu"},"content":{"rendered":"<p>Le Chariot de Pansement Aurion, con\u00e7u pour un usage m\u00e9dical, allie innovation et praticit\u00e9. Sa conception ergonomique et ses mat\u00e9riaux de qualit\u00e9 sup\u00e9rieure en font un outil indispensable pour les professionnels de sant\u00e9.<\/p>\n<h2>Caract\u00e9ristiques<\/h2>\n<ul>\n<li>Dimensions : 775 x 710 x 920 mm<\/li>\n<li>Mat\u00e9riau : Polyur\u00e9thane Baydur\u00ae &#8211; l\u00e9ger, robuste et r\u00e9sistant aux rayures<\/li>\n<li>5 tiroirs avec porte-\u00e9tiquettes pour une organisation optimis\u00e9e<\/li>\n<li>Roulettes anti-corrosion mont\u00e9es sur roulements \u00e0 billes, dont 3 avec frein<\/li>\n<li>Facile \u00e0 nettoyer, r\u00e9sistant aux d\u00e9tergents agressifs<\/li>\n<li>Syst\u00e8me de blocage central avec cl\u00e9 pour s\u00e9curit\u00e9 renforc\u00e9e<\/li>\n<\/ul>\n<h2>Livraison<\/h2>\n<ul>\n<li><strong>France :<\/strong> Livraison directe.<\/li>\n<li><strong>Export (Europe et Afrique) :<\/strong> Sur devis.<\/li>\n<\/ul>\n","protected":false},"excerpt":{"rendered":"<ul>\n<li>Chariot de soins multifonctionnel avec 5 tiroirs pour une organisation optimale des fournitures m\u00e9dicales.<\/li>\n<li>Conception ergonomique et mat\u00e9riaux de haute performance pour une utilisation durable et facile \u00e0 transporter.<\/li>\n<li>Facile \u00e0 nettoyer, hygi\u00e9nique et s\u00e9curis\u00e9, r\u00e9duisant les risques d&#8217;accumulation de bact\u00e9ries.<\/li>\n<li>Syst\u00e8me de blocage central avec cl\u00e9 pour garantir la s\u00e9curit\u00e9 des \u00e9quipements m\u00e9dicaux.<\/li>\n<\/ul>\n","protected":false},"featured_media":109394,"comment_status":"open","ping_status":"open","template":"","meta":{"inline_featured_image":false},"product_brand":[],"product_cat":[1150,1148,1093],"product_tag":[],"class_list":{"0":"post-109393","1":"product","2":"type-product","3":"status-publish","4":"has-post-thumbnail","6":"product_cat-chariots-de-soins-et-durgence","7":"product_cat-chariots-multifonctions-en-plastique-karrel-et-aurion","8":"product_cat-mobilier-medical","10":"first","11":"instock","12":"sale","13":"taxable","14":"shipping-taxable","15":"purchasable","16":"product-type-simple"},"_links":{"self":[{"href":"https:\/\/nimedixmedical.com\/fr\/wp-json\/wp\/v2\/product\/109393","targetHints":{"allow":["GET"]}}],"collection":[{"href":"https:\/\/nimedixmedical.com\/fr\/wp-json\/wp\/v2\/product"}],"about":[{"href":"https:\/\/nimedixmedical.com\/fr\/wp-json\/wp\/v2\/types\/product"}],"replies":[{"embeddable":true,"href":"https:\/\/nimedixmedical.com\/fr\/wp-json\/wp\/v2\/comments?post=109393"}],"wp:featuredmedia":[{"embeddable":true,"href":"https:\/\/nimedixmedical.com\/fr\/wp-json\/wp\/v2\/media\/109394"}],"wp:attachment":[{"href":"https:\/\/nimedixmedical.com\/fr\/wp-json\/wp\/v2\/media?parent=109393"}],"wp:term":[{"taxonomy":"product_brand","embeddable":true,"href":"https:\/\/nimedixmedical.com\/fr\/wp-json\/wp\/v2\/product_brand?post=109393"},{"taxonomy":"product_cat","embeddable":true,"href":"https:\/\/nimedixmedical.com\/fr\/wp-json\/wp\/v2\/product_cat?post=109393"},{"taxonomy":"product_tag","embeddable":true,"href":"https:\/\/nimedixmedical.com\/fr\/wp-json\/wp\/v2\/product_tag?post=109393"}],"curies":[{"name":"wp","href":"https:\/\/api.w.org\/{rel}","templated":true}]}}