{"id":109180,"date":"2025-11-30T20:59:50","date_gmt":"2025-11-30T19:59:50","guid":{"rendered":"https:\/\/nimedixmedical.com\/notre-catalogue\/grand-divan-de-traitement-couleur-au-choix\/"},"modified":"2026-01-12T15:25:00","modified_gmt":"2026-01-12T14:25:00","slug":"grand-divan-de-traitement-couleur-au-choix","status":"publish","type":"product","link":"https:\/\/nimedixmedical.com\/fr\/notre-catalogue\/grand-divan-de-traitement-couleur-au-choix\/","title":{"rendered":"Grand Divan de Traitement &#8211; Couleur au Choix"},"content":{"rendered":"<p>Le Grand Divan de Traitement est con\u00e7u pour les professionnels de sant\u00e9, offrant un confort optimal lors des examens et traitements. Sa conception ergonomique et ses mat\u00e9riaux de qualit\u00e9 en font un choix id\u00e9al pour les cabinets m\u00e9dicaux.<\/p>\n<h2>Caract\u00e9ristiques<\/h2>\n<ul>\n<li>Largeur : 80 cm<\/li>\n<li>Charge maximum : 200 kg<\/li>\n<li>Structure m\u00e9tallique amovible recouverte de poudre \u00e9poxy non corrosive<\/li>\n<li>Ouverture bouche-nez sur la section de t\u00eate pour un confort accru<\/li>\n<li>Rembourrage en mousse haute densit\u00e9<\/li>\n<li>Housse sup\u00e9rieure en similicuir ignifuge, r\u00e9sistante aux d\u00e9sinfectants<\/li>\n<li>Mode d\u2019emploi multilingue : GB, FR, IT, ES, PT, DE, GR<\/li>\n<li>Fabrication italienne de haute qualit\u00e9<\/li>\n<\/ul>\n<h2>Livraison<\/h2>\n<ul>\n<li><strong>France :<\/strong> Livraison directe.<\/li>\n<li><strong>Export (Europe et Afrique) :<\/strong> Sur devis.<\/li>\n<\/ul>\n","protected":false},"excerpt":{"rendered":"<ul>\n<li>Usage professionnel : Id\u00e9al pour les examens et traitements m\u00e9dicaux.<\/li>\n<li>Confort optimal : Rembourrage en mousse haute densit\u00e9 pour un soutien accru.<\/li>\n<li>Facilit\u00e9 d&#8217;utilisation : Section mobile et r\u00e9glage manuel pour une manipulation ais\u00e9e du patient.<\/li>\n<li>Mat\u00e9riaux r\u00e9sistants : Housse en similicuir ignifuge, r\u00e9sistant aux d\u00e9sinfectants et \u00e0 l&#8217;usure.<\/li>\n<\/ul>\n","protected":false},"featured_media":109181,"comment_status":"open","ping_status":"open","template":"","meta":{"inline_featured_image":false},"product_brand":[],"product_cat":[1139,1136,1093],"product_tag":[],"class_list":{"0":"post-109180","1":"product","2":"type-product","3":"status-publish","4":"has-post-thumbnail","6":"product_cat-lits-dexamen","7":"product_cat-lits-dexamen-et-escabeaux","8":"product_cat-mobilier-medical","10":"first","11":"outofstock","12":"sale","13":"taxable","14":"shipping-taxable","15":"purchasable","16":"product-type-simple"},"_links":{"self":[{"href":"https:\/\/nimedixmedical.com\/fr\/wp-json\/wp\/v2\/product\/109180","targetHints":{"allow":["GET"]}}],"collection":[{"href":"https:\/\/nimedixmedical.com\/fr\/wp-json\/wp\/v2\/product"}],"about":[{"href":"https:\/\/nimedixmedical.com\/fr\/wp-json\/wp\/v2\/types\/product"}],"replies":[{"embeddable":true,"href":"https:\/\/nimedixmedical.com\/fr\/wp-json\/wp\/v2\/comments?post=109180"}],"wp:featuredmedia":[{"embeddable":true,"href":"https:\/\/nimedixmedical.com\/fr\/wp-json\/wp\/v2\/media\/109181"}],"wp:attachment":[{"href":"https:\/\/nimedixmedical.com\/fr\/wp-json\/wp\/v2\/media?parent=109180"}],"wp:term":[{"taxonomy":"product_brand","embeddable":true,"href":"https:\/\/nimedixmedical.com\/fr\/wp-json\/wp\/v2\/product_brand?post=109180"},{"taxonomy":"product_cat","embeddable":true,"href":"https:\/\/nimedixmedical.com\/fr\/wp-json\/wp\/v2\/product_cat?post=109180"},{"taxonomy":"product_tag","embeddable":true,"href":"https:\/\/nimedixmedical.com\/fr\/wp-json\/wp\/v2\/product_tag?post=109180"}],"curies":[{"name":"wp","href":"https:\/\/api.w.org\/{rel}","templated":true}]}}