{"id":109076,"date":"2025-11-30T20:58:20","date_gmt":"2025-11-30T19:58:20","guid":{"rendered":"https:\/\/nimedixmedical.com\/notre-catalogue\/protection-pour-barriere-de-lit-avec-velcro\/"},"modified":"2026-01-12T15:24:26","modified_gmt":"2026-01-12T14:24:26","slug":"protection-pour-barriere-de-lit-avec-velcro","status":"publish","type":"product","link":"https:\/\/nimedixmedical.com\/fr\/notre-catalogue\/protection-pour-barriere-de-lit-avec-velcro\/","title":{"rendered":"Protection pour Barri\u00e8re de Lit avec Velcro"},"content":{"rendered":"<p>La protection pour barri\u00e8re de lit est sp\u00e9cialement con\u00e7ue pour assurer la s\u00e9curit\u00e9 des patients en \u00e9vitant les blessures dues aux chocs contre les bords rigides des lits d&#8217;h\u00f4pital. Adapt\u00e9e \u00e0 un usage m\u00e9dical, elle allie confort et s\u00e9curit\u00e9 pour le bien-\u00eatre des utilisateurs.<\/p>\n<h2>Caract\u00e9ristiques<\/h2>\n<ul>\n<li>Dimensions: 166 x 50 x h 3 cm<\/li>\n<li>Mat\u00e9riau: Mousse de polyur\u00e9thane<\/li>\n<li>Rev\u00eatement ext\u00e9rieur: Non amovible, imperm\u00e9able et ignifuge<\/li>\n<li>Usage: Protection contre les collisions accidentelles<\/li>\n<\/ul>\n<h2>Livraison<\/h2>\n<ul>\n<li><strong>France :<\/strong> Livraison directe.<\/li>\n<li><strong>Export (Europe et Afrique) :<\/strong> Sur devis.<\/li>\n<\/ul>\n","protected":false},"excerpt":{"rendered":"<ul>\n<li>Protection efficace contre les collisions accidentelles.<\/li>\n<li>Mat\u00e9riau en mousse de polyur\u00e9thane offrant un confort optimal.<\/li>\n<li>Rev\u00eatement imperm\u00e9able et ignifuge pour une s\u00e9curit\u00e9 accrue.<\/li>\n<li>Dimensions adapt\u00e9es pour s&#8217;int\u00e9grer \u00e0 la plupart des lits d&#8217;h\u00f4pital.<\/li>\n<\/ul>\n","protected":false},"featured_media":109077,"comment_status":"open","ping_status":"open","template":"","meta":{"inline_featured_image":false},"product_brand":[],"product_cat":[1135,1129,1093],"product_tag":[],"class_list":{"0":"post-109076","1":"product","2":"type-product","3":"status-publish","4":"has-post-thumbnail","6":"product_cat-lits-dhopital","7":"product_cat-lits-dhopital-matelas-tables-de-chevet-et-mobilier","8":"product_cat-mobilier-medical","10":"first","11":"instock","12":"sale","13":"taxable","14":"shipping-taxable","15":"purchasable","16":"product-type-simple"},"_links":{"self":[{"href":"https:\/\/nimedixmedical.com\/fr\/wp-json\/wp\/v2\/product\/109076","targetHints":{"allow":["GET"]}}],"collection":[{"href":"https:\/\/nimedixmedical.com\/fr\/wp-json\/wp\/v2\/product"}],"about":[{"href":"https:\/\/nimedixmedical.com\/fr\/wp-json\/wp\/v2\/types\/product"}],"replies":[{"embeddable":true,"href":"https:\/\/nimedixmedical.com\/fr\/wp-json\/wp\/v2\/comments?post=109076"}],"wp:featuredmedia":[{"embeddable":true,"href":"https:\/\/nimedixmedical.com\/fr\/wp-json\/wp\/v2\/media\/109077"}],"wp:attachment":[{"href":"https:\/\/nimedixmedical.com\/fr\/wp-json\/wp\/v2\/media?parent=109076"}],"wp:term":[{"taxonomy":"product_brand","embeddable":true,"href":"https:\/\/nimedixmedical.com\/fr\/wp-json\/wp\/v2\/product_brand?post=109076"},{"taxonomy":"product_cat","embeddable":true,"href":"https:\/\/nimedixmedical.com\/fr\/wp-json\/wp\/v2\/product_cat?post=109076"},{"taxonomy":"product_tag","embeddable":true,"href":"https:\/\/nimedixmedical.com\/fr\/wp-json\/wp\/v2\/product_tag?post=109076"}],"curies":[{"name":"wp","href":"https:\/\/api.w.org\/{rel}","templated":true}]}}